{"id":100,"date":"2019-06-11T09:04:29","date_gmt":"2019-06-11T09:04:29","guid":{"rendered":"https:\/\/www.kaffeeform.com\/versandarten\/"},"modified":"2025-09-01T14:59:38","modified_gmt":"2025-09-01T12:59:38","slug":"versand","status":"publish","type":"page","link":"https:\/\/www.kaffeeform.com\/de\/versand\/","title":{"rendered":"Versandarten"},"content":{"rendered":"\n\n\t<section class=\"section\" id=\"section_1952152205\">\n\t\t<div class=\"section-bg fill\" >\n\t\t\t\t\t\t\t\t\t\n\t\t\t\n\n\t\t<\/div>\n\n\t\t\n\n\t\t<div class=\"section-content relative\">\n\t\t\t\n\n<div class=\"row row-collapse\"  id=\"row-473097600\">\n\n\n\t<div id=\"col-1284877133\" class=\"col small-12 large-12\"  >\n\t\t\t\t<div class=\"col-inner\"  >\n\t\t\t\n\t\t\t\n\n\n<h1>Bestellung &amp; Versand<\/h1>\n<p>Nach Bestellung erh\u00e4ltst du eine Best\u00e4tigungsmail mit Informationen zu Zahlung, Artikelverf\u00fcgbarkeit und Lieferzeiten. Nach Zahlungseingang wird der Auftrag bearbeitet und f\u00fcr den Versand an die DHL \u00fcbergeben. Nach Versand erh\u00e4ltst du einen Link zur Sendungsverfolgung per E-Mail. Die Regellieferzeit bei voller Warenverf\u00fcgbarkeit betr\u00e4gt innerhalb Deutschlands 2-3 Werktage, innerhalb der EU 3-6 Werktage und au\u00dferhalb der EU 6-12 Werktage. Alle Sendungen sind bis zu einem Wert von 500 Euro versichert.<\/p>\n<table class=\"shipping-cost-table\">\n<thead>\n<tr>\n<td><strong>Versandland<\/strong><\/td>\n<td><strong>Versandkosten<\/strong><\/td>\n<td><strong>Kostenloser Versand<\/strong><\/td>\n<\/tr>\n<\/thead>\n<tbody>\n<tr>\n<td>Deutschland<\/td>\n<td>3,90 \u20ac<\/td>\n<td>ab 50 \u20ac Bestellwert<\/td>\n<\/tr>\n<tr>\n<td colspan=\"3\"><hr \/><\/td>\n<\/tr>\n<tr>\n<td>Europa-L\u00e4ndergruppe \u2160<\/td>\n<td>5,90 \u20ac<\/td>\n<td>ab 100 \u20ac Bestellwert<\/td>\n<\/tr>\n<tr>\n<td colspan=\"3\"><hr \/><\/td>\n<\/tr>\n<tr>\n<td>Europa-L\u00e4ndergruppe \u2160\u2160<\/td>\n<td><span style=\"font-weight: 400;\">9,90 \u20ac<\/span><\/td>\n<td>\u00a0kein kostenloser Versand<\/td>\n<\/tr>\n<tr>\n<td colspan=\"3\"><hr \/><\/td>\n<\/tr>\n<tr>\n<td>\n<p>Internationaler Versand<\/p>\n<\/td>\n<td><span style=\"font-weight: 400;\">bis 0,2 kg: 9,90 \u20ac<\/span><\/td>\n<td>kein kostenloser Versand<\/td>\n<\/tr>\n<tr>\n<td>\u00a0<\/td>\n<td>bis 0,6 kg: 14,90 \u20ac<\/td>\n<td>\u00a0<\/td>\n<\/tr>\n<tr>\n<td>\u00a0<\/td>\n<td>bis 2,4 kg: 40,00 \u20ac<\/td>\n<td>\u00a0<\/td>\n<\/tr>\n<\/tbody>\n<\/table>\n<h2>Aktuell versenden wir an folgende L\u00e4nder<\/h2>\n<ul class=\"no-dash\">\n<li>Deutschland (DHL)<\/li>\n<li>Europa-L\u00e4ndergruppe \u2160 (UPS): <span style=\"font-weight: 400;\">Belgien, D\u00e4nemark, Finnland, Frankreich, Irland, Italien, Luxemburg, Niederlande, Norwegen, Polen, Portugal, Schweden, Schweiz, Slowenien, Spanien,Tschechien, \u00d6sterreich<\/span><\/li>\n<li>Europa-L\u00e4ndergruppe \u2161 (UPS): <span style=\"font-weight: 400;\">Bulgarien, Estland, Griechenland, Lettland, Liechtenstein, Litauen, Malta, Rum\u00e4nien, Slowakei, Ungarn, Vereinigtes K\u00f6nigreich<\/span><\/li>\n<li>Internationaler Versand (DHL Premium): <span style=\"font-weight: 400;\">China, Japan, S\u00fcdkorea, Vereinigte Arabische Emirate, Saudi.Arabien, Kanada, Mexiko, Australien, Georgien, \u00c4gypten, T\u00fcrkei, Israel, Singapur, Oman, Kuwait, Indonesien, Vietnam, Hongkong, Brasilien\u00a0<\/span><\/li>\n<\/ul>\n<h2>Zoll<\/h2>\n<p>Bei Lieferungen in das Nicht-EU-Ausland k\u00f6nnen zus\u00e4tzliche Z\u00f6lle, Steuern und Geb\u00fchren anfallen. Diese Kosten muss der K\u00e4ufer tragen.<\/p>\n<h2>Retouren<\/h2>\n<p>Kaffeeform Produkte sollen als robuste und langlebige Begleiter lange Freude machen. Solltest du jedoch einmal nicht zufrieden sein, kannst du deine Bestellung zur\u00fcckschicken. Schicke uns dazu eine kurze Nachricht an service@kaffeeform.com, wir lassen dir Retourenschein und R\u00fccksendelabel zukommen. Bitte lege den ausgef\u00fcllten Retourenschein der Sendung bei, klebe das R\u00fccksendelabel auf das Paket und schicke das Paket \u00fcber den Versanddienstleister an uns zur\u00fcck. Nach vollst\u00e4ndigem R\u00fcckerhalt der Bestellung erstatten wir den vollen Kaufbetrag zur\u00fcck. Falls die Zahlung per Bank\u00fcberweisung erfolgt ist ben\u00f6tigen wir f\u00fcr die R\u00fcckerstattung die genauen Bankangaben (IBAN).<\/p>\n<p><b>Internationale &amp; EU Retouren: <\/b>Die Kosten f\u00fcr Retouren au\u00dferhalb Deutschlands m\u00fcssen vom Kunden getragen werden. Kennzeichne das Paket bitte deutlich als \u201eKundenr\u00fccksendung\u201c andernfalls werden f\u00fcr die R\u00fccksendung Einfuhrz\u00f6lle erhoben und diese Geb\u00fchr wird von deiner R\u00fcckerstattung abgezogen.<\/p>\n\n\n\t\t<\/div>\n\t\t\t\t\n<style>\n#col-1284877133 > .col-inner {\n  padding: 80px 20px 30px 20px;\n}\n@media (min-width:550px) {\n  #col-1284877133 > .col-inner {\n    padding: 95px 30px 45px 30px;\n  }\n}\n@media (min-width:850px) {\n  #col-1284877133 > .col-inner {\n    padding: 120px 40px 60px 40px;\n  }\n}\n<\/style>\n\t<\/div>\n\n\t\n\n<\/div>\n\n\t\t<\/div>\n\n\t\t\n<style>\n#section_1952152205 {\n  padding-top: 0px;\n  padding-bottom: 0px;\n  background-color: rgb(255, 208, 182);\n}\n<\/style>\n\t<\/section>\n\t\n\n","protected":false},"excerpt":{"rendered":"","protected":false},"author":1,"featured_media":146523,"parent":0,"menu_order":0,"comment_status":"closed","ping_status":"closed","template":"page-blank.php","meta":{"_acf_changed":false,"footnotes":""},"class_list":["post-100","page","type-page","status-publish","has-post-thumbnail","hentry"],"acf":[],"_links":{"self":[{"href":"https:\/\/www.kaffeeform.com\/de\/wp-json\/wp\/v2\/pages\/100","targetHints":{"allow":["GET"]}}],"collection":[{"href":"https:\/\/www.kaffeeform.com\/de\/wp-json\/wp\/v2\/pages"}],"about":[{"href":"https:\/\/www.kaffeeform.com\/de\/wp-json\/wp\/v2\/types\/page"}],"author":[{"embeddable":true,"href":"https:\/\/www.kaffeeform.com\/de\/wp-json\/wp\/v2\/users\/1"}],"replies":[{"embeddable":true,"href":"https:\/\/www.kaffeeform.com\/de\/wp-json\/wp\/v2\/comments?post=100"}],"version-history":[{"count":60,"href":"https:\/\/www.kaffeeform.com\/de\/wp-json\/wp\/v2\/pages\/100\/revisions"}],"predecessor-version":[{"id":178113,"href":"https:\/\/www.kaffeeform.com\/de\/wp-json\/wp\/v2\/pages\/100\/revisions\/178113"}],"wp:featuredmedia":[{"embeddable":true,"href":"https:\/\/www.kaffeeform.com\/de\/wp-json\/wp\/v2\/media\/146523"}],"wp:attachment":[{"href":"https:\/\/www.kaffeeform.com\/de\/wp-json\/wp\/v2\/media?parent=100"}],"curies":[{"name":"wp","href":"https:\/\/api.w.org\/{rel}","templated":true}]}}