{"id":139460,"date":"2021-10-22T02:03:48","date_gmt":"2021-10-22T00:03:48","guid":{"rendered":"https:\/\/www.kaffeeform.com\/?page_id=139460"},"modified":"2026-02-10T12:17:29","modified_gmt":"2026-02-10T11:17:29","slug":"unsere-produkte-aus-recyceltem-kaffeesatz-i-shop","status":"publish","type":"page","link":"https:\/\/www.kaffeeform.com\/de\/unsere-produkte-aus-recyceltem-kaffeesatz-i-shop\/","title":{"rendered":"Shop"},"content":{"rendered":"\n\n\t<section class=\"section\" id=\"section_1898637333\">\n\t\t<div class=\"section-bg fill\" >\n\t\t\t\t\t\t\t\t\t\n\t\t\t\n\n\t\t<\/div>\n\n\t\t\n\n\t\t<div class=\"section-content relative\">\n\t\t\t\n\n\n  <div class=\"banner has-hover\" id=\"banner-1044699919\">\n          <div class=\"banner-inner fill\">\n        <div class=\"banner-bg fill\" >\n            <img loading=\"lazy\" decoding=\"async\" width=\"1800\" height=\"2400\" src=\"https:\/\/www.kaffeeform.com\/wp-content\/uploads\/2021\/10\/MMH_Kaffeeform_Fin_Webres-23.jpg\" class=\"bg attachment-original size-original\" alt=\"\" \/>                                    \n                    <\/div>\n\t\t\n        <div class=\"banner-layers container\">\n            <div class=\"fill banner-link\"><\/div>            \n\n   <div id=\"text-box-1133761835\" class=\"text-box banner-layer x50 md-x50 lg-x50 y50 md-y50 lg-y50 res-text\">\n                                <div class=\"text-box-content text dark\">\n              \n              <div class=\"text-inner text-center\">\n                  \n\n\n              <\/div>\n           <\/div>\n                            \n<style>\n#text-box-1133761835 .text-inner {\n  padding: 30px 20px 0px 20px;\n}\n#text-box-1133761835 {\n  width: 100%;\n}\n#text-box-1133761835 .text-box-content {\n  font-size: 100%;\n}\n@media (min-width:550px) {\n  #text-box-1133761835 .text-inner {\n    padding: 30px 0px 0px 0px;\n  }\n  #text-box-1133761835 {\n    width: 60%;\n  }\n}\n<\/style>\n    <\/div>\n \n\n        <\/div>\n      <\/div>\n\n            \n<style>\n#banner-1044699919 {\n  padding-top: 99.99%;\n}\n#banner-1044699919 .banner-bg img {\n  object-position: 74% 30%;\n}\n@media (min-width:550px) {\n  #banner-1044699919 {\n    padding-top: 20%;\n  }\n}\n<\/style>\n  <\/div>\n\n\n\n\t\t<\/div>\n\n\t\t\n<style>\n#section_1898637333 {\n  padding-top: 0px;\n  padding-bottom: 0px;\n}\n<\/style>\n\t<\/section>\n\t\n\n\t<section class=\"section\" id=\"section_925713498\">\n\t\t<div class=\"section-bg fill\" >\n\t\t\t\t\t\t\t\t\t\n\t\t\t\n\n\t\t<\/div>\n\n\t\t\n\n\t\t<div class=\"section-content relative\">\n\t\t\t\n\n<div class=\"row row-collapse row-full-width\"  id=\"row-1944158669\">\n\n\n\t<div id=\"col-255638325\" class=\"col medium-6 small-12 large-6\"  >\n\t\t\t\t<div class=\"col-inner\"  >\n\t\t\t\n\t\t\t\n\n\n  <div class=\"banner has-hover bg-zoom\" id=\"banner-532372052\">\n          <div class=\"banner-inner fill\">\n        <div class=\"banner-bg fill\" >\n            <img loading=\"lazy\" decoding=\"async\" width=\"2000\" height=\"2000\" src=\"https:\/\/www.kaffeeform.com\/wp-content\/uploads\/2025\/05\/Instagram-Post-Coffee-Weducer_06.jpg\" class=\"bg attachment-original size-original\" alt=\"\" \/>                        <div class=\"overlay\"><\/div>            \n                    <\/div>\n\t\t\n        <div class=\"banner-layers container\">\n            <div class=\"fill banner-link\"><\/div>            \n\n   <div id=\"text-box-2111110968\" class=\"text-box banner-layer x50 md-x50 lg-x50 y0 md-y0 lg-y0 res-text\">\n                                <div class=\"text-box-content text dark\">\n              \n              <div class=\"text-inner text-left\">\n                  \n\n\t<div id=\"text-3673939607\" class=\"text\">\n\t\t\n\n<h2>Weducer Cup<\/h2>\n<p>Unser doppelwandiger Premium-Mehrwegbecher mit recyceltem Kaffeesatz.<br \/>Erh\u00e4ltlich in zwei Gr\u00f6\u00dfen und vier sch\u00f6nen Farbkombinationen.<\/p>\n<h5>ab 18,90 \u20ac<\/h5>\n\t\t\n<style>\n#text-3673939607 {\n  color: rgb(255, 255, 255);\n}\n#text-3673939607 > * {\n  color: rgb(255, 255, 255);\n}\n<\/style>\n\t<\/div>\n\t\n<a href=\"https:\/\/www.kaffeeform.com\/de\/shop\/weducer-cup-refined\/\" class=\"button white is-outline\"  >\n\t\t<span>Jetzt bestellen<\/span>\n\t<\/a>\n\n\n\n              <\/div>\n           <\/div>\n                            \n<style>\n#text-box-2111110968 .text-inner {\n  padding: 30px 20px 30px 20px;\n}\n#text-box-2111110968 {\n  width: 100%;\n}\n#text-box-2111110968 .text-box-content {\n  font-size: 100%;\n}\n@media (min-width:550px) {\n  #text-box-2111110968 .text-inner {\n    padding: 45px 30px 45px 30px;\n  }\n}\n@media (min-width:850px) {\n  #text-box-2111110968 .text-inner {\n    padding: 60px 40px 70px 40px;\n  }\n}\n<\/style>\n    <\/div>\n \n\n        <\/div>\n      <\/div>\n\n            \n<style>\n#banner-532372052 {\n  padding-top: 150%;\n}\n#banner-532372052 .overlay {\n  background-color: rgba(0, 0, 0, 0.2);\n}\n@media (min-width:550px) {\n  #banner-532372052 {\n    padding-top: 111%;\n  }\n}\n<\/style>\n  <\/div>\n\n\n\n\t\t<\/div>\n\t\t\t\t\t<\/div>\n\n\t\n\n\t<div id=\"col-691605794\" class=\"col medium-6 small-12 large-6\"  >\n\t\t\t\t<div class=\"col-inner\"  >\n\t\t\t\n\t\t\t\n\n\n  <div class=\"banner has-hover bg-zoom\" id=\"banner-2095178553\">\n          <div class=\"banner-inner fill\">\n        <div class=\"banner-bg fill\" >\n            <img loading=\"lazy\" decoding=\"async\" width=\"2400\" height=\"1800\" src=\"https:\/\/www.kaffeeform.com\/wp-content\/uploads\/2021\/12\/MMH_Kaffeeform_Fin_Webres-6-V2-2.jpg\" class=\"bg attachment-original size-original\" alt=\"Kaffeeform Weducer Cup Essential in cayenne, cardamom &amp; nutmeg\" \/>                                    \n                    <\/div>\n\t\t\n        <div class=\"banner-layers container\">\n            <div class=\"fill banner-link\"><\/div>            \n\n   <div id=\"text-box-240735030\" class=\"text-box banner-layer x50 md-x50 lg-x50 y0 md-y0 lg-y0 res-text\">\n                                <div class=\"text-box-content text dark\">\n              \n              <div class=\"text-inner text-left\">\n                  \n\n\t<div id=\"text-1298623931\" class=\"text\">\n\t\t\n\n<h2>Weducer Cup<br \/>Essential<\/h2>\n<p>Unser minimalistischer Mehrwegbecher mit recycelten Holzfasern.<br \/>Erh\u00e4ltlich in drei sch\u00f6nen Farbvarianten.<\/p>\n<h5>17,90 \u20ac<\/h5>\n\t\t\n<style>\n#text-1298623931 {\n  color: rgb(255, 255, 255);\n}\n#text-1298623931 > * {\n  color: rgb(255, 255, 255);\n}\n<\/style>\n\t<\/div>\n\t\n<a href=\"https:\/\/www.kaffeeform.com\/de\/shop\/weducer-cup-essential-color\/\" class=\"button white is-outline\"  >\n\t\t<span>Jetzt bestellen<\/span>\n\t<\/a>\n\n\n\n              <\/div>\n           <\/div>\n                            \n<style>\n#text-box-240735030 .text-inner {\n  padding: 30px 20px 30px 20px;\n}\n#text-box-240735030 {\n  width: 100%;\n}\n#text-box-240735030 .text-box-content {\n  font-size: 100%;\n}\n@media (min-width:550px) {\n  #text-box-240735030 .text-inner {\n    padding: 45px 30px 45px 30px;\n  }\n}\n@media (min-width:850px) {\n  #text-box-240735030 .text-inner {\n    padding: 60px 40px 70px 40px;\n  }\n}\n<\/style>\n    <\/div>\n \n\n        <\/div>\n      <\/div>\n\n            \n<style>\n#banner-2095178553 {\n  padding-top: 150%;\n}\n#banner-2095178553 .banner-bg img {\n  object-position: 42% 11%;\n}\n@media (min-width:550px) {\n  #banner-2095178553 {\n    padding-top: 111%;\n  }\n}\n<\/style>\n  <\/div>\n\n\n\n\t\t<\/div>\n\t\t\t\t\t<\/div>\n\n\t\n\n\t<div id=\"col-2031092720\" class=\"col medium-6 small-12 large-6\"  >\n\t\t\t\t<div class=\"col-inner\"  >\n\t\t\t\n\t\t\t\n\n\n  <div class=\"banner has-hover bg-zoom\" id=\"banner-926742357\">\n          <div class=\"banner-inner fill\">\n        <div class=\"banner-bg fill\" >\n            <img loading=\"lazy\" decoding=\"async\" width=\"2400\" height=\"2400\" src=\"https:\/\/www.kaffeeform.com\/wp-content\/uploads\/2025\/12\/wirBerlin_Weducer_Cup_350ml_CoffeeCardamom_CupCapSet-quadrat-scaled.jpeg\" class=\"bg attachment-original size-original\" alt=\"\" \/>                        <div class=\"overlay\"><\/div>            \n                    <\/div>\n\t\t\n        <div class=\"banner-layers container\">\n            <div class=\"fill banner-link\"><\/div>            \n\n   <div id=\"text-box-749255704\" class=\"text-box banner-layer x50 md-x50 lg-x50 y0 md-y0 lg-y0 res-text\">\n                                <div class=\"text-box-content text dark\">\n              \n              <div class=\"text-inner text-left\">\n                  \n\n\t<div id=\"text-658437941\" class=\"text\">\n\t\t\n\n<h2>Weducer Cup SPREE-EDITION<\/h2>\n<p>Special Edition unseres Premium-Mehrwegbechers.<br \/>Eine Kooperation mit der gemeinn\u00fctzigen Initiative wirBERLIN und ALLES IM FLUSS.<\/p>\n<h5>25,00 \u20ac<\/h5>\n\t\t\n<style>\n#text-658437941 {\n  color: rgb(255, 255, 255);\n}\n#text-658437941 > * {\n  color: rgb(255, 255, 255);\n}\n<\/style>\n\t<\/div>\n\t\n<a href=\"https:\/\/www.kaffeeform.com\/de\/shop\/weducer-cup-spree-edition\/\" class=\"button white is-outline\"  >\n\t\t<span>Jetzt bestellen<\/span>\n\t<\/a>\n\n\n\n              <\/div>\n           <\/div>\n                            \n<style>\n#text-box-749255704 .text-inner {\n  padding: 30px 20px 30px 20px;\n}\n#text-box-749255704 {\n  width: 100%;\n}\n#text-box-749255704 .text-box-content {\n  font-size: 100%;\n}\n@media (min-width:550px) {\n  #text-box-749255704 .text-inner {\n    padding: 45px 30px 45px 30px;\n  }\n}\n@media (min-width:850px) {\n  #text-box-749255704 .text-inner {\n    padding: 60px 40px 70px 40px;\n  }\n}\n<\/style>\n    <\/div>\n \n\n        <\/div>\n      <\/div>\n\n            \n<style>\n#banner-926742357 {\n  padding-top: 150%;\n}\n#banner-926742357 .overlay {\n  background-color: rgba(0, 0, 0, 0.2);\n}\n@media (min-width:550px) {\n  #banner-926742357 {\n    padding-top: 111%;\n  }\n}\n<\/style>\n  <\/div>\n\n\n\n\t\t<\/div>\n\t\t\t\t\t<\/div>\n\n\t\n\n\t<div id=\"col-598431358\" class=\"col medium-6 small-12 large-6\"  >\n\t\t\t\t<div class=\"col-inner\"  >\n\t\t\t\n\t\t\t\n\n\n  <div class=\"banner has-hover bg-zoom\" id=\"banner-1231554737\">\n          <div class=\"banner-inner fill\">\n        <div class=\"banner-bg fill\" >\n            <img loading=\"lazy\" decoding=\"async\" width=\"1958\" height=\"2000\" src=\"https:\/\/www.kaffeeform.com\/wp-content\/uploads\/2025\/03\/KF-Tray_Coffee_25_S.jpg\" class=\"bg attachment-original size-original\" alt=\"\" \/>                        <div class=\"overlay\"><\/div>            \n                    <\/div>\n\t\t\n        <div class=\"banner-layers container\">\n            <div class=\"fill banner-link\"><\/div>            \n\n   <div id=\"text-box-1564863628\" class=\"text-box banner-layer x50 md-x50 lg-x50 y0 md-y0 lg-y0 res-text\">\n                                <div class=\"text-box-content text dark\">\n              \n              <div class=\"text-inner text-left\">\n                  \n\n\t<div id=\"text-2016539931\" class=\"text\">\n\t\t\n\n<h2>Tray<\/h2>\n<p>Stilvolles Tablett und Accessoire f\u00fcr die vielen kleinen Dinge des Alltags.<br \/>Erh\u00e4ltlich in vier sch\u00f6nen Farbvarianten.<\/p>\n<h5>12,90 \u20ac<\/h5>\n\t\t\n<style>\n#text-2016539931 {\n  color: rgb(255, 255, 255);\n}\n#text-2016539931 > * {\n  color: rgb(255, 255, 255);\n}\n<\/style>\n\t<\/div>\n\t\n<a href=\"https:\/\/www.kaffeeform.com\/de\/shop\/tray\/\" class=\"button white is-outline\"  >\n\t\t<span>Jetzt bestellen<\/span>\n\t<\/a>\n\n\n\n              <\/div>\n           <\/div>\n                            \n<style>\n#text-box-1564863628 .text-inner {\n  padding: 30px 20px 30px 20px;\n}\n#text-box-1564863628 {\n  width: 100%;\n}\n#text-box-1564863628 .text-box-content {\n  font-size: 100%;\n}\n@media (min-width:550px) {\n  #text-box-1564863628 .text-inner {\n    padding: 45px 30px 45px 30px;\n  }\n}\n@media (min-width:850px) {\n  #text-box-1564863628 .text-inner {\n    padding: 60px 40px 70px 40px;\n  }\n}\n<\/style>\n    <\/div>\n \n\n        <\/div>\n      <\/div>\n\n            \n<style>\n#banner-1231554737 {\n  padding-top: 150%;\n}\n#banner-1231554737 .overlay {\n  background-color: rgba(0, 0, 0, 0.2);\n}\n@media (min-width:550px) {\n  #banner-1231554737 {\n    padding-top: 111%;\n  }\n}\n<\/style>\n  <\/div>\n\n\n\n\t\t<\/div>\n\t\t\t\t\t<\/div>\n\n\t\n\n<\/div>\n\n  <div class=\"banner has-hover\" id=\"banner-2066495743\">\n          <div class=\"banner-inner fill\">\n        <div class=\"banner-bg fill\" >\n                                                \n                    <\/div>\n\t\t\n        <div class=\"banner-layers container\">\n            <div class=\"fill banner-link\"><\/div>            \n\n   <div id=\"text-box-59192998\" class=\"text-box banner-layer x50 md-x50 lg-x50 y50 md-y50 lg-y50 res-text\">\n                                <div class=\"text-box-content text dark\">\n              \n              <div class=\"text-inner text-center\">\n                  \n\n<h4 class=\"lead\"><span style=\"color: #c0c0c0;\">Ersatzteile ben\u00f6tigt?<\/span><br \/><span style=\"color: #c0c0c0; font-size: 75%;\">Schreib uns kurz was fehlt und wir helfen schnell weiter<\/span><\/h4>\n<a class=\"button secondary open-contact-form-de\"  style=\"border-radius:99px;\">\n\t\t<span>Kontaktieren<\/span>\n\t<\/a>\n\n\n\n              <\/div>\n           <\/div>\n                            \n<style>\n#text-box-59192998 {\n  width: 60%;\n}\n#text-box-59192998 .text-box-content {\n  font-size: 100%;\n}\n<\/style>\n    <\/div>\n \n\n        <\/div>\n      <\/div>\n\n            \n<style>\n#banner-2066495743 {\n  padding-top: 250px;\n  background-color: rgb(70, 48, 33);\n}\n<\/style>\n  <\/div>\n\n\n\n\t\t<\/div>\n\n\t\t\n<style>\n#section_925713498 {\n  padding-top: 0px;\n  padding-bottom: 0px;\n  background-color: rgb(247, 205, 182);\n}\n<\/style>\n\t<\/section>\n\t\n\n","protected":false},"excerpt":{"rendered":"","protected":false},"author":1,"featured_media":0,"parent":0,"menu_order":0,"comment_status":"closed","ping_status":"closed","template":"page-blank.php","meta":{"_acf_changed":false,"footnotes":""},"class_list":["post-139460","page","type-page","status-publish","hentry"],"acf":[],"_links":{"self":[{"href":"https:\/\/www.kaffeeform.com\/de\/wp-json\/wp\/v2\/pages\/139460","targetHints":{"allow":["GET"]}}],"collection":[{"href":"https:\/\/www.kaffeeform.com\/de\/wp-json\/wp\/v2\/pages"}],"about":[{"href":"https:\/\/www.kaffeeform.com\/de\/wp-json\/wp\/v2\/types\/page"}],"author":[{"embeddable":true,"href":"https:\/\/www.kaffeeform.com\/de\/wp-json\/wp\/v2\/users\/1"}],"replies":[{"embeddable":true,"href":"https:\/\/www.kaffeeform.com\/de\/wp-json\/wp\/v2\/comments?post=139460"}],"version-history":[{"count":133,"href":"https:\/\/www.kaffeeform.com\/de\/wp-json\/wp\/v2\/pages\/139460\/revisions"}],"predecessor-version":[{"id":178596,"href":"https:\/\/www.kaffeeform.com\/de\/wp-json\/wp\/v2\/pages\/139460\/revisions\/178596"}],"wp:attachment":[{"href":"https:\/\/www.kaffeeform.com\/de\/wp-json\/wp\/v2\/media?parent=139460"}],"curies":[{"name":"wp","href":"https:\/\/api.w.org\/{rel}","templated":true}]}}