{"id":146,"date":"2019-06-14T14:19:35","date_gmt":"2019-06-14T14:19:35","guid":{"rendered":"https:\/\/www.kaffeeform.com\/?page_id=146"},"modified":"2023-08-10T11:42:37","modified_gmt":"2023-08-10T09:42:37","slug":"b2b","status":"publish","type":"page","link":"https:\/\/www.kaffeeform.com\/de\/b2b\/","title":{"rendered":"B2B"},"content":{"rendered":"\n\n\t<section class=\"section\" id=\"section_397032316\">\n\t\t<div class=\"section-bg fill\" >\n\t\t\t\t\t\t\t\t\t\n\t\t\t\n\n\t\t<\/div>\n\n\t\t\n\n\t\t<div class=\"section-content relative\">\n\t\t\t\n\n\n  <div class=\"banner has-hover\" id=\"banner-1718570756\">\n          <div class=\"banner-inner fill\">\n        <div class=\"banner-bg fill\" >\n            <img loading=\"lazy\" decoding=\"async\" width=\"2000\" height=\"1335\" src=\"https:\/\/www.kaffeeform.com\/wp-content\/uploads\/2022\/03\/Kaffeeform-Cups-in-der-Verpackung.jpg\" class=\"bg attachment-original size-original\" alt=\"\" \/>                                    \n                    <\/div>\n\t\t\n        <div class=\"banner-layers container\">\n            <div class=\"fill banner-link\"><\/div>            \n\n   <div id=\"text-box-108987809\" class=\"text-box banner-layer x50 md-x50 lg-x50 y50 md-y50 lg-y50 res-text\">\n                                <div class=\"text-box-content text dark\">\n              \n              <div class=\"text-inner text-center\">\n                  \n\n<h1 style=\"margin-bottom: .5em;\"><span style=\"color: #ffd0b6;\">Let&#8217;s talk business.<\/span><\/h1>\n<a href=\"#retailer-werden\" class=\"button white is-outline background-001\"  >\n\t\t<span>Retailer werden<\/span>\n\t<\/a>\n\n\n<a href=\"#branding-anfragen\" class=\"button white is-outline background-001\"  >\n\t\t<span>Branding anfragen<\/span>\n\t<\/a>\n\n\n\n              <\/div>\n           <\/div>\n                            \n<style>\n#text-box-108987809 .text-inner {\n  padding: 30px 0px 0px 0px;\n}\n#text-box-108987809 {\n  width: 60%;\n}\n#text-box-108987809 .text-box-content {\n  font-size: 100%;\n}\n<\/style>\n    <\/div>\n \n\n        <\/div>\n      <\/div>\n\n            \n<style>\n#banner-1718570756 {\n  padding-top: 480px;\n}\n#banner-1718570756 .banner-bg img {\n  object-position: 0% 100%;\n}\n<\/style>\n  <\/div>\n\n\n\n\t\t<\/div>\n\n\t\t\n<style>\n#section_397032316 {\n  padding-top: 0px;\n  padding-bottom: 0px;\n}\n<\/style>\n\t<\/section>\n\t\n\n\t<section class=\"section\" id=\"section_1842428324\">\n\t\t<div class=\"section-bg fill\" >\n\t\t\t\t\t\t\t\t\t\n\t\t\t\n\n\t\t<\/div>\n\n\t\t\n\n\t\t<div class=\"section-content relative\">\n\t\t\t\n\n<div class=\"row align-center\"  id=\"row-451875421\">\n\n\n\t<div id=\"col-566021028\" class=\"col medium-8 small-12 large-8\"  >\n\t\t\t\t<div class=\"col-inner text-center dark\"  >\n\t\t\t\n\t\t\t\n\n<p class=\"h7 \" style=\"text-align: center;\"><span style=\"color: #ffd0b6;\"><span style=\"font-weight: 400;\"><br \/><\/span><span style=\"font-weight: 400;\">Seit 2017 arbeiten wir mit Caf\u00e9s, (Online-)Shops und Firmenkund*innen in der ganzen EU zusammen und setzen uns gemeinsam f\u00fcr eine sinnstiftende Art des Unternehmertums ein \u2013 f\u00fcr Menschen und Planeten.<\/span><br \/><\/span><\/p>\n<a class=\"button white is-outline off-canvas-b2b background-001 no-margin\"  >\n\t\t<span>Unsere Konditionen<\/span>\n\t<\/a>\n\n\n\n\t\t<\/div>\n\t\t\t\t\n<style>\n#col-566021028 > .col-inner {\n  margin: 0px 0px -30px 0px;\n}\n<\/style>\n\t<\/div>\n\n\t\n\n<\/div>\n\n\t\t<\/div>\n\n\t\t\n<style>\n#section_1842428324 {\n  padding-top: 30px;\n  padding-bottom: 30px;\n  background-color: rgb(48, 40, 35);\n}\n@media (min-width:550px) {\n  #section_1842428324 {\n    padding-top: 45px;\n    padding-bottom: 45px;\n  }\n}\n@media (min-width:850px) {\n  #section_1842428324 {\n    padding-top: 60px;\n    padding-bottom: 60px;\n  }\n}\n<\/style>\n\t<\/section>\n\t\n\n\n\t<section class=\"section\" id=\"section_14272003\">\n\t\t<div class=\"section-bg fill\" >\n\t\t\t\t\t\t\t\t\t\n\t\t\t\n\n\t\t<\/div>\n\n\t\t\n\n\t\t<div class=\"section-content relative\">\n\t\t\t\n\n<div class=\"row row-collapse row-full-width align-equal\"  id=\"row-1961386116\">\n\n\n\t<div id=\"col-1936085180\" class=\"col medium-6 small-12 large-6 small-col-first\"  >\n\t\t\t\t<div class=\"col-inner text-left\" style=\"background-color:rgb(255, 208, 182);\" >\n\t\t\t\n\t\t\t\n\n<span class=\"scroll-to\" data-label=\"Scroll to: #retailer-werden\" data-bullet=\"false\" data-link=\"#retailer-werden\" data-title=\"Retailer werden\" ><a name=\"retailer-werden\"><\/a><\/span>\n\n\t<div id=\"gap-590083183\" class=\"gap-element clearfix\" style=\"display:block; height:auto;\">\n\t\t\n<style>\n#gap-590083183 {\n  padding-top: 30px;\n}\n@media (min-width:550px) {\n  #gap-590083183 {\n    padding-top: 45px;\n  }\n}\n@media (min-width:850px) {\n  #gap-590083183 {\n    padding-top: 60px;\n  }\n}\n<\/style>\n\t<\/div>\n\t\n\n\t<div id=\"text-1804357931\" class=\"text\">\n\t\t\n\n<h2 style=\"margin-bottom: 1em;\">Shops &amp; Caf\u00e9s<\/h2>\n<p><span style=\"font-weight: 400;\">Mit unseren Produkten im Sortiment zeigst du Pioniergeist und kannst die wachsende Nachfrage nach nachhaltigen, smarten Alltagsprodukten auf spannender Weise bedienen.<\/span><\/p>\n<p><span style=\"font-weight: 400;\">Bewirb dich als Kaffeeform H\u00e4ndler*in und erhalte Zugang zu unserem B2B-Bereich, wo du Preise und Mengenstaffeln einsehen und unsere Produkte direkt online bestellen kannst.<\/span><\/p>\n<p>Los geht\u2019s \u2013 werde Teil der Kaffeeform Welt.<\/p>\n\t\t\n<style>\n#text-1804357931 {\n  text-align: left;\n}\n<\/style>\n\t<\/div>\n\t\n\t<div id=\"gap-1184217152\" class=\"gap-element clearfix\" style=\"display:block; height:auto;\">\n\t\t\n<style>\n#gap-1184217152 {\n  padding-top: 15px;\n}\n@media (min-width:550px) {\n  #gap-1184217152 {\n    padding-top: 30px;\n  }\n}\n<\/style>\n\t<\/div>\n\t\n\n\n\t\t<\/div>\n\t\t\t\t\n<style>\n#col-1936085180 > .col-inner {\n  padding: 0px 20px 0px 20px;\n}\n@media (min-width:550px) {\n  #col-1936085180 > .col-inner {\n    padding: 0px 30px 0px 30px;\n  }\n}\n@media (min-width:850px) {\n  #col-1936085180 > .col-inner {\n    padding: 0 40px 0px 40px;\n  }\n}\n<\/style>\n\t<\/div>\n\n\t\n\n\t<div id=\"col-587027245\" class=\"col medium-6 small-12 large-6\"  >\n\t\t\t\t<div class=\"col-inner text-center\" style=\"background-color:rgb(254, 229, 216);\" >\n\t\t\t\n\t\t\t\n\n<span class=\"scroll-to\" data-label=\"Scroll to: #branding-anfragen\" data-bullet=\"false\" data-link=\"#branding-anfragen\" data-title=\"Branding anfrage\" ><a name=\"branding-anfragen\"><\/a><\/span>\n\n\t<div id=\"gap-947371418\" class=\"gap-element clearfix\" style=\"display:block; height:auto;\">\n\t\t\n<style>\n#gap-947371418 {\n  padding-top: 30px;\n}\n@media (min-width:550px) {\n  #gap-947371418 {\n    padding-top: 45px;\n  }\n}\n@media (min-width:850px) {\n  #gap-947371418 {\n    padding-top: 60px;\n  }\n}\n<\/style>\n\t<\/div>\n\t\n\n\t<div id=\"text-3365232510\" class=\"text\">\n\t\t\n\n<h2 style=\"margin-bottom: 1em;\">Mit Logo-Branding<\/h2>\n<p><span style=\"font-weight: 400;\">Dein Logo auf Kaffeeform Produkten? Ja, klar!<\/span><\/p>\n<p><span style=\"font-weight: 400;\">Wir erstellen f\u00fcr Firmen, Caf\u00e9s und Shops personalisierte Editionen. Ein innovatives Aush\u00e4ngeschild oder besonderes Geschenk f\u00fcr Kund*innen, Mitarbeitende und Partner.<\/span><\/p>\n<p><span style=\"font-weight: 400;\">Eine individuelle Edition unserer innovativen Produkte verst\u00e4rkt die Kundenbindung und zeigt ein Bewusstsein f\u00fcr Nachhaltigkeit und wichtige Themen unserer Zeit.\u00a0<\/span><\/p>\n<p>Frag&#8216; uns unverbindlich an und \u00fcberzeug&#8216; dich von selbst.<\/p>\n\t\t\n<style>\n#text-3365232510 {\n  text-align: left;\n}\n<\/style>\n\t<\/div>\n\t\n\t<div id=\"gap-912744526\" class=\"gap-element clearfix\" style=\"display:block; height:auto;\">\n\t\t\n<style>\n#gap-912744526 {\n  padding-top: 15px;\n}\n@media (min-width:550px) {\n  #gap-912744526 {\n    padding-top: 30px;\n  }\n}\n<\/style>\n\t<\/div>\n\t\n\n\n\t\t<\/div>\n\t\t\t\t\n<style>\n#col-587027245 > .col-inner {\n  padding: 0px 20px 0px 20px;\n}\n@media (min-width:550px) {\n  #col-587027245 > .col-inner {\n    padding: 0px 40px 0px 30px;\n  }\n}\n@media (min-width:850px) {\n  #col-587027245 > .col-inner {\n    padding: 0 40px 0px 40px;\n  }\n}\n<\/style>\n\t<\/div>\n\n\t\n\n\t<div id=\"col-803103497\" class=\"col medium-6 small-12 large-6 small-col-first\"  >\n\t\t\t\t<div class=\"col-inner text-center\" style=\"background-color:rgb(255, 208, 182);\" >\n\t\t\t\n\t\t\t\n\n<a href=\"https:\/\/www.kaffeeform.com\/de\/b2b\/geschaeftskunden-bewerbung\/\" class=\"button primary no-margin\"  >\n\t\t<span>Retailer werden<\/span>\n\t<\/a>\n\n\n\n\t\t<\/div>\n\t\t\t\t\n<style>\n#col-803103497 > .col-inner {\n  padding: 0px 20px 30px 20px;\n}\n@media (min-width:550px) {\n  #col-803103497 > .col-inner {\n    padding: 0px 30px 45px 30px;\n  }\n}\n@media (min-width:850px) {\n  #col-803103497 > .col-inner {\n    padding: 0 40px 60px 40px;\n  }\n}\n<\/style>\n\t<\/div>\n\n\t\n\n\t<div id=\"col-1635039779\" class=\"col medium-6 small-12 large-6\"  >\n\t\t\t\t<div class=\"col-inner text-center\" style=\"background-color:rgb(254, 229, 216);\" >\n\t\t\t\n\t\t\t\n\n<a href=\"https:\/\/www.kaffeeform.com\/de\/b2b\/branding-anfrage\/\" class=\"button primary no-margin\"  >\n\t\t<span>Branding anfragen<\/span>\n\t<\/a>\n\n\n\n\t\t<\/div>\n\t\t\t\t\n<style>\n#col-1635039779 > .col-inner {\n  padding: 0px 20px 30px 20px;\n}\n@media (min-width:550px) {\n  #col-1635039779 > .col-inner {\n    padding: 0px 30px 45px 30px;\n  }\n}\n@media (min-width:850px) {\n  #col-1635039779 > .col-inner {\n    padding: 0 40px 60px 40px;\n  }\n}\n<\/style>\n\t<\/div>\n\n\t\n\n<\/div>\n\n\t\t<\/div>\n\n\t\t\n<style>\n#section_14272003 {\n  padding-top: 0px;\n  padding-bottom: 0px;\n}\n<\/style>\n\t<\/section>\n\t\n\n\t<section class=\"section\" id=\"section_259058334\">\n\t\t<div class=\"section-bg fill\" >\n\t\t\t\t\t\t\t\t\t\n\t\t\t\n\n\t\t<\/div>\n\n\t\t\n\n\t\t<div class=\"section-content relative\">\n\t\t\t\n\n<div class=\"row align-center\"  id=\"row-381580155\">\n\n\n\t<div id=\"col-1662082110\" class=\"col medium-10 small-12 large-8\"  >\n\t\t\t\t<div class=\"col-inner\"  >\n\t\t\t\n\t\t\t\n\n\t<div id=\"text-37722930\" class=\"text\">\n\t\t\n\n<h3>Das sagen unsere Partner*innen<\/h3>\n\t\t\n<style>\n#text-37722930 {\n  text-align: center;\n}\n<\/style>\n\t<\/div>\n\t\n<div class=\"slider-wrapper relative\" id=\"slider-1417163524\" >\n    <div class=\"slider slider-nav-simple slider-nav-normal slider-nav-dark slider-nav-outside slider-style-normal\"\n        data-flickity-options='{\n            \"cellAlign\": \"center\",\n            \"imagesLoaded\": true,\n            \"lazyLoad\": 1,\n            \"freeScroll\": false,\n            \"wrapAround\": true,\n            \"autoPlay\": 6000,\n            \"pauseAutoPlayOnHover\" : true,\n            \"prevNextButtons\": true,\n            \"contain\" : true,\n            \"adaptiveHeight\" : true,\n            \"dragThreshold\" : 10,\n            \"percentPosition\": true,\n            \"pageDots\": false,\n            \"rightToLeft\": false,\n            \"draggable\": true,\n            \"selectedAttraction\": 0.1,\n            \"parallax\" : 0,\n            \"friction\": 0.6        }'\n        >\n        \n\n<div class=\"row row-collapse\"  id=\"row-387668309\">\n\n\n\t<div id=\"col-131236880\" class=\"col small-12 large-12\"  >\n\t\t\t\t<div class=\"col-inner\"  >\n\t\t\t\n\t\t\t\n\n  <div class=\"icon-box testimonial-box icon-box-left text-left\">\n                <div class=\"icon-box-img testimonial-image circle\" style=\"width: 100px\">\n              <img loading=\"lazy\" decoding=\"async\" width=\"150\" height=\"150\" src=\"https:\/\/www.kaffeeform.com\/wp-content\/uploads\/2019\/08\/labour-and-wait-logo-150x150.png\" class=\"attachment-thumbnail size-thumbnail\" alt=\"\" srcset=\"https:\/\/www.kaffeeform.com\/wp-content\/uploads\/2019\/08\/labour-and-wait-logo-150x150.png 150w, https:\/\/www.kaffeeform.com\/wp-content\/uploads\/2019\/08\/labour-and-wait-logo-100x100.png 100w, https:\/\/www.kaffeeform.com\/wp-content\/uploads\/2019\/08\/labour-and-wait-logo.png 250w\" sizes=\"auto, (max-width: 150px) 100vw, 150px\" \/>        <\/div>\n                <div class=\"icon-box-text p-last-0\">\n            \t\t\t\t<div class=\"testimonial-text line-height-small italic test_text first-reset last-reset is-italic\">\n            \n\n<p style=\"font-style:normal\">\u201cUnser Sortiment besteht aus einer Vielzahl ausgew\u00e4hlter Produkte f\u00fcr den t\u00e4glichen Ge\u00adbrauch \u2013&nbsp;klassische Alltagsgegenst\u00e4nde, aus denen Lieblingen werden. Der Weducer Cup von Kaffeeform ist leicht, robust und langlebig \u2013 der perfekte Begleiter f\u00fcr unterwegs.\u201d <\/p>\n<p style=\"font-style:normal\"><strong>Tom Matthews<br \/>Labour and Wait, London<\/strong><\/p>\n\n          <\/div>\n          <div class=\"testimonial-meta pt-half\">\n             <strong class=\"testimonial-name test_name\"><\/strong>\n                          <span class=\"testimonial-company test_company\"><\/span>\n          <\/div>\n        <\/div>\n  <\/div>\n\n  \n\n\t\t<\/div>\n\t\t\t\t\t<\/div>\n\n\t\n\n<\/div>\n<div class=\"row row-collapse\"  id=\"row-1673853312\">\n\n\n\t<div id=\"col-575263059\" class=\"col small-12 large-12\"  >\n\t\t\t\t<div class=\"col-inner\"  >\n\t\t\t\n\t\t\t\n\n  <div class=\"icon-box testimonial-box icon-box-left text-left\">\n                <div class=\"icon-box-img testimonial-image circle\" style=\"width: 100px\">\n              <img loading=\"lazy\" decoding=\"async\" width=\"150\" height=\"150\" src=\"https:\/\/www.kaffeeform.com\/wp-content\/uploads\/2019\/08\/isla-coffee-logo-150x150.jpg\" class=\"attachment-thumbnail size-thumbnail\" alt=\"\" srcset=\"https:\/\/www.kaffeeform.com\/wp-content\/uploads\/2019\/08\/isla-coffee-logo-150x150.jpg 150w, https:\/\/www.kaffeeform.com\/wp-content\/uploads\/2019\/08\/isla-coffee-logo-100x100.jpg 100w\" sizes=\"auto, (max-width: 150px) 100vw, 150px\" \/>        <\/div>\n                <div class=\"icon-box-text p-last-0\">\n            \t\t\t\t<div class=\"testimonial-text line-height-small italic test_text first-reset last-reset is-italic\">\n            \n\n<p style=\"font-style:normal\">\u201cWie auch Isla f\u00f6rdert Kaffeeform das Prinzip der Kreislaufwirtschaft: Kaffeesatz wird als Ressource meist verschwendet, findet hier aber als langlebige Tasse den Weg in unser Zero Waste Caf\u00e9 \u2013 der Kaffee Kreislauf schlie\u00dft sich.&#8220;<\/p>\n<p style=\"font-style:normal\"><strong>Peter Duran<br \/>Isla Coffee, Berlin<\/strong><\/p>\n\n          <\/div>\n          <div class=\"testimonial-meta pt-half\">\n             <strong class=\"testimonial-name test_name\"><\/strong>\n                          <span class=\"testimonial-company test_company\"><\/span>\n          <\/div>\n        <\/div>\n  <\/div>\n\n  \n\n\t\t<\/div>\n\t\t\t\t\t<\/div>\n\n\t\n\n<\/div>\n<div class=\"row row-collapse\"  id=\"row-674364247\">\n\n\n\t<div id=\"col-1023247606\" class=\"col small-12 large-12\"  >\n\t\t\t\t<div class=\"col-inner\"  >\n\t\t\t\n\t\t\t\n\n  <div class=\"icon-box testimonial-box icon-box-left text-left\">\n                <div class=\"icon-box-img testimonial-image circle\" style=\"width: 100px\">\n              <img loading=\"lazy\" decoding=\"async\" width=\"150\" height=\"150\" src=\"https:\/\/www.kaffeeform.com\/wp-content\/uploads\/2019\/08\/Steve-morris-oslo-150x150.jpg\" class=\"attachment-thumbnail size-thumbnail\" alt=\"Sven Morris von der Oslo Kaffeebar\" srcset=\"https:\/\/www.kaffeeform.com\/wp-content\/uploads\/2019\/08\/Steve-morris-oslo-150x150.jpg 150w, https:\/\/www.kaffeeform.com\/wp-content\/uploads\/2019\/08\/Steve-morris-oslo-100x100.jpg 100w, https:\/\/www.kaffeeform.com\/wp-content\/uploads\/2019\/08\/Steve-morris-oslo-1200x1197.jpg 1200w, https:\/\/www.kaffeeform.com\/wp-content\/uploads\/2019\/08\/Steve-morris-oslo-1000x998.jpg 1000w, https:\/\/www.kaffeeform.com\/wp-content\/uploads\/2019\/08\/Steve-morris-oslo-300x300.jpg 300w, https:\/\/www.kaffeeform.com\/wp-content\/uploads\/2019\/08\/Steve-morris-oslo-768x766.jpg 768w, https:\/\/www.kaffeeform.com\/wp-content\/uploads\/2019\/08\/Steve-morris-oslo-1024x1021.jpg 1024w, https:\/\/www.kaffeeform.com\/wp-content\/uploads\/2019\/08\/Steve-morris-oslo.jpg 1604w\" sizes=\"auto, (max-width: 150px) 100vw, 150px\" \/>        <\/div>\n                <div class=\"icon-box-text p-last-0\">\n            \t\t\t\t<div class=\"testimonial-text line-height-small italic test_text first-reset last-reset is-italic\">\n            \n\n<p style=\"font-style:normal\">\u201cWir nutzen Kaffeeform Tassen seit Jahren in unseren Caf\u00e9s. Wir sch\u00e4tzen die besonderen Eigenschaften \u2013 sie sind sehr leicht, robust, und leise \u2013 und die Gespr\u00e4che mit unseren G\u00e4sten, die sich daraus ergeben.&#8220;<\/p>\n<p style=\"font-style:normal\"><strong>Steve Morris<br \/>Oslo Kaffeebar, Berlin<\/strong><\/p>\n\n          <\/div>\n          <div class=\"testimonial-meta pt-half\">\n             <strong class=\"testimonial-name test_name\"><\/strong>\n                          <span class=\"testimonial-company test_company\"><\/span>\n          <\/div>\n        <\/div>\n  <\/div>\n\n  \n\n\t\t<\/div>\n\t\t\t\t\t<\/div>\n\n\t\n\n<\/div>\n\n     <\/div>\n\n     <div class=\"loading-spin dark large centered\"><\/div>\n\n\t\n<style>\n#slider-1417163524 .flickity-slider > * {\n  max-width: 100%!important;\n}\n<\/style>\n<\/div>\n\n\n\n\t\t<\/div>\n\t\t\t\t\n<style>\n#col-1662082110 > .col-inner {\n  margin: 0px 0px -30px 0px;\n}\n<\/style>\n\t<\/div>\n\n\t\n\n<\/div>\n\n\t\t<\/div>\n\n\t\t\n<style>\n#section_259058334 {\n  padding-top: 30px;\n  padding-bottom: 30px;\n  background-color: rgb(249, 241, 236);\n}\n@media (min-width:550px) {\n  #section_259058334 {\n    padding-top: 45px;\n    padding-bottom: 45px;\n  }\n}\n@media (min-width:850px) {\n  #section_259058334 {\n    padding-top: 60px;\n    padding-bottom: 60px;\n  }\n}\n<\/style>\n\t<\/section>\n\t\n\n\t<section class=\"section\" id=\"section_1366929355\">\n\t\t<div class=\"section-bg fill\" >\n\t\t\t\t\t\t\t\t\t\n\t\t\t\n\n\t\t<\/div>\n\n\t\t\n\n\t\t<div class=\"section-content relative\">\n\t\t\t\n\n<div class=\"row row-collapse row-full-width align-equal\"  id=\"row-766448985\">\n\n\n\t<div id=\"col-2068836747\" class=\"col medium-6 small-12 large-8\"  >\n\t\t\t\t<div class=\"col-inner\"  >\n\t\t\t\n\t\t\t\n\n\n  <div class=\"banner has-hover bg-zoom\" id=\"banner-1055610857\">\n          <div class=\"banner-inner fill\">\n        <div class=\"banner-bg fill\" >\n            <img loading=\"lazy\" decoding=\"async\" width=\"1875\" height=\"1406\" src=\"https:\/\/www.kaffeeform.com\/wp-content\/uploads\/2021\/10\/MMH_Kaffeeform_Fin_Webres-22-1-e1636034300590.jpg\" class=\"bg attachment-original size-original\" alt=\"\" \/>                                    \n                    <\/div>\n\t\t\n        <div class=\"banner-layers container\">\n            <a class=\"fill\" href=\"https:\/\/www.kaffeeform.com\/de\/b2b\/geschaeftskunden-bewerbung\/\" ><div class=\"fill banner-link\"><\/div><\/a>            \n\n   <div id=\"text-box-2144783585\" class=\"text-box banner-layer x50 md-x50 lg-x50 y50 md-y50 lg-y50 res-text\">\n                                <div class=\"text-box-content text dark\">\n              \n              <div class=\"text-inner text-center\">\n                  \n\n\n              <\/div>\n           <\/div>\n                            \n<style>\n#text-box-2144783585 {\n  width: 60%;\n}\n#text-box-2144783585 .text-box-content {\n  font-size: 100%;\n}\n@media (min-width:550px) {\n  #text-box-2144783585 {\n    width: 60%;\n  }\n}\n<\/style>\n    <\/div>\n \n\n        <\/div>\n      <\/div>\n\n            \n<style>\n#banner-1055610857 {\n  padding-top: 99.99%;\n}\n#banner-1055610857 .banner-bg img {\n  object-position: 50% 44%;\n}\n@media (min-width:550px) {\n  #banner-1055610857 {\n    padding-top: 133%;\n  }\n}\n@media (min-width:850px) {\n  #banner-1055610857 {\n    padding-top: 83%;\n  }\n}\n<\/style>\n  <\/div>\n\n\n\n\t\t<\/div>\n\t\t\t\t\t<\/div>\n\n\t\n\n\t<div id=\"col-511956261\" class=\"col medium-6 small-12 large-4\"  >\n\t\t\t\t<div class=\"col-inner\" style=\"background-color:rgb(255, 208, 182);\" >\n\t\t\t\n\t\t\t\n\n<h3>Werde Kaffeeform H\u00e4ndler*in.<\/h3>\n<p><span style=\"font-weight: 400;\">Du m\u00f6chtest unsere Produkte in deinem Caf\u00e9, Onlineshop oder Laden verkaufen? Dich als Marke f\u00fcr Nachhaltigkeit und Social Impact positionieren und deine Kundschaft mit umweltbewussten, innovativen Produkten begeistern? <\/span><\/p>\n<p><span style=\"font-weight: 400;\">Werde Teil der Kaffeeform Welt. Wir erstellen auch personalisierte Editionen auf Anfrage.<\/span><\/p>\n\t<div id=\"gap-806815739\" class=\"gap-element clearfix\" style=\"display:block; height:auto;\">\n\t\t\n<style>\n#gap-806815739 {\n  padding-top: 15px;\n}\n@media (min-width:550px) {\n  #gap-806815739 {\n    padding-top: 45px;\n  }\n}\n<\/style>\n\t<\/div>\n\t\n\n<a href=\"https:\/\/www.kaffeeform.com\/de\/b2b\/geschaeftskunden-bewerbung\/\" class=\"button primary is-outline no-margin\"  >\n\t\t<span>Los geht\u2019s<\/span>\n\t<\/a>\n\n\n\n\t\t<\/div>\n\t\t\t\t\n<style>\n#col-511956261 > .col-inner {\n  padding: 30px 20px 30px 20px;\n}\n@media (min-width:550px) {\n  #col-511956261 > .col-inner {\n    padding: 45px 30px 45px 30px;\n  }\n}\n@media (min-width:850px) {\n  #col-511956261 > .col-inner {\n    padding: 60px 40px 60px 40px;\n  }\n}\n<\/style>\n\t<\/div>\n\n\t\n\n<\/div>\n\n\t\t<\/div>\n\n\t\t\n<style>\n#section_1366929355 {\n  padding-top: 0px;\n  padding-bottom: 0px;\n}\n<\/style>\n\t<\/section>\n\t\n\n\t<section class=\"section\" id=\"section_1289726237\">\n\t\t<div class=\"section-bg fill\" >\n\t\t\t\t\t\t\t\t\t\n\t\t\t\n\n\t\t<\/div>\n\n\t\t\n\n\t\t<div class=\"section-content relative\">\n\t\t\t\n\n<div class=\"row row-collapse row-full-width align-equal\"  id=\"row-991678418\">\n\n\n\t<div id=\"col-1112181259\" class=\"col medium-6 small-12 large-4\"  >\n\t\t\t\t<div class=\"col-inner\" style=\"background-color:rgb(48, 40, 35);\" >\n\t\t\t\n\t\t\t\n\n<h3><span style=\"color: #ffd0b6;\">Empower your brand.<\/span><\/h3>\n<p><span style=\"color: #ffd0b6;\"><span style=\"font-weight: 400;\">Du m\u00f6chtest deine Marke pr\u00e4sentieren und einen starken Eindruck hinterlassen? Steig\u2019 ein und mach\u2019 den Alltag deiner Kund*innen, Mitarbeitende und Partner ein St\u00fcckchen besser mit Kaffeeform Produkten. Das ganze Sortiment kann personalisiert werden.<\/span><\/span><\/p>\n\t<div id=\"gap-1452487586\" class=\"gap-element clearfix\" style=\"display:block; height:auto;\">\n\t\t\n<style>\n#gap-1452487586 {\n  padding-top: 15px;\n}\n@media (min-width:550px) {\n  #gap-1452487586 {\n    padding-top: 45px;\n  }\n}\n<\/style>\n\t<\/div>\n\t\n\n<a href=\"https:\/\/www.kaffeeform.com\/de\/b2b\/branding-anfrage\/\" class=\"button white is-outline background-001 no-margin\"  >\n\t\t<span>Los geht\u2019s<\/span>\n\t<\/a>\n\n\n\n\t\t<\/div>\n\t\t\t\t\n<style>\n#col-1112181259 > .col-inner {\n  padding: 30px 20px 30px 20px;\n}\n@media (min-width:550px) {\n  #col-1112181259 > .col-inner {\n    padding: 45px 30px 45px 30px;\n  }\n}\n<\/style>\n\t<\/div>\n\n\t\n\n\t<div id=\"col-516129390\" class=\"col medium-6 small-12 large-8 small-col-first\"  >\n\t\t\t\t<div class=\"col-inner\"  >\n\t\t\t\n\t\t\t\n\n\n  <div class=\"banner has-hover bg-zoom\" id=\"banner-1137919298\">\n          <div class=\"banner-inner fill\">\n        <div class=\"banner-bg fill\" >\n            <img loading=\"lazy\" decoding=\"async\" width=\"2000\" height=\"1436\" src=\"https:\/\/www.kaffeeform.com\/wp-content\/uploads\/2022\/04\/Kaffeeform_Branding_Example_02_Small.jpg\" class=\"bg attachment-original size-original\" alt=\"Kaffeeform Branding Example Weducer Cup\" \/>                                    \n                    <\/div>\n\t\t\n        <div class=\"banner-layers container\">\n            <a class=\"fill\" href=\"https:\/\/www.kaffeeform.com\/de\/b2b\/branding-anfrage\/\" ><div class=\"fill banner-link\"><\/div><\/a>            \n\n   <div id=\"text-box-430247463\" class=\"text-box banner-layer x50 md-x50 lg-x50 y50 md-y50 lg-y50 res-text\">\n                                <div class=\"text-box-content text dark\">\n              \n              <div class=\"text-inner text-center\">\n                  \n\n\n              <\/div>\n           <\/div>\n                            \n<style>\n#text-box-430247463 {\n  width: 60%;\n}\n#text-box-430247463 .text-box-content {\n  font-size: 100%;\n}\n@media (min-width:550px) {\n  #text-box-430247463 {\n    width: 60%;\n  }\n}\n<\/style>\n    <\/div>\n \n\n        <\/div>\n      <\/div>\n\n            \n<style>\n#banner-1137919298 {\n  padding-top: 99.99%;\n}\n#banner-1137919298 .banner-bg img {\n  object-position: 50% 44%;\n}\n@media (min-width:550px) {\n  #banner-1137919298 {\n    padding-top: 133%;\n  }\n}\n@media (min-width:850px) {\n  #banner-1137919298 {\n    padding-top: 75%;\n  }\n}\n<\/style>\n  <\/div>\n\n\n\n\t\t<\/div>\n\t\t\t\t\t<\/div>\n\n\t\n\n<\/div>\n\n\t\t<\/div>\n\n\t\t\n<style>\n#section_1289726237 {\n  padding-top: 0px;\n  padding-bottom: 0px;\n}\n<\/style>\n\t<\/section>\n\t\n\n\n\n","protected":false},"excerpt":{"rendered":"","protected":false},"author":1,"featured_media":147136,"parent":0,"menu_order":0,"comment_status":"closed","ping_status":"closed","template":"page-blank.php","meta":{"_acf_changed":false,"footnotes":""},"class_list":["post-146","page","type-page","status-publish","has-post-thumbnail","hentry"],"acf":[],"_links":{"self":[{"href":"https:\/\/www.kaffeeform.com\/de\/wp-json\/wp\/v2\/pages\/146","targetHints":{"allow":["GET"]}}],"collection":[{"href":"https:\/\/www.kaffeeform.com\/de\/wp-json\/wp\/v2\/pages"}],"about":[{"href":"https:\/\/www.kaffeeform.com\/de\/wp-json\/wp\/v2\/types\/page"}],"author":[{"embeddable":true,"href":"https:\/\/www.kaffeeform.com\/de\/wp-json\/wp\/v2\/users\/1"}],"replies":[{"embeddable":true,"href":"https:\/\/www.kaffeeform.com\/de\/wp-json\/wp\/v2\/comments?post=146"}],"version-history":[{"count":31,"href":"https:\/\/www.kaffeeform.com\/de\/wp-json\/wp\/v2\/pages\/146\/revisions"}],"predecessor-version":[{"id":150758,"href":"https:\/\/www.kaffeeform.com\/de\/wp-json\/wp\/v2\/pages\/146\/revisions\/150758"}],"wp:featuredmedia":[{"embeddable":true,"href":"https:\/\/www.kaffeeform.com\/de\/wp-json\/wp\/v2\/media\/147136"}],"wp:attachment":[{"href":"https:\/\/www.kaffeeform.com\/de\/wp-json\/wp\/v2\/media?parent=146"}],"curies":[{"name":"wp","href":"https:\/\/api.w.org\/{rel}","templated":true}]}}