{"id":147443,"date":"2022-06-27T13:53:40","date_gmt":"2022-06-27T11:53:40","guid":{"rendered":"https:\/\/www.kaffeeform.com\/?page_id=147443"},"modified":"2024-08-08T17:42:12","modified_gmt":"2024-08-08T15:42:12","slug":"material","status":"publish","type":"page","link":"https:\/\/www.kaffeeform.com\/de\/material\/","title":{"rendered":"Material"},"content":{"rendered":"\n\n\t<section class=\"section\" id=\"section_859292971\">\n\t\t<div class=\"section-bg fill\" >\n\t\t\t\t\t\t\t\t\t\n\t\t\t\n\n\t\t<\/div>\n\n\t\t\n\n\t\t<div class=\"section-content relative\">\n\t\t\t\n\n\n  <div class=\"banner has-hover\" id=\"banner-1343586537\">\n          <div class=\"banner-inner fill\">\n        <div class=\"banner-bg fill\" >\n            <img loading=\"lazy\" decoding=\"async\" width=\"1800\" height=\"2400\" src=\"https:\/\/www.kaffeeform.com\/wp-content\/uploads\/2021\/10\/MMH_Kaffeeform_Fin_Webres-16.jpg\" class=\"bg attachment-original size-original\" alt=\"Weducer Cup Refined cardamom\" \/>                                    \n                    <\/div>\n\t\t\n        <div class=\"banner-layers container\">\n            <div class=\"fill banner-link\"><\/div>            \n\n   <div id=\"text-box-1727411238\" class=\"text-box banner-layer x50 md-x50 lg-x50 y50 md-y50 lg-y50 res-text\">\n                                <div class=\"text-box-content text dark\">\n              \n              <div class=\"text-inner text-center\">\n                  \n\n<h1 class=\"uppercase\"><span style=\"color: #ffd0b6;\"><strong>Unser Material<\/strong><\/span><\/h1>\n\n              <\/div>\n           <\/div>\n                            \n<style>\n#text-box-1727411238 {\n  width: 60%;\n}\n#text-box-1727411238 .text-box-content {\n  font-size: 100%;\n}\n<\/style>\n    <\/div>\n \n\n        <\/div>\n      <\/div>\n\n            \n<style>\n#banner-1343586537 {\n  padding-top: 480px;\n}\n#banner-1343586537 .banner-bg img {\n  object-position: 48% 37%;\n}\n<\/style>\n  <\/div>\n\n\n\n\t\t<\/div>\n\n\t\t\n<style>\n#section_859292971 {\n  padding-top: 0px;\n  padding-bottom: 0px;\n}\n<\/style>\n\t<\/section>\n\t\n\n\t<section class=\"section\" id=\"section_1109690310\">\n\t\t<div class=\"section-bg fill\" >\n\t\t\t\t\t\t\t\t\t\n\t\t\t\n\n\t\t<\/div>\n\n\t\t\n\n\t\t<div class=\"section-content relative\">\n\t\t\t\n\n<div class=\"row row-collapse row-full-width align-equal\"  id=\"row-744018499\">\n\n\n\t<div id=\"col-43035800\" class=\"col medium-6 small-12 large-8\"  >\n\t\t\t\t<div class=\"col-inner dark\" style=\"background-color:rgb(54, 25, 23);\" >\n\t\t\t\n\t\t\t\n\n\t<div id=\"text-2627915016\" class=\"text\">\n\t\t\n\n<h3><span style=\"font-weight: 400;\">Bye Bye Einweg, Hallo Weducer Cups <\/span><\/h3>\n<p><span style=\"font-weight: 400;\"><br \/><\/span><span style=\"font-weight: 400;\">Bei uns kommen Werkstoffe basierend auf nachwachsenden <\/span><span style=\"font-weight: 400;\">Rohstoffen zum Einsatz, welche allgemein unter die Klasse <\/span><span style=\"font-weight: 400;\">der Biokunststoffe gefasst werden. Sie enthalten im Gegensatz <\/span><span style=\"font-weight: 400;\">zu den meisten Bambusbechern weder bedenkliche Melamin-Harze, <\/span><span style=\"font-weight: 400;\">keine Formaldehyde oder andere Weichmacher. <\/span><span style=\"font-weight: 400;\"><br \/><\/span><span style=\"font-weight: 400;\"><br \/><\/span><span style=\"font-weight: 400;\">Unsere klassische Materialkomposition, das Coffee-Material, besteht <\/span><span style=\"font-weight: 400;\">aus recyceltem Kaffeesatz, recycelten Holzfasern und einem Polymer <\/span><span style=\"font-weight: 400;\">auf Basis von Pflanzen.<\/span><\/p>\n<p><span style=\"font-weight: 400;\">Diese Produkte enthalten unser Coffee-Material: Der <a href=\"https:\/\/www.kaffeeform.com\/de\/shop\/weducer-cup-refined\/\">Weducer Cups 350ml \/ 250ml<\/a> die <a href=\"https:\/\/www.kaffeeform.com\/de\/shop\/coffee-watch\/\">Coffee Watch <\/a>und das Tray.<\/span><\/p>\n\t\t\n<style>\n#text-2627915016 {\n  color: rgb(255, 208, 182);\n}\n#text-2627915016 > * {\n  color: rgb(255, 208, 182);\n}\n<\/style>\n\t<\/div>\n\t\n\n\t\t<\/div>\n\t\t\t\t\n<style>\n#col-43035800 > .col-inner {\n  padding: 30px 20px 30px 20px;\n}\n@media (min-width:550px) {\n  #col-43035800 > .col-inner {\n    padding: 45px 30px 45px 30px;\n  }\n}\n@media (min-width:850px) {\n  #col-43035800 > .col-inner {\n    padding: 60px 40px 60px 40px;\n  }\n}\n<\/style>\n\t<\/div>\n\n\t\n\n\t<div id=\"col-247042478\" class=\"col medium-6 small-12 large-4 small-col-first\"  >\n\t\t\t\t<div class=\"col-inner\"  >\n\t\t\t\n\t\t\t\n\n\n  <div class=\"banner has-hover is-full-height\" id=\"banner-241532749\">\n          <div class=\"banner-inner fill\">\n        <div class=\"banner-bg fill\" >\n            <img loading=\"lazy\" decoding=\"async\" width=\"2397\" height=\"1600\" src=\"https:\/\/www.kaffeeform.com\/wp-content\/uploads\/2019\/07\/Kaffeeform-Mosaik-LMJ-3005.jpg\" class=\"bg attachment-original size-original\" alt=\"Kaffeeform Produktion\" \/>                                    \n                    <\/div>\n\t\t\n        <div class=\"banner-layers container\">\n            <div class=\"fill banner-link\"><\/div>            \n\n   <div id=\"text-box-1694811029\" class=\"text-box banner-layer x50 md-x50 lg-x50 y50 md-y50 lg-y50 res-text\">\n                                <div class=\"text-box-content text dark\">\n              \n              <div class=\"text-inner text-center\">\n                  \n\n\n              <\/div>\n           <\/div>\n                            \n<style>\n#text-box-1694811029 {\n  width: 60%;\n}\n#text-box-1694811029 .text-box-content {\n  font-size: 100%;\n}\n@media (min-width:550px) {\n  #text-box-1694811029 {\n    width: 60%;\n  }\n}\n<\/style>\n    <\/div>\n \n\n        <\/div>\n      <\/div>\n\n            \n<style>\n#banner-241532749 {\n  padding-top: 99.99%;\n}\n#banner-241532749 .banner-bg img {\n  object-position: 50% 44%;\n}\n@media (min-width:550px) {\n  #banner-241532749 {\n    padding-top: 150%;\n  }\n}\n@media (min-width:850px) {\n  #banner-241532749 {\n    padding-top: 100%;\n  }\n}\n<\/style>\n  <\/div>\n\n\n\n\t\t<\/div>\n\t\t\t\t\t<\/div>\n\n\t\n\n<\/div>\n\n\t\t<\/div>\n\n\t\t\n<style>\n#section_1109690310 {\n  padding-top: 0px;\n  padding-bottom: 0px;\n}\n<\/style>\n\t<\/section>\n\t\n\n\t<section class=\"section\" id=\"section_11524441\">\n\t\t<div class=\"section-bg fill\" >\n\t\t\t\t\t\t\t\t\t\n\t\t\t\n\n\t\t<\/div>\n\n\t\t\n\n\t\t<div class=\"section-content relative\">\n\t\t\t\n\n<div class=\"row row-collapse row-full-width align-equal\"  id=\"row-2143764220\">\n\n\n\t<div id=\"col-5755426\" class=\"col medium-4 small-12 large-4\"  >\n\t\t\t\t<div class=\"col-inner\"  >\n\t\t\t\n\t\t\t\n\n\n  <div class=\"banner has-hover is-full-height\" id=\"banner-1400476922\">\n          <div class=\"banner-inner fill\">\n        <div class=\"banner-bg fill\" >\n            <img loading=\"lazy\" decoding=\"async\" width=\"2400\" height=\"1564\" src=\"https:\/\/www.kaffeeform.com\/wp-content\/uploads\/2021\/08\/Kaffeeabholung_054.jpg\" class=\"bg attachment-original size-original\" alt=\"Coffee Material Abholung Fahrrad Kurier\" \/>                                    \n                    <\/div>\n\t\t\n        <div class=\"banner-layers container\">\n            <div class=\"fill banner-link\"><\/div>            \n\n   <div id=\"text-box-1433510049\" class=\"text-box banner-layer x50 md-x50 lg-x50 y50 md-y50 lg-y50 res-text\">\n                                <div class=\"text-box-content text dark\">\n              \n              <div class=\"text-inner text-center\">\n                  \n\n\n              <\/div>\n           <\/div>\n                            \n<style>\n#text-box-1433510049 {\n  width: 60%;\n}\n#text-box-1433510049 .text-box-content {\n  font-size: 100%;\n}\n@media (min-width:550px) {\n  #text-box-1433510049 {\n    width: 60%;\n  }\n}\n<\/style>\n    <\/div>\n \n\n        <\/div>\n      <\/div>\n\n            \n<style>\n#banner-1400476922 {\n  padding-top: 100%;\n}\n#banner-1400476922 .banner-bg img {\n  object-position: 29% 8%;\n}\n<\/style>\n  <\/div>\n\n\n\n\t\t<\/div>\n\t\t\t\t\t<\/div>\n\n\t\n\n\t<div id=\"col-467551130\" class=\"col medium-8 small-12 large-8\"  >\n\t\t\t\t<div class=\"col-inner\"  >\n\t\t\t\n\t\t\t\n\n<h3><span style=\"font-weight: 400;\">Lokal und Sozial: So entsteht unser Material mit recyceltem Kaffeesatz<\/span><\/h3>\n<p class=\"p1\">Uns sind kurze Lieferwege und lokale Potenzialnutzung sehr wichtig, das Material und all unsere Produkte werden in Deutschland hergestellt. So sieht der Produktionsprozess von unserem Coffee Material aus:<\/p>\n<ol>\n<li>\n<p class=\"p1\">Schritt: Ein Fahrradkollektiv sammelt den Kaffeesatz aus Berliner Caf\u00e9s ein.<\/p>\n<\/li>\n<li>\n<p class=\"p1\">Schritt: Der Kaffeesatz wird in einer sozialen Werkstatt in Berlin getrocknet.<\/p>\n<\/li>\n<li>\n<p class=\"p1\">Schritt: Der getrocknete Kaffeesatz wird zusammen mit pflanzenbasierten Polymeren zu einem neuen Granulat\u00a0verarbeitet.<\/p>\n<\/li>\n<li>\n<p class=\"p1\">Dieses wird je nach Bedarf zu neuen Produkten, wie beispielsweise Kaffeebechern verarbeitet.<\/p>\n<\/li>\n<li>\n<p class=\"p1\">Schritt: Unsere Produkte werden von unserem Berliner Lager in Zusammenarbeit mit einer sozialen Werkstatt verschickt.<\/p>\n<\/li>\n<li>\n<p class=\"p1\">Schritt: Unsere Produkte sind bereit f\u00fcr den jahrelangen Einsatz bei dir.\u00a0<\/p>\n<\/li>\n<\/ol>\n\n\t\t<\/div>\n\t\t\t\t\n<style>\n#col-467551130 > .col-inner {\n  padding: 60px 40px 0px 40px;\n}\n<\/style>\n\t<\/div>\n\n\t\n\n\n<style>\n#row-2143764220 > .col > .col-inner {\n  background-color: rgb(254, 229, 216);\n}\n<\/style>\n<\/div>\n\n\t\t<\/div>\n\n\t\t\n<style>\n#section_11524441 {\n  padding-top: 0px;\n  padding-bottom: 0px;\n}\n<\/style>\n\t<\/section>\n\t\n\n\n\t<section class=\"section\" id=\"section_255202982\">\n\t\t<div class=\"section-bg fill\" >\n\t\t\t\t\t\t\t\t\t\n\t\t\t\n\n\t\t<\/div>\n\n\t\t\n\n\t\t<div class=\"section-content relative\">\n\t\t\t\n\n<div class=\"row row-collapse row-full-width align-equal\"  id=\"row-1691188254\">\n\n\n\t<div id=\"col-1725744473\" class=\"col medium-6 small-12 large-8\"  >\n\t\t\t\t<div class=\"col-inner\" style=\"background-color:rgb(249, 241, 236);\" >\n\t\t\t\n\t\t\t\n\n<h3>Kaffee war erst der Anfang<\/h3>\n<p><span style=\"font-weight: 400;\">In unserem neuen Verbundwerkstoff kombinieren wir ein Polymer auf Basis von Pflanzen mit recycelten Holzresten. <\/span><span style=\"font-weight: 400;\">Daf\u00fcr nutzen wir Holzfasern, die in der Produktion holzverarbeitender Betriebe in S\u00fcddeutschland anfallen und sonst entsorgt werden.<\/span><span style=\"font-weight: 400;\"><br \/><\/span><span style=\"font-weight: 400;\"><br \/><\/span><span style=\"font-weight: 400;\">Vielseitig und individuell: Unser Material mit recycelten Holzfasern hat kein Kaffeearoma, aber einen subtilen, nat\u00fcrlichen Holzduft. Ein weiteres Plus: Das Material l\u00e4sst sich (mit gesundheitlich unbedenklichen Pigmenten) einf\u00e4rben f\u00fcr noch mehr Variation und Vielf\u00e4ltigkeit. <\/span><span style=\"font-weight: 400;\"><br \/><\/span><span style=\"font-weight: 400;\"><br \/><\/span><span style=\"font-weight: 400;\">Essentielle Merkmale, auf die Kaffeeform so stolz ist, bleiben bestehen: Ein robustes, langlebiges aber leichtes Material auf Basis von pflanzlichen Rohstoffen mit\u00a0 recycelten Bestandteilen, produziert lokal und sozial in Deutschland.\u00a0 <\/span><\/p>\n<p>Diese Produkte enthalten das Wood-Material: Der <a href=\"https:\/\/www.kaffeeform.com\/de\/shop\/weducer-cap-essential-color\/\">Weducer Cup Essential<\/a> und die Trays.<\/p>\n\n\t\t<\/div>\n\t\t\t\t\n<style>\n#col-1725744473 > .col-inner {\n  padding: 30px 20px 30px 20px;\n}\n@media (min-width:550px) {\n  #col-1725744473 > .col-inner {\n    padding: 45px 30px 45px 30px;\n  }\n}\n@media (min-width:850px) {\n  #col-1725744473 > .col-inner {\n    padding: 60px 40px 40px 40px;\n  }\n}\n<\/style>\n\t<\/div>\n\n\t\n\n\t<div id=\"col-1754016342\" class=\"col medium-6 small-12 large-4 small-col-first\"  >\n\t\t\t\t<div class=\"col-inner\"  >\n\t\t\t\n\t\t\t\n\n\n  <div class=\"banner has-hover is-full-height\" id=\"banner-1049272026\">\n          <div class=\"banner-inner fill\">\n        <div class=\"banner-bg fill\" >\n            <img loading=\"lazy\" decoding=\"async\" width=\"1800\" height=\"2400\" src=\"https:\/\/www.kaffeeform.com\/wp-content\/uploads\/2022\/09\/Kaffeeform-wood-chips-wood-material-upcycling.jpg\" class=\"bg attachment-original size-original\" alt=\"Kaffeeform - wood chips - wood material - upcycling - Circular Economy Blog Post\" \/>                                    \n                    <\/div>\n\t\t\n        <div class=\"banner-layers container\">\n            <div class=\"fill banner-link\"><\/div>            \n\n   <div id=\"text-box-401776224\" class=\"text-box banner-layer x50 md-x50 lg-x50 y50 md-y50 lg-y50 res-text\">\n                                <div class=\"text-box-content text dark\">\n              \n              <div class=\"text-inner text-center\">\n                  \n\n\n              <\/div>\n           <\/div>\n                            \n<style>\n#text-box-401776224 {\n  width: 60%;\n}\n#text-box-401776224 .text-box-content {\n  font-size: 100%;\n}\n@media (min-width:550px) {\n  #text-box-401776224 {\n    width: 60%;\n  }\n}\n<\/style>\n    <\/div>\n \n\n        <\/div>\n      <\/div>\n\n            \n<style>\n#banner-1049272026 {\n  padding-top: 99.99%;\n}\n#banner-1049272026 .banner-bg img {\n  object-position: 50% 44%;\n}\n@media (min-width:550px) {\n  #banner-1049272026 {\n    padding-top: 150%;\n  }\n}\n@media (min-width:850px) {\n  #banner-1049272026 {\n    padding-top: 100%;\n  }\n}\n<\/style>\n  <\/div>\n\n\n\n\t\t<\/div>\n\t\t\t\t\n<style>\n#col-1754016342 > .col-inner {\n  padding: 0px 0px 0 0px;\n}\n<\/style>\n\t<\/div>\n\n\t\n\n\n<style>\n#row-1691188254 > .col > .col-inner {\n  background-color: rgb(249, 241, 236);\n}\n<\/style>\n<\/div>\n\n\t\t<\/div>\n\n\t\t\n<style>\n#section_255202982 {\n  padding-top: 0px;\n  padding-bottom: 0px;\n  background-color: rgb(249, 241, 236);\n}\n<\/style>\n\t<\/section>\n\t\n\n\t<section class=\"section\" id=\"section_400025520\">\n\t\t<div class=\"section-bg fill\" >\n\t\t\t\t\t\t\t\t\t\n\t\t\t\n\n\t\t<\/div>\n\n\t\t\n\n\t\t<div class=\"section-content relative\">\n\t\t\t\n\n<div class=\"row row-collapse row-full-width align-equal\"  id=\"row-118907345\">\n\n\n\t<div id=\"col-1868080555\" class=\"col medium-6 small-12 large-4\"  >\n\t\t\t\t<div class=\"col-inner\"  >\n\t\t\t\n\t\t\t\n\n\n  <div class=\"banner has-hover is-full-height\" id=\"banner-1468561611\">\n          <div class=\"banner-inner fill\">\n        <div class=\"banner-bg fill\" >\n            <img loading=\"lazy\" decoding=\"async\" width=\"1800\" height=\"2400\" src=\"https:\/\/www.kaffeeform.com\/wp-content\/uploads\/2022\/01\/Kaffeeform_Essential_Refined_MaxManaviHuber_02.jpg\" class=\"bg attachment-original size-original\" alt=\"Kaffeeform Mood- Weducer Cup Refined &amp; Weducer Cup essenital nutmeg\" \/>                                    \n                    <\/div>\n\t\t\n        <div class=\"banner-layers container\">\n            <div class=\"fill banner-link\"><\/div>            \n\n   <div id=\"text-box-439787755\" class=\"text-box banner-layer x50 md-x50 lg-x50 y50 md-y50 lg-y50 res-text\">\n                                <div class=\"text-box-content text dark\">\n              \n              <div class=\"text-inner text-center\">\n                  \n\n\n              <\/div>\n           <\/div>\n                            \n<style>\n#text-box-439787755 {\n  width: 60%;\n}\n#text-box-439787755 .text-box-content {\n  font-size: 100%;\n}\n@media (min-width:550px) {\n  #text-box-439787755 {\n    width: 60%;\n  }\n}\n<\/style>\n    <\/div>\n \n\n        <\/div>\n      <\/div>\n\n            \n<style>\n#banner-1468561611 {\n  padding-top: 99.99%;\n}\n#banner-1468561611 .banner-bg img {\n  object-position: 47% 34%;\n}\n@media (min-width:550px) {\n  #banner-1468561611 {\n    padding-top: 150%;\n  }\n}\n@media (min-width:850px) {\n  #banner-1468561611 {\n    padding-top: 100%;\n  }\n}\n<\/style>\n  <\/div>\n\n\n\n\t\t<\/div>\n\t\t\t\t\t<\/div>\n\n\t\n\n\t<div id=\"col-519417289\" class=\"col medium-6 small-12 large-8\"  >\n\t\t\t\t<div class=\"col-inner dark\" style=\"background-color:rgb(54, 25, 23);\" >\n\t\t\t\n\t\t\t\n\n\t<div id=\"text-1709930065\" class=\"text\">\n\t\t\n\n<h3>H\u00e4ufig gestellte Fragen zu unserem Material<\/h3>\n<p><strong>Sind Kaffeeform Produkte gesundheitlich unbedenklich?<\/strong><\/p>\n<p>Die gesundheitliche Unbedenklichkeit unserer Produkte steht f\u00fcr uns nat\u00fcrlich an erster Stelle &nbsp;Daher werden unsere Produkte regelm\u00e4\u00dfig in einem unabh\u00e4ngigen Labor getestet und entsprechen strengen Vorschriften der EU-Lebensmittelverordnung.<\/p>\n<p><strong>K\u00f6nnen Kaffeeform Cups in die Sp\u00fclmaschine?<\/strong><\/p>\n<p><span style=\"font-weight: 400;\">Unsere Produkte k\u00f6nnen regelm\u00e4\u00dfig in der Geschirrsp\u00fclmaschine gewaschen werden und&nbsp;<\/span><span style=\"font-weight: 400;\">\u00fcberstehen auch so manchen Sturz auf harten Untergrund. Daher haben sie eine verh\u00e4ltnism\u00e4\u00dfig lange Lebensdauer.<\/span><\/p>\n<p><strong>Sind Kaffeeform Produkte kompostierbar?<\/strong><\/p>\n<p><span style=\"font-weight: 400;\">Da das Material f\u00fcr den dauerhaften Gebrauch entwickelt wurde, kann es unter normalen Umst\u00e4nden nicht einfach auf dem <\/span>Kompost<span style=\"font-weight: 400;\">&nbsp;verrotten. Bei der Entsorgung unserer Produkte im Hausm\u00fcll werden diese innerhalb Europas verbrannt (thermische Entsorgung). Die bei der Verbrennung freigesetzte CO2-Menge entspricht dabei der Menge, die beim Wachstum der Pflanze gebunden wird.<\/span><\/p>\n<p><span style=\"font-weight: 400;\">Wir arbeiten allerdings an einem R\u00fcckf\u00fchrsystem, sodass unsere Produkte zun\u00e4chst nicht entsorgt werden m\u00fcssen, sondern wieder in den Kreislauf zur\u00fcckgef\u00fchrt werden und f\u00fcr die Produktion neuer Produkte verwendet werden k\u00f6nnen.&nbsp;<\/span><\/p>\n<p><span style=\"font-weight: 400;\">Weiterf\u00fchrende Infos findest du in<\/span><a href=\"https:\/\/www.kaffeeform.com\/de\/faq\/\"> <span style=\"font-weight: 400;\">unseren FAQs<\/span><\/a><span style=\"font-weight: 400;\">.<\/span><\/p>\n\t\t\n<style>\n#text-1709930065 {\n  color: rgb(255, 208, 182);\n}\n#text-1709930065 > * {\n  color: rgb(255, 208, 182);\n}\n<\/style>\n\t<\/div>\n\t\n\n\t\t<\/div>\n\t\t\t\t\n<style>\n#col-519417289 > .col-inner {\n  padding: 30px 20px 30px 20px;\n}\n@media (min-width:550px) {\n  #col-519417289 > .col-inner {\n    padding: 45px 30px 45px 30px;\n  }\n}\n@media (min-width:850px) {\n  #col-519417289 > .col-inner {\n    padding: 60px 40px 60px 40px;\n  }\n}\n<\/style>\n\t<\/div>\n\n\t\n\n<\/div>\n\n\t\t<\/div>\n\n\t\t\n<style>\n#section_400025520 {\n  padding-top: 0px;\n  padding-bottom: 0px;\n}\n<\/style>\n\t<\/section>\n\t\n\n\t<section class=\"section\" id=\"section_322600652\">\n\t\t<div class=\"section-bg fill\" >\n\t\t\t\t\t\t\t\t\t\n\t\t\t\n\n\t\t<\/div>\n\n\t\t\n\n\t\t<div class=\"section-content relative\">\n\t\t\t\n\n<div class=\"row row-collapse row-full-width\"  id=\"row-467232885\">\n\n\n\t<div id=\"col-1504667462\" class=\"col small-12 large-12\"  >\n\t\t\t\t<div class=\"col-inner\"  >\n\t\t\t\n\t\t\t\n\n\n  <div class=\"banner has-hover bg-zoom\" id=\"banner-2013970538\">\n          <div class=\"banner-inner fill\">\n        <div class=\"banner-bg fill\" >\n            <img loading=\"lazy\" decoding=\"async\" width=\"1800\" height=\"2400\" src=\"https:\/\/www.kaffeeform.com\/wp-content\/uploads\/2021\/10\/MMH_Kaffeeform_Fin_Webres-20.jpg\" class=\"bg attachment-original size-original\" alt=\"\" \/>                                    \n                    <\/div>\n\t\t\n        <div class=\"banner-layers container\">\n            <div class=\"fill banner-link\"><\/div>            \n\n\t<div class=\"img has-hover x50 md-x50 lg-x50 y50 md-y50 lg-y50\" id=\"image_1117564613\">\n\t\t\t\t\t\t\t\t<div class=\"img-inner dark\" style=\"margin:0px 40px 0px 40px;\">\n\t\t\t<img loading=\"lazy\" decoding=\"async\" width=\"800\" height=\"600\" src=\"https:\/\/www.kaffeeform.com\/wp-content\/uploads\/2021\/10\/GFX_NegBean_4x3_-Background-001.svg\" class=\"attachment-large size-large\" alt=\"\" \/>\t\t\t\t\t\t\n\t\t\t\t\t<\/div>\n\t\t\t\t\t\t\t\t\n<style>\n#image_1117564613 {\n  width: 100%;\n}\n@media (min-width:550px) {\n  #image_1117564613 {\n    width: 66%;\n  }\n}\n@media (min-width:850px) {\n  #image_1117564613 {\n    width: 52%;\n  }\n}\n<\/style>\n\t<\/div>\n\t\n\n   <div id=\"text-box-602231929\" class=\"text-box banner-layer x50 md-x50 lg-x50 y50 md-y50 lg-y50 res-text\">\n                                <div class=\"text-box-content text dark\">\n              \n              <div class=\"text-inner text-center\">\n                  \n\n\t<div id=\"text-1577718993\" class=\"text\">\n\t\t\n\n<h2 class=\"no-margin\"><a href=\"https:\/\/www.kaffeeform.com\/de\/shop\/\">Zum<br>Shop<\/a><\/h2>\n\t\t\n<style>\n#text-1577718993 {\n  color: rgb(255, 208, 182);\n}\n#text-1577718993 > * {\n  color: rgb(255, 208, 182);\n}\n<\/style>\n\t<\/div>\n\t\n\n              <\/div>\n           <\/div>\n                            \n<style>\n#text-box-602231929 {\n  width: 60%;\n}\n#text-box-602231929 .text-box-content {\n  font-size: 100%;\n}\n<\/style>\n    <\/div>\n \n\n        <\/div>\n      <\/div>\n\n            \n<style>\n#banner-2013970538 {\n  padding-top: 99.99%;\n}\n#banner-2013970538 .banner-bg img {\n  object-position: 59% 92%;\n}\n@media (min-width:550px) {\n  #banner-2013970538 {\n    padding-top: 55%;\n  }\n}\n<\/style>\n  <\/div>\n\n\n\n\t\t<\/div>\n\t\t\t\t\t<\/div>\n\n\t\n\n<\/div>\n\n\t\t<\/div>\n\n\t\t\n<style>\n#section_322600652 {\n  padding-top: 0px;\n  padding-bottom: 0px;\n}\n<\/style>\n\t<\/section>\n\t\n\n","protected":false},"excerpt":{"rendered":"","protected":false},"author":2829,"featured_media":139680,"parent":0,"menu_order":0,"comment_status":"closed","ping_status":"closed","template":"page-blank.php","meta":{"_acf_changed":false,"footnotes":""},"class_list":["post-147443","page","type-page","status-publish","has-post-thumbnail","hentry"],"acf":[],"_links":{"self":[{"href":"https:\/\/www.kaffeeform.com\/de\/wp-json\/wp\/v2\/pages\/147443","targetHints":{"allow":["GET"]}}],"collection":[{"href":"https:\/\/www.kaffeeform.com\/de\/wp-json\/wp\/v2\/pages"}],"about":[{"href":"https:\/\/www.kaffeeform.com\/de\/wp-json\/wp\/v2\/types\/page"}],"author":[{"embeddable":true,"href":"https:\/\/www.kaffeeform.com\/de\/wp-json\/wp\/v2\/users\/2829"}],"replies":[{"embeddable":true,"href":"https:\/\/www.kaffeeform.com\/de\/wp-json\/wp\/v2\/comments?post=147443"}],"version-history":[{"count":40,"href":"https:\/\/www.kaffeeform.com\/de\/wp-json\/wp\/v2\/pages\/147443\/revisions"}],"predecessor-version":[{"id":176757,"href":"https:\/\/www.kaffeeform.com\/de\/wp-json\/wp\/v2\/pages\/147443\/revisions\/176757"}],"wp:featuredmedia":[{"embeddable":true,"href":"https:\/\/www.kaffeeform.com\/de\/wp-json\/wp\/v2\/media\/139680"}],"wp:attachment":[{"href":"https:\/\/www.kaffeeform.com\/de\/wp-json\/wp\/v2\/media?parent=147443"}],"curies":[{"name":"wp","href":"https:\/\/api.w.org\/{rel}","templated":true}]}}