{"id":148552,"date":"2022-09-13T15:24:26","date_gmt":"2022-09-13T13:24:26","guid":{"rendered":"https:\/\/www.kaffeeform.com\/?page_id=148552"},"modified":"2022-09-20T15:54:49","modified_gmt":"2022-09-20T13:54:49","slug":"ueber-uns-kopie","status":"publish","type":"page","link":"https:\/\/www.kaffeeform.com\/de\/ueber-uns-kopie\/","title":{"rendered":"\u00dcber uns KOPIE"},"content":{"rendered":"\n\n\t<section class=\"section\" id=\"section_1221316535\">\n\t\t<div class=\"section-bg fill\" >\n\t\t\t\t\t\t\t\t\t\n\t\t\t\n\n\t\t<\/div>\n\n\t\t\n\n\t\t<div class=\"section-content relative\">\n\t\t\t\n\n\n  <div class=\"banner has-hover has-parallax\" id=\"banner-547096949\">\n          <div class=\"banner-inner fill\">\n        <div class=\"banner-bg fill\" data-parallax=\"-3\" data-parallax-container=\".banner\" data-parallax-background>\n            <img loading=\"lazy\" decoding=\"async\" width=\"2400\" height=\"1800\" src=\"https:\/\/www.kaffeeform.com\/wp-content\/uploads\/2021\/12\/MMH_Kaffeeform_Fin_Webres-6-V2-2.jpg\" class=\"bg attachment-original size-original\" alt=\"Kaffeeform Weducer Cup Essential in cayenne, cardamom &amp; nutmeg\" \/>                                    \n                    <\/div>\n\t\t\n        <div class=\"banner-layers container\">\n            <div class=\"fill banner-link\"><\/div>            \n\n\t<div class=\"img has-hover x50 md-x50 lg-x50 y0 md-y0 lg-y0\" id=\"image_1135848693\">\n\t\t\t\t\t\t\t\t<div class=\"img-inner dark\" style=\"margin:60px 0px 0px 0px;\">\n\t\t\t<img loading=\"lazy\" decoding=\"async\" width=\"1400\" height=\"790\" src=\"https:\/\/www.kaffeeform.com\/wp-content\/uploads\/2021\/10\/GFX_NegBean_1400x790_Text-dark.svg\" class=\"attachment-large size-large\" alt=\"\" \/>\t\t\t\t\t\t\n\t\t\t\t\t<\/div>\n\t\t\t\t\t\t\t\t\n<style>\n#image_1135848693 {\n  width: 100%;\n}\n<\/style>\n\t<\/div>\n\t\n\n   <div id=\"text-box-1843418565\" class=\"text-box banner-layer x50 md-x50 lg-x50 y100 md-y95 lg-y95 res-text\">\n                                <div class=\"text-box-content text dark\">\n              \n              <div class=\"text-inner text-center\">\n                  \n\n\t<div id=\"text-650536136\" class=\"text\">\n\t\t\n\n<p>Unsere Mission<\/p>\n<p class=\"h7 no-margin\">Mit Kaffeeform denken wir das Mehrweg-Konzept weiter und bringen nachwachsende Stoffe, die in den M\u00fcll gewandert w\u00e4ren, in den Kreislauf zur\u00fcck \u2013 indem wir sie aufwerten, neue, sch\u00f6ne Alltagsgegenst\u00e4nde daraus herstellen und ihnen ein langes Leben schenken.<\/p>\n\t\t\n<style>\n#text-650536136 {\n  color: rgb(255, 208, 182);\n}\n#text-650536136 > * {\n  color: rgb(255, 208, 182);\n}\n<\/style>\n\t<\/div>\n\t\n\n              <\/div>\n           <\/div>\n                            \n<style>\n#text-box-1843418565 .text-inner {\n  padding: 0px 20px 30px 20px;\n}\n#text-box-1843418565 {\n  width: 100%;\n}\n#text-box-1843418565 .text-box-content {\n  font-size: 100%;\n}\n@media (min-width:550px) {\n  #text-box-1843418565 {\n    width: 66%;\n  }\n}\n<\/style>\n    <\/div>\n \n   <div id=\"text-box-2126311907\" class=\"text-box banner-layer x50 md-x50 lg-x50 y10 md-y15 lg-y25 res-text\">\n                                <div class=\"text-box-content text dark\">\n              \n              <div class=\"text-inner text-center\">\n                  \n\n\t<div id=\"text-881710848\" class=\"text\">\n\t\t\n\n<h1 class=\"uppercase\">Die<br>Kaffeeform<br>Geschichte<\/h1>\n\t\t\n<style>\n#text-881710848 {\n  color: rgb(255, 208, 182);\n}\n#text-881710848 > * {\n  color: rgb(255, 208, 182);\n}\n<\/style>\n\t<\/div>\n\t\n\n              <\/div>\n           <\/div>\n                            \n<style>\n#text-box-2126311907 .text-inner {\n  padding: 30px 0px 0px 0px;\n}\n#text-box-2126311907 {\n  width: 100%;\n}\n#text-box-2126311907 .text-box-content {\n  font-size: 100%;\n}\n@media (min-width:550px) {\n  #text-box-2126311907 {\n    width: 60%;\n  }\n  #text-box-2126311907 .text-box-content {\n    font-size: 100%;\n  }\n}\n<\/style>\n    <\/div>\n \n\n        <\/div>\n      <\/div>\n\n            \n<style>\n#banner-547096949 {\n  padding-top: 166%;\n}\n#banner-547096949 .banner-bg img {\n  object-position: 47% 54%;\n}\n@media (min-width:550px) {\n  #banner-547096949 {\n    padding-top: 111%;\n  }\n}\n@media (min-width:850px) {\n  #banner-547096949 {\n    padding-top: 1250px;\n  }\n}\n<\/style>\n  <\/div>\n\n\n\n\t\t<\/div>\n\n\t\t\n<style>\n#section_1221316535 {\n  padding-top: 0px;\n  padding-bottom: 0px;\n}\n<\/style>\n\t<\/section>\n\t\n\n\t<section class=\"section\" id=\"section_1677142412\">\n\t\t<div class=\"section-bg fill\" >\n\t\t\t\t\t\t\t\t\t\n\t\t\t\n\n\t\t<\/div>\n\n\t\t\n\n\t\t<div class=\"section-content relative\">\n\t\t\t\n\n<div class=\"row row-collapse row-full-width align-equal\"  id=\"row-1320828110\">\n\n\n\t<div id=\"col-1485223802\" class=\"col medium-6 small-12 large-4\"  >\n\t\t\t\t<div class=\"col-inner dark\" style=\"background-color:rgb(54, 25, 23);\" >\n\t\t\t\n\t\t\t\n\n\t<div id=\"text-3031801818\" class=\"text\">\n\t\t\n\n<h3>Unsere<br \/>Geschichte<\/h3>\n<p>Kaffee ist das beliebteste Getr\u00e4nk der Welt. Der globale Konsum steigt kontinuierlich an, damit auch der Kaffeesatz, die Reste. Doch wo landet der Kaffeesatz? Kann man ihn sinnvoll weiter verwenden?<\/p>\n<p><strong>Die Idee, aus vermeintlichem Abfall etwas Neues und Best\u00e4ndiges zu schaffen,<\/strong> lie\u00df Produktdesigner Julian Nachtigall-Lechner seit 2009 nicht mehr los und er begann, mit Kaffeesatz zu experimentieren. Drei Jahre sp\u00e4ter war die einzigartige Formel gefunden: aus recyceltem Kaffeesatz und nachwachsenden Rohstoffen entstand das langlebige, robuste Kaffeeform Kaffee-Material. Und daraus die <a href=\"https:\/\/www.kaffeeform.com\/de\/shop\/\">Kaffeeform Cups<\/a>.<\/p>\n\t\t\n<style>\n#text-3031801818 {\n  color: rgb(255, 208, 182);\n}\n#text-3031801818 > * {\n  color: rgb(255, 208, 182);\n}\n<\/style>\n\t<\/div>\n\t\n\n\t\t<\/div>\n\t\t\t\t\n<style>\n#col-1485223802 > .col-inner {\n  padding: 30px 20px 30px 20px;\n}\n@media (min-width:550px) {\n  #col-1485223802 > .col-inner {\n    padding: 45px 30px 45px 30px;\n  }\n}\n@media (min-width:850px) {\n  #col-1485223802 > .col-inner {\n    padding: 60px 40px 60px 40px;\n  }\n}\n<\/style>\n\t<\/div>\n\n\t\n\n\t<div id=\"col-442872785\" class=\"col medium-6 small-12 large-8\"  >\n\t\t\t\t<div class=\"col-inner\"  >\n\t\t\t\n\t\t\t\n\n\n  <div class=\"banner has-hover\" id=\"banner-1280719246\">\n          <div class=\"banner-inner fill\">\n        <div class=\"banner-bg fill\" >\n            <img loading=\"lazy\" decoding=\"async\" width=\"1602\" height=\"2400\" src=\"https:\/\/www.kaffeeform.com\/wp-content\/uploads\/2022\/09\/Kaffeeform-Julian-Lechner-c-Luke-Marshall-Johnson-8-scaled.jpg\" class=\"bg attachment-original size-original\" alt=\"Kaffeeform Gr\u00fcnder Founder Julian Lechner\" \/>                                    \n                    <\/div>\n\t\t\n        <div class=\"banner-layers container\">\n            <div class=\"fill banner-link\"><\/div>            \n\n   <div id=\"text-box-354116050\" class=\"text-box banner-layer x50 md-x50 lg-x50 y50 md-y50 lg-y50 res-text\">\n                                <div class=\"text-box-content text dark\">\n              \n              <div class=\"text-inner text-center\">\n                  \n\n\n              <\/div>\n           <\/div>\n                            \n<style>\n#text-box-354116050 {\n  width: 60%;\n}\n#text-box-354116050 .text-box-content {\n  font-size: 100%;\n}\n@media (min-width:550px) {\n  #text-box-354116050 {\n    width: 60%;\n  }\n}\n<\/style>\n    <\/div>\n \n\n        <\/div>\n      <\/div>\n\n            \n<style>\n#banner-1280719246 {\n  padding-top: 99.99%;\n}\n#banner-1280719246 .banner-bg img {\n  object-position: 53% 34%;\n}\n@media (min-width:550px) {\n  #banner-1280719246 {\n    padding-top: 150%;\n  }\n}\n@media (min-width:850px) {\n  #banner-1280719246 {\n    padding-top: 90%;\n  }\n}\n<\/style>\n  <\/div>\n\n\n\n\t\t<\/div>\n\t\t\t\t\t<\/div>\n\n\t\n\n<\/div>\n\n\t\t<\/div>\n\n\t\t\n<style>\n#section_1677142412 {\n  padding-top: 0px;\n  padding-bottom: 0px;\n}\n<\/style>\n\t<\/section>\n\t\n\n\t<section class=\"section\" id=\"section_239673638\">\n\t\t<div class=\"section-bg fill\" >\n\t\t\t\t\t\t\t\t\t\n\t\t\t\n\n\t\t<\/div>\n\n\t\t\n\n\t\t<div class=\"section-content relative\">\n\t\t\t\n\n<div class=\"row row-collapse row-full-width align-equal\"  id=\"row-571337396\">\n\n\n\t<div id=\"col-693866959\" class=\"col medium-6 small-12 large-8\"  >\n\t\t\t\t<div class=\"col-inner\"  >\n\t\t\t\n\t\t\t\n\n\n  <div class=\"banner has-hover\" id=\"banner-2072493040\">\n          <div class=\"banner-inner fill\">\n        <div class=\"banner-bg fill\" >\n            <img loading=\"lazy\" decoding=\"async\" width=\"1920\" height=\"2400\" src=\"https:\/\/www.kaffeeform.com\/wp-content\/uploads\/2022\/09\/Kaffeeform-Weducer-Cup-Refined-in-nutmeg.jpg\" class=\"bg attachment-original size-original\" alt=\"Kaffeeform Weducer Cup Refined in nutmeg - Circular Economy &amp; Upcycling Blog Post\" \/>                                    \n                    <\/div>\n\t\t\n        <div class=\"banner-layers container\">\n            <div class=\"fill banner-link\"><\/div>            \n\n   <div id=\"text-box-852440650\" class=\"text-box banner-layer x50 md-x50 lg-x50 y50 md-y50 lg-y50 res-text\">\n                                <div class=\"text-box-content text dark\">\n              \n              <div class=\"text-inner text-center\">\n                  \n\n\n              <\/div>\n           <\/div>\n                            \n<style>\n#text-box-852440650 {\n  width: 60%;\n}\n#text-box-852440650 .text-box-content {\n  font-size: 100%;\n}\n@media (min-width:550px) {\n  #text-box-852440650 {\n    width: 60%;\n  }\n}\n<\/style>\n    <\/div>\n \n\n        <\/div>\n      <\/div>\n\n            \n<style>\n#banner-2072493040 {\n  padding-top: 99.99%;\n}\n#banner-2072493040 .banner-bg img {\n  object-position: 50% 44%;\n}\n@media (min-width:550px) {\n  #banner-2072493040 {\n    padding-top: 150%;\n  }\n}\n@media (min-width:850px) {\n  #banner-2072493040 {\n    padding-top: 90%;\n  }\n}\n<\/style>\n  <\/div>\n\n\n\n\t\t<\/div>\n\t\t\t\t\t<\/div>\n\n\t\n\n\t<div id=\"col-1462406205\" class=\"col medium-6 small-12 large-4 small-col-first\"  >\n\t\t\t\t<div class=\"col-inner\" style=\"background-color:rgb(255, 208, 182);\" >\n\t\t\t\n\t\t\t\n\n<h3>\u00dcberraschend einzigartige Materialkompositionen<\/h3>\n<p>Die Basis unserer Produkte bilden Materialien auf Basis von <strong>pflanzlichen Rohstoffen mit recycelten Naturfasern<\/strong>. Sie sind sehr leicht, jedoch besonders langlebig und robust. Vegan und tierversuchsfrei. Wir kommen dabei\u00a0ohne erd\u00f6lbasierte Polymere aus.<\/p>\n<p>Den Anfang hat unser Coffee Material mit recyceltem Kaffeesatz gemacht. Aber nicht nur Kaffeesatz wird t\u00e4glich weggeworfen. In unserer neusten Materialkomposition schenken wir Holzsp\u00e4nen, die in der Holzproduktion in S\u00fcddeutschland anfallen, ein neues Leben.<\/p>\n<a href=\"https:\/\/www.kaffeeform.com\/de\/material\/\" class=\"button primary is-outline\"  style=\"border-radius:10px;\">\n\t\t<span>Mehr zum Material<\/span>\n\t<\/a>\n\n\n\n\t\t<\/div>\n\t\t\t\t\n<style>\n#col-1462406205 > .col-inner {\n  padding: 30px 20px 30px 20px;\n}\n@media (min-width:550px) {\n  #col-1462406205 > .col-inner {\n    padding: 45px 30px 45px 30px;\n  }\n}\n@media (min-width:850px) {\n  #col-1462406205 > .col-inner {\n    padding: 60px 40px 60px 40px;\n  }\n}\n<\/style>\n\t<\/div>\n\n\t\n\n<\/div>\n\n\t\t<\/div>\n\n\t\t\n<style>\n#section_239673638 {\n  padding-top: 0px;\n  padding-bottom: 0px;\n}\n<\/style>\n\t<\/section>\n\t\n\n\t<section class=\"section\" id=\"section_115966649\">\n\t\t<div class=\"section-bg fill\" >\n\t\t\t\t\t\t\t\t\t\n\t\t\t\n\n\t\t<\/div>\n\n\t\t\n\n\t\t<div class=\"section-content relative\">\n\t\t\t\n\n<div class=\"row row-collapse row-full-width align-equal\"  id=\"row-1427100024\">\n\n\n\t<div id=\"col-265414556\" class=\"col medium-6 small-12 large-4 small-col-first\"  >\n\t\t\t\t<div class=\"col-inner\" style=\"background-color:rgb(254, 229, 216);\" >\n\t\t\t\n\t\t\t\n\n<h3>Lokal. Sozial. Fair.<\/h3>\n<p>Kaffeeform wurde 2015 in Berlin gegr\u00fcndet. Bis heute werden alle Produkte in Berlin entworfen und in Deutschland produziert. Wir setzen in der Produktion auf kurze und gr\u00fcne Wege, um lokale und unabh\u00e4ngige Strukturen zu st\u00e4rken. Der Transport des Kaffeesatzes erfolgt durch ein Fahrradkurier-Kollektiv, Konfektionierung, Druck und Versand \u00fcber soziale Werkst\u00e4tten.<strong> So kann Kaffeeform der Community lokal etwas zur\u00fcckgeben.<\/strong><\/p>\n\n\t\t<\/div>\n\t\t\t\t\n<style>\n#col-265414556 > .col-inner {\n  padding: 30px 20px 30px 20px;\n}\n@media (min-width:550px) {\n  #col-265414556 > .col-inner {\n    padding: 45px 30px 45px 30px;\n  }\n}\n@media (min-width:850px) {\n  #col-265414556 > .col-inner {\n    padding: 60px 40px 60px 40px;\n  }\n}\n<\/style>\n\t<\/div>\n\n\t\n\n\t<div id=\"col-459902075\" class=\"col medium-6 small-12 large-8\"  >\n\t\t\t\t<div class=\"col-inner\"  >\n\t\t\t\n\t\t\t\n\n\n  <div class=\"banner has-hover\" id=\"banner-854651913\">\n          <div class=\"banner-inner fill\">\n        <div class=\"banner-bg fill\" >\n            <img loading=\"lazy\" decoding=\"async\" width=\"1600\" height=\"1600\" src=\"https:\/\/www.kaffeeform.com\/wp-content\/uploads\/2020\/05\/Kaffeeform-crow-cycle-collective-9-scaled.jpg\" class=\"bg attachment-original size-original\" alt=\"Fahrradkurier mit Kaffeeform Paket\" \/>                                    \n                    <\/div>\n\t\t\n        <div class=\"banner-layers container\">\n            <div class=\"fill banner-link\"><\/div>            \n\n   <div id=\"text-box-679516681\" class=\"text-box banner-layer x50 md-x50 lg-x50 y50 md-y50 lg-y50 res-text\">\n                                <div class=\"text-box-content text dark\">\n              \n              <div class=\"text-inner text-center\">\n                  \n\n\n              <\/div>\n           <\/div>\n                            \n<style>\n#text-box-679516681 {\n  width: 60%;\n}\n#text-box-679516681 .text-box-content {\n  font-size: 100%;\n}\n@media (min-width:550px) {\n  #text-box-679516681 {\n    width: 60%;\n  }\n}\n<\/style>\n    <\/div>\n \n\n        <\/div>\n      <\/div>\n\n            \n<style>\n#banner-854651913 {\n  padding-top: 99.99%;\n}\n#banner-854651913 .banner-bg img {\n  object-position: 50% 33%;\n}\n@media (min-width:550px) {\n  #banner-854651913 {\n    padding-top: 150%;\n  }\n}\n@media (min-width:850px) {\n  #banner-854651913 {\n    padding-top: 60%;\n  }\n}\n<\/style>\n  <\/div>\n\n\n\n\t\t<\/div>\n\t\t\t\t\t<\/div>\n\n\t\n\n<\/div>\n\n\t\t<\/div>\n\n\t\t\n<style>\n#section_115966649 {\n  padding-top: 0px;\n  padding-bottom: 0px;\n}\n<\/style>\n\t<\/section>\n\t\n\n\t<section class=\"section\" id=\"section_601437146\">\n\t\t<div class=\"section-bg fill\" >\n\t\t\t\t\t\t\t\t\t\n\t\t\t\n\n\t\t<\/div>\n\n\t\t\n\n\t\t<div class=\"section-content relative\">\n\t\t\t\n\n<div class=\"row row-collapse row-full-width align-equal\"  id=\"row-1902519082\">\n\n\n\t<div id=\"col-205746128\" class=\"col medium-6 small-12 large-8\"  >\n\t\t\t\t<div class=\"col-inner\"  >\n\t\t\t\n\t\t\t\n\n\n  <div class=\"banner has-hover\" id=\"banner-683927582\">\n          <div class=\"banner-inner fill\">\n        <div class=\"banner-bg fill\" >\n            <img loading=\"lazy\" decoding=\"async\" width=\"2400\" height=\"1800\" src=\"https:\/\/www.kaffeeform.com\/wp-content\/uploads\/2022\/06\/MMH_Kaffeeform_Fin_Webres_new-12.jpg\" class=\"bg attachment-original size-original\" alt=\"Weducer Cup Refined in cardamom &amp; Cayenne\" \/>                                    \n                    <\/div>\n\t\t\n        <div class=\"banner-layers container\">\n            <div class=\"fill banner-link\"><\/div>            \n\n   <div id=\"text-box-778175874\" class=\"text-box banner-layer x50 md-x50 lg-x50 y50 md-y50 lg-y50 res-text\">\n                                <div class=\"text-box-content text dark\">\n              \n              <div class=\"text-inner text-center\">\n                  \n\n\n              <\/div>\n           <\/div>\n                            \n<style>\n#text-box-778175874 {\n  width: 60%;\n}\n#text-box-778175874 .text-box-content {\n  font-size: 100%;\n}\n@media (min-width:550px) {\n  #text-box-778175874 {\n    width: 60%;\n  }\n}\n<\/style>\n    <\/div>\n \n\n        <\/div>\n      <\/div>\n\n            \n<style>\n#banner-683927582 {\n  padding-top: 99.99%;\n}\n#banner-683927582 .banner-bg img {\n  object-position: 82% 42%;\n}\n@media (min-width:550px) {\n  #banner-683927582 {\n    padding-top: 150%;\n  }\n}\n@media (min-width:850px) {\n  #banner-683927582 {\n    padding-top: 99%;\n  }\n}\n<\/style>\n  <\/div>\n\n\n\n\t\t<\/div>\n\t\t\t\t\t<\/div>\n\n\t\n\n\t<div id=\"col-1284455700\" class=\"col medium-6 small-12 large-4 small-col-first\"  >\n\t\t\t\t<div class=\"col-inner dark\" style=\"background-color:rgb(254, 229, 216);\" >\n\t\t\t\n\t\t\t\n\n\t<div id=\"text-879111043\" class=\"text\">\n\t\t\n\n<h3>Im Kreislauf denken: Design &amp; Nachhaltigkeit<\/h3>\n<p>Kaffeeform f\u00f6rdert das Prinzip der Kreislaufwirtschaft. Der steigende Kaffeekonsum weltweit produziert immer mehr Kaffeesatz, der meist direkt im M\u00fcll landet und dort in gro\u00dfen Mengen Methan freisetzt.<\/p>\n<p>Hier setzt Kaffeeform an und nutzt die sonst verschwendete Ressource als Rohstoff weiter, um die Neuproduktion von Kunststoffen anteilig zu ersetzen. Diesen Prozess wenden wir inzwischen auch zum recyceln von Holzsp\u00e4nen an. Das daraus entstehende innovative Material ist ebenso langlebig. Der Kreislauf schlie\u00dft sich.<\/p>\n<p>Kaffeeform vereint Design und Gestaltung mit Nachhaltigkeit und Ressourcenschonung. Besonders die preisgekr\u00f6nten <a href=\"https:\/\/www.kaffeeform.com\/de\/shop\/\">Weducer Cups<\/a> zeigen, wie Form und Funktion der Nachhaltigkeit den Weg in den Alltag ebnen und das Konzept von Mehrwegl\u00f6sungen bekannter machen.<\/p>\n\t\t\n<style>\n#text-879111043 {\n  color: rgb(0, 0, 0);\n}\n#text-879111043 > * {\n  color: rgb(0, 0, 0);\n}\n<\/style>\n\t<\/div>\n\t\n\n\t\t<\/div>\n\t\t\t\t\n<style>\n#col-1284455700 > .col-inner {\n  padding: 30px 20px 30px 20px;\n}\n@media (min-width:550px) {\n  #col-1284455700 > .col-inner {\n    padding: 45px 30px 45px 30px;\n  }\n}\n@media (min-width:850px) {\n  #col-1284455700 > .col-inner {\n    padding: 60px 40px 60px 40px;\n  }\n}\n<\/style>\n\t<\/div>\n\n\t\n\n<\/div>\n\n\t\t<\/div>\n\n\t\t\n<style>\n#section_601437146 {\n  padding-top: 0px;\n  padding-bottom: 0px;\n}\n<\/style>\n\t<\/section>\n\t\n\n\t<section class=\"section\" id=\"section_114000279\">\n\t\t<div class=\"section-bg fill\" >\n\t\t\t\t\t\t\t\t\t\n\t\t\t\n\n\t\t<\/div>\n\n\t\t\n\n\t\t<div class=\"section-content relative\">\n\t\t\t\n\n<div class=\"row row-collapse row-full-width align-equal\"  id=\"row-750201323\">\n\n\n\t<div id=\"col-1872950797\" class=\"col medium-6 small-12 large-4\"  >\n\t\t\t\t<div class=\"col-inner dark\" style=\"background-color:rgb(255, 208, 182);\" >\n\t\t\t\n\t\t\t\n\n\t<div id=\"text-421339639\" class=\"text\">\n\t\t\n\n<h3>Unwaste and reshape<\/h3>\n<p>Unsere To-go Cups sind nur der Anfang. F\u00fcr den gr\u00f6\u00dftm\u00f6glichen Impact m\u00f6chten wir zuk\u00fcnftig weitere nachhaltige, gut gestaltete Alltagsbegleiter in anderen Produktkategorien etablieren. Den Startschuss hat die <a href=\"https:\/\/www.kaffeeform.com\/de\/shop\/coffee-watch\/\">Coffee Watch<\/a> gegeben \u2013 die erste Uhr weltweit mit einem Geh\u00e4use aus unserem Innovativen Coffee Material mit recyceltem Kaffeesatz.<\/p>\n<p>Unwaste &amp; Reshape ist f\u00fcr uns nicht einfach nur ein Begriff, sondern eine Lebenseinstellung.<\/p>\n<p><strong>Bist du auch dabei?<\/strong><\/p>\n\t\t\n<style>\n#text-421339639 {\n  color: rgb(0, 0, 0);\n}\n#text-421339639 > * {\n  color: rgb(0, 0, 0);\n}\n<\/style>\n\t<\/div>\n\t\n\n\t\t<\/div>\n\t\t\t\t\n<style>\n#col-1872950797 > .col-inner {\n  padding: 30px 20px 30px 20px;\n}\n@media (min-width:550px) {\n  #col-1872950797 > .col-inner {\n    padding: 45px 30px 45px 30px;\n  }\n}\n@media (min-width:850px) {\n  #col-1872950797 > .col-inner {\n    padding: 60px 40px 60px 40px;\n  }\n}\n<\/style>\n\t<\/div>\n\n\t\n\n\t<div id=\"col-876142394\" class=\"col medium-6 small-12 large-8\"  >\n\t\t\t\t<div class=\"col-inner\"  >\n\t\t\t\n\t\t\t\n\n\n  <div class=\"banner has-hover\" id=\"banner-894272510\">\n          <div class=\"banner-inner fill\">\n        <div class=\"banner-bg fill\" >\n            <img loading=\"lazy\" decoding=\"async\" width=\"2400\" height=\"1602\" src=\"https:\/\/www.kaffeeform.com\/wp-content\/uploads\/2022\/05\/Kaffeeform-Coffee-Watch-Latte-braun-und-dunkelbraun.jpg\" class=\"bg attachment-original size-original\" alt=\"Kaffeeform Coffee Watch Latte braun und dunkelbraun\" \/>                                    \n                    <\/div>\n\t\t\n        <div class=\"banner-layers container\">\n            <div class=\"fill banner-link\"><\/div>            \n\n   <div id=\"text-box-663074896\" class=\"text-box banner-layer x50 md-x50 lg-x50 y50 md-y50 lg-y50 res-text\">\n                                <div class=\"text-box-content text dark\">\n              \n              <div class=\"text-inner text-center\">\n                  \n\n\n              <\/div>\n           <\/div>\n                            \n<style>\n#text-box-663074896 {\n  width: 60%;\n}\n#text-box-663074896 .text-box-content {\n  font-size: 100%;\n}\n@media (min-width:550px) {\n  #text-box-663074896 {\n    width: 60%;\n  }\n}\n<\/style>\n    <\/div>\n \n\n        <\/div>\n      <\/div>\n\n            \n<style>\n#banner-894272510 {\n  padding-top: 99.99%;\n}\n#banner-894272510 .banner-bg img {\n  object-position: 82% 42%;\n}\n@media (min-width:550px) {\n  #banner-894272510 {\n    padding-top: 150%;\n  }\n}\n@media (min-width:850px) {\n  #banner-894272510 {\n    padding-top: 70%;\n  }\n}\n<\/style>\n  <\/div>\n\n\n\n\t\t<\/div>\n\t\t\t\t\t<\/div>\n\n\t\n\n<\/div>\n\n\t\t<\/div>\n\n\t\t\n<style>\n#section_114000279 {\n  padding-top: 0px;\n  padding-bottom: 0px;\n}\n<\/style>\n\t<\/section>\n\t\n\n\t<section class=\"section\" id=\"section_686522242\">\n\t\t<div class=\"section-bg fill\" >\n\t\t\t\t\t\t\t\t\t\n\t\t\t\n\n\t\t<\/div>\n\n\t\t\n\n\t\t<div class=\"section-content relative\">\n\t\t\t\n\n<div class=\"row row-collapse row-full-width\"  id=\"row-1344488644\">\n\n\n\t<div id=\"col-434269849\" class=\"col small-12 large-12\"  >\n\t\t\t\t<div class=\"col-inner\"  >\n\t\t\t\n\t\t\t\n\n\n  <div class=\"banner has-hover bg-zoom\" id=\"banner-551797946\">\n          <div class=\"banner-inner fill\">\n        <div class=\"banner-bg fill\" >\n            <img loading=\"lazy\" decoding=\"async\" width=\"1875\" height=\"1339\" src=\"https:\/\/www.kaffeeform.com\/wp-content\/uploads\/2021\/11\/73f0134a-84d1-4a72-b560-fe1457584361.jpg\" class=\"bg attachment-original size-original\" alt=\"Kaffeeform Weducer Cup Essential Mood shoot\" \/>                                    \n                    <\/div>\n\t\t\n        <div class=\"banner-layers container\">\n            <div class=\"fill banner-link\"><\/div>            \n\n\t<div class=\"img has-hover x50 md-x50 lg-x50 y50 md-y50 lg-y50\" id=\"image_1604127000\">\n\t\t\t\t\t\t\t\t<div class=\"img-inner dark\" style=\"margin:0px 40px 0px 40px;\">\n\t\t\t<img loading=\"lazy\" decoding=\"async\" width=\"800\" height=\"600\" src=\"https:\/\/www.kaffeeform.com\/wp-content\/uploads\/2021\/10\/GFX_NegBean_4x3_-Background-001.svg\" class=\"attachment-large size-large\" alt=\"\" \/>\t\t\t\t\t\t\n\t\t\t\t\t<\/div>\n\t\t\t\t\t\t\t\t\n<style>\n#image_1604127000 {\n  width: 100%;\n}\n@media (min-width:550px) {\n  #image_1604127000 {\n    width: 66%;\n  }\n}\n@media (min-width:850px) {\n  #image_1604127000 {\n    width: 52%;\n  }\n}\n<\/style>\n\t<\/div>\n\t\n\n   <div id=\"text-box-1442622720\" class=\"text-box banner-layer x50 md-x50 lg-x50 y50 md-y50 lg-y50 res-text\">\n                                <div class=\"text-box-content text dark\">\n              \n              <div class=\"text-inner text-center\">\n                  \n\n\t<div id=\"text-2425081462\" class=\"text\">\n\t\t\n\n<h2 class=\"no-margin\"><a href=\"https:\/\/www.kaffeeform.com\/de\/shop\/\">Zum<br>Shop<\/a><\/h2>\n\t\t\n<style>\n#text-2425081462 {\n  color: rgb(255, 208, 182);\n}\n#text-2425081462 > * {\n  color: rgb(255, 208, 182);\n}\n<\/style>\n\t<\/div>\n\t\n\n              <\/div>\n           <\/div>\n                            \n<style>\n#text-box-1442622720 {\n  width: 60%;\n}\n#text-box-1442622720 .text-box-content {\n  font-size: 100%;\n}\n<\/style>\n    <\/div>\n \n\n        <\/div>\n      <\/div>\n\n            \n<style>\n#banner-551797946 {\n  padding-top: 99.99%;\n}\n#banner-551797946 .banner-bg img {\n  object-position: 47% 70%;\n}\n@media (min-width:550px) {\n  #banner-551797946 {\n    padding-top: 55%;\n  }\n}\n<\/style>\n  <\/div>\n\n\n\n\t\t<\/div>\n\t\t\t\t\t<\/div>\n\n\t\n\n<\/div>\n\n\t\t<\/div>\n\n\t\t\n<style>\n#section_686522242 {\n  padding-top: 0px;\n  padding-bottom: 0px;\n}\n<\/style>\n\t<\/section>\n\t\n\n","protected":false},"excerpt":{"rendered":"","protected":false},"author":2829,"featured_media":146147,"parent":0,"menu_order":0,"comment_status":"closed","ping_status":"closed","template":"page-blank.php","meta":{"_acf_changed":false,"footnotes":""},"class_list":["post-148552","page","type-page","status-publish","has-post-thumbnail","hentry"],"acf":[],"_links":{"self":[{"href":"https:\/\/www.kaffeeform.com\/de\/wp-json\/wp\/v2\/pages\/148552","targetHints":{"allow":["GET"]}}],"collection":[{"href":"https:\/\/www.kaffeeform.com\/de\/wp-json\/wp\/v2\/pages"}],"about":[{"href":"https:\/\/www.kaffeeform.com\/de\/wp-json\/wp\/v2\/types\/page"}],"author":[{"embeddable":true,"href":"https:\/\/www.kaffeeform.com\/de\/wp-json\/wp\/v2\/users\/2829"}],"replies":[{"embeddable":true,"href":"https:\/\/www.kaffeeform.com\/de\/wp-json\/wp\/v2\/comments?post=148552"}],"version-history":[{"count":51,"href":"https:\/\/www.kaffeeform.com\/de\/wp-json\/wp\/v2\/pages\/148552\/revisions"}],"predecessor-version":[{"id":148728,"href":"https:\/\/www.kaffeeform.com\/de\/wp-json\/wp\/v2\/pages\/148552\/revisions\/148728"}],"wp:featuredmedia":[{"embeddable":true,"href":"https:\/\/www.kaffeeform.com\/de\/wp-json\/wp\/v2\/media\/146147"}],"wp:attachment":[{"href":"https:\/\/www.kaffeeform.com\/de\/wp-json\/wp\/v2\/media?parent=148552"}],"curies":[{"name":"wp","href":"https:\/\/api.w.org\/{rel}","templated":true}]}}