{"id":188,"date":"2019-06-17T04:16:22","date_gmt":"2019-06-17T04:16:22","guid":{"rendered":"https:\/\/www.kaffeeform.com\/?page_id=188"},"modified":"2021-09-22T17:49:27","modified_gmt":"2021-09-22T15:49:27","slug":"story","status":"publish","type":"page","link":"https:\/\/www.kaffeeform.com\/de\/story\/","title":{"rendered":"Story"},"content":{"rendered":"\n\n\t<section class=\"section\" id=\"section_1955485956\">\n\t\t<div class=\"section-bg fill\" >\n\t\t\t\t\t\t\t\t\t\n\t\t\t\n\n\t\t<\/div>\n\n\t\t\n\n\t\t<div class=\"section-content relative\">\n\t\t\t\n\n\n  <div class=\"banner has-hover header-banner\" id=\"banner-1206167794\">\n          <div class=\"banner-inner fill\">\n        <div class=\"banner-bg fill\" >\n            <img loading=\"lazy\" decoding=\"async\" width=\"1335\" height=\"890\" src=\"https:\/\/www.kaffeeform.com\/wp-content\/uploads\/2019\/08\/Kaffeeform-Hero-Kaffetasse-Tisch-drau\u00dfen.jpg\" class=\"bg attachment-original size-original\" alt=\"Kaffeeform Cup mit schwarzem Kaffee auf einem Holztisch\" \/>                                    \n                    <\/div>\n\t\t\n        <div class=\"banner-layers container\">\n            <div class=\"fill banner-link\"><\/div>            \n\n   <div id=\"text-box-1666422951\" class=\"text-box banner-layer m-light x0 md-x0 lg-x0 y100 md-y100 lg-y100 res-text\">\n                                <div class=\"text-box-content text \">\n              \n              <div class=\"text-inner text-left\">\n                  \n\n<h3 class=\"uppercase m-center\">DIE KAFFEEFORM IDEE<\/h3>\n<p class=\"m-center\"><span style=\"font-size: 120%;\">Der Weg vom gebrauchten Kaffeesatz zur Tasse.<br \/>Eine Berliner Geschichte.<\/span><\/p>\n\n              <\/div>\n           <\/div>\n                            \n<style>\n#text-box-1666422951 .text-inner {\n  padding: 15px 15px 30px 15px;\n}\n#text-box-1666422951 {\n  width: 100%;\n}\n#text-box-1666422951 .text-box-content {\n  font-size: 100%;\n}\n@media (min-width:550px) {\n  #text-box-1666422951 .text-inner {\n    padding: 0px 0px 30px 15px;\n  }\n  #text-box-1666422951 {\n    width: 50%;\n  }\n}\n@media (min-width:850px) {\n  #text-box-1666422951 {\n    width: 40%;\n  }\n}\n<\/style>\n    <\/div>\n \n\n        <\/div>\n      <\/div>\n\n            \n<style>\n#banner-1206167794 {\n  padding-top: 125%;\n  background-color: rgb(234, 231, 226);\n}\n#banner-1206167794 .banner-bg img {\n  object-position: 76% 50%;\n}\n@media (min-width:550px) {\n  #banner-1206167794 {\n    padding-top: 500px;\n  }\n}\n<\/style>\n  <\/div>\n\n\n\n\t\t<\/div>\n\n\t\t\n<style>\n#section_1955485956 {\n  padding-top: 0px;\n  padding-bottom: 0px;\n}\n<\/style>\n\t<\/section>\n\t\n\n\t<section class=\"section\" id=\"section_894838576\">\n\t\t<div class=\"section-bg fill\" >\n\t\t\t\t\t\t\t\t\t\n\t\t\t\n\n\t\t<\/div>\n\n\t\t\n\n\t\t<div class=\"section-content relative\">\n\t\t\t\n\n<div class=\"row align-middle\"  id=\"row-973129025\">\n\n\n\t<div id=\"col-1611975312\" class=\"col small-12 large-12\"  >\n\t\t\t\t<div class=\"col-inner\"  >\n\t\t\t\n\t\t\t\n\n<h3 class=\"uppercase\">Lebenselixier Kaffee<\/h3>\n<p>Kaffee ist in vielen Kulturen tief verankert und das beliebteste Getr\u00e4nk der Welt. Der globale Konsum steigt kontinuierlich an, damit auch der Kaffeesatz, die Reste. Doch wo landet der Kaffeesatz? Kann man ihn haltbar machen? Ihn sinnvoll weiter verwenden?<\/p>\n\n\t\t<\/div>\n\t\t\t\t\t<\/div>\n\n\t\n\n\t<div id=\"col-388702080\" class=\"col m-full-width medium-6 small-12 large-6\"  >\n\t\t\t\t<div class=\"col-inner\"  >\n\t\t\t\n\t\t\t\n\n\t<div class=\"img has-hover x md-x lg-x y md-y lg-y\" id=\"image_498777508\">\n\t\t\t\t\t\t\t\t<div class=\"img-inner image-cover dark\" style=\"padding-top:66%;\">\n\t\t\t<img loading=\"lazy\" decoding=\"async\" width=\"1020\" height=\"680\" src=\"https:\/\/www.kaffeeform.com\/wp-content\/uploads\/2019\/07\/Kaffeeform-Mosaik-LMJ-3005-1024x683.jpg\" class=\"attachment-large size-large\" alt=\"Kaffeeform Produktion\" srcset=\"https:\/\/www.kaffeeform.com\/wp-content\/uploads\/2019\/07\/Kaffeeform-Mosaik-LMJ-3005-1024x683.jpg 1024w, https:\/\/www.kaffeeform.com\/wp-content\/uploads\/2019\/07\/Kaffeeform-Mosaik-LMJ-3005-1200x801.jpg 1200w, https:\/\/www.kaffeeform.com\/wp-content\/uploads\/2019\/07\/Kaffeeform-Mosaik-LMJ-3005-1000x668.jpg 1000w, https:\/\/www.kaffeeform.com\/wp-content\/uploads\/2019\/07\/Kaffeeform-Mosaik-LMJ-3005-300x200.jpg 300w, https:\/\/www.kaffeeform.com\/wp-content\/uploads\/2019\/07\/Kaffeeform-Mosaik-LMJ-3005-768x513.jpg 768w\" sizes=\"auto, (max-width: 1020px) 100vw, 1020px\" \/>\t\t\t\t\t\t\n\t\t\t\t\t<\/div>\n\t\t\t\t\t\t\t\t\n<style>\n#image_498777508 {\n  width: 100%;\n}\n<\/style>\n\t<\/div>\n\t\n\n\n\t\t<\/div>\n\t\t\t\t\n<style>\n#col-388702080 > .col-inner {\n  padding: 0 0px 15px 0px;\n}\n<\/style>\n\t<\/div>\n\n\t\n\n\t<div id=\"col-1859727434\" class=\"col medium-6 small-12 large-6\"  >\n\t\t\t\t<div class=\"col-inner\"  >\n\t\t\t\n\t\t\t\n\n<h3 class=\"uppercase\">Die Vision<\/h3>\n<p>Die Idee, aus vermeintlichem Abfall etwas Neues und Best\u00e4ndiges zu schaffen, lie\u00df Produktdesigner Julian Nachtigall-Lechner nicht los und er begann, mit Kaffeesatz zu experimentieren. Drei Jahre sp\u00e4ter war die einzigartige Formel gefunden: aus recyceltem Kaffeesatz und nachwachsenden Rohstoffen entstand das langlebige, robuste Material Kaffeeform. Und daraus die Kaffeeform Tasse.<\/p>\n\n\t<div id=\"gap-1517486093\" class=\"gap-element clearfix\" style=\"display:block; height:auto;\">\n\t\t\n<style>\n#gap-1517486093 {\n  padding-top: 15px;\n}\n<\/style>\n\t<\/div>\n\t\n\n<a class=\"button primary is-outline ocs-toggle-kaffeeform-material\"  >\n\t\t<span>Mehr zum Material erfahren<\/span>\n\t<i class=\"icon-angle-right\" aria-hidden=\"true\" ><\/i><\/a>\n\n\n\n\t\t<\/div>\n\t\t\t\t\t<\/div>\n\n\t\n\n<\/div>\n\t<div id=\"gap-1269773381\" class=\"gap-element clearfix\" style=\"display:block; height:auto;\">\n\t\t\n<style>\n#gap-1269773381 {\n  padding-top: 15px;\n}\n<\/style>\n\t<\/div>\n\t\n\n<div class=\"row align-middle\"  id=\"row-704055938\">\n\n\n\t<div id=\"col-1321427393\" class=\"col medium-6 small-12 large-6\"  >\n\t\t\t\t<div class=\"col-inner\"  >\n\t\t\t\n\t\t\t\n\n<h3 class=\"uppercase\">Kaffeetassen aus Kaffeesatz?<\/h3>\n<p>Genau! Ein Fahrradkurier-Kollektiv sammelt den gebrauchten Kaffeesatz in ausgew\u00e4hlten Berliner Caf\u00e9s und R\u00f6stereien und bringt ihn zu einer sozialen Werkstatt. Dort wird er getrocknet und haltbar gemacht. In kleinen Betrieben in Deutschland wird das Material dann zusammengesetzt und zu Tassen geformt. Zur\u00fcck in der sozialen Werkstatt in Berlin erhalten die Kaffeeform Produkte den letzten Schliff, werden verpackt und zu Caf\u00e9s, Shops und Endkunden verschickt.<\/p>\n\t<div id=\"gap-1776527247\" class=\"gap-element clearfix\" style=\"display:block; height:auto;\">\n\t\t\n<style>\n#gap-1776527247 {\n  padding-top: 15px;\n}\n<\/style>\n\t<\/div>\n\t\n\n<a href=\"https:\/\/www.kaffeeform.com\/shop\/\" class=\"button primary is-outline\"  >\n\t\t<span>Produkte entdecken<\/span>\n\t<i class=\"icon-angle-right\" aria-hidden=\"true\" ><\/i><\/a>\n\n\n\n\t\t<\/div>\n\t\t\t\t\t<\/div>\n\n\t\n\n\t<div id=\"col-1880258402\" class=\"col m-full-width medium-6 small-12 large-6 small-col-first\"  >\n\t\t\t\t<div class=\"col-inner\"  >\n\t\t\t\n\t\t\t\n\n\t<div class=\"img has-hover x md-x lg-x y md-y lg-y\" id=\"image_348848268\">\n\t\t\t\t\t\t\t\t<div class=\"img-inner image-cover dark\" style=\"padding-top:66%;\">\n\t\t\t<img loading=\"lazy\" decoding=\"async\" width=\"1020\" height=\"681\" src=\"https:\/\/www.kaffeeform.com\/wp-content\/uploads\/2019\/07\/kaffeeform-march-sm-lmj-9662-1024x684.jpg\" class=\"attachment-large size-large\" alt=\"Detailansicht Kaffeeform Espresso Cup mit Untertasse\" srcset=\"https:\/\/www.kaffeeform.com\/wp-content\/uploads\/2019\/07\/kaffeeform-march-sm-lmj-9662-1024x684.jpg 1024w, https:\/\/www.kaffeeform.com\/wp-content\/uploads\/2019\/07\/kaffeeform-march-sm-lmj-9662-1200x801.jpg 1200w, https:\/\/www.kaffeeform.com\/wp-content\/uploads\/2019\/07\/kaffeeform-march-sm-lmj-9662-1000x668.jpg 1000w, https:\/\/www.kaffeeform.com\/wp-content\/uploads\/2019\/07\/kaffeeform-march-sm-lmj-9662-300x200.jpg 300w, https:\/\/www.kaffeeform.com\/wp-content\/uploads\/2019\/07\/kaffeeform-march-sm-lmj-9662-768x513.jpg 768w, https:\/\/www.kaffeeform.com\/wp-content\/uploads\/2019\/07\/kaffeeform-march-sm-lmj-9662.jpg 2000w\" sizes=\"auto, (max-width: 1020px) 100vw, 1020px\" \/>\t\t\t\t\t\t\n\t\t\t\t\t<\/div>\n\t\t\t\t\t\t\t\t\n<style>\n#image_348848268 {\n  width: 100%;\n}\n<\/style>\n\t<\/div>\n\t\n\n\n\t\t<\/div>\n\t\t\t\t\n<style>\n#col-1880258402 > .col-inner {\n  padding: 15px 0px 15px 0px;\n}\n<\/style>\n\t<\/div>\n\n\t\n\n<\/div>\n<div class=\"row align-middle align-center\"  id=\"row-207593389\">\n\n\n\t<div id=\"col-476377451\" class=\"col small-12 large-12\"  >\n\t\t\t\t<div class=\"col-inner\"  >\n\t\t\t\n\t\t\t\n\n<div class=\"row\"  id=\"row-391429072\">\n\n\n\t<div id=\"col-136032253\" class=\"col col-cup-outline medium-3 small-6 large-3\"  >\n\t\t\t\t<div class=\"col-inner text-center\"  >\n\t\t\t\n\t\t\t\n\n\n  <div class=\"banner has-hover\" id=\"banner-333176248\">\n          <div class=\"banner-inner fill\">\n        <div class=\"banner-bg fill\" >\n                                                \n                    <\/div>\n\t\t\n        <div class=\"banner-layers container\">\n            <div class=\"fill banner-link\"><\/div>            \n\n\t<div class=\"img has-hover x50 md-x50 lg-x50 y100 md-y100 lg-y100\" id=\"image_1872055139\">\n\t\t<a class=\"\" href=\"https:\/\/www.kaffeeform.com\/de\/shop\/weducer-cup\/\" >\t\t\t\t\t\t<div class=\"img-inner dark\" >\n\t\t\t<img loading=\"lazy\" decoding=\"async\" width=\"439\" height=\"439\" src=\"https:\/\/www.kaffeeform.com\/wp-content\/uploads\/2019\/08\/Kaffeeform-weducer-cup-outline-6pt-empty.svg\" class=\"attachment-large size-large\" alt=\"Kaffeeform Weducer Cup Illustration\" \/>\t\t\t\t\t\t\n\t\t\t\t\t<\/div>\n\t\t\t\t\t\t<\/a>\t\t\n<style>\n#image_1872055139 {\n  width: 50%;\n}\n<\/style>\n\t<\/div>\n\t\n\n\t<div class=\"img has-hover cup-full x50 md-x50 lg-x50 y100 md-y100 lg-y100\" id=\"image_1484923099\">\n\t\t<a class=\"\" href=\"https:\/\/www.kaffeeform.com\/de\/shop\/weducer-cup\/\" >\t\t\t\t\t\t<div class=\"img-inner dark\" >\n\t\t\t<img loading=\"lazy\" decoding=\"async\" width=\"439\" height=\"439\" src=\"https:\/\/www.kaffeeform.com\/wp-content\/uploads\/2019\/08\/Kaffeeform-weducer-cup-outline-full.svg\" class=\"attachment-large size-large\" alt=\"Kaffeeform Weducer Cup Illustration ausgef\u00fcllt\" \/>\t\t\t\t\t\t\n\t\t\t\t\t<\/div>\n\t\t\t\t\t\t<\/a>\t\t\n<style>\n#image_1484923099 {\n  width: 50%;\n}\n<\/style>\n\t<\/div>\n\t\n\n\n        <\/div>\n      <\/div>\n\n            \n<style>\n#banner-333176248 {\n  padding-top: 50%;\n  background-color: rgb(234, 231, 226);\n}\n<\/style>\n  <\/div>\n\n\n\t<div id=\"gap-2000275112\" class=\"gap-element clearfix\" style=\"display:block; height:auto;\">\n\t\t\n<style>\n#gap-2000275112 {\n  padding-top: 10px;\n}\n<\/style>\n\t<\/div>\n\t\n\n<h5 class=\"uppercase m-font-90\" style=\"margin-bottom: 0;\">Weducer\u2122 Cup<\/h5>\n<p class=\"m-font-90\" style=\"margin-top: 0;\">300 ml<\/p>\n\n\t\t<\/div>\n\t\t\t\t\n<style>\n#col-136032253 > .col-inner {\n  margin: 0px 0px -30px 0px;\n}\n<\/style>\n\t<\/div>\n\n\t\n\n\t<div id=\"col-1364638089\" class=\"col col-cup-outline medium-3 small-6 large-3\"  >\n\t\t\t\t<div class=\"col-inner text-center\"  >\n\t\t\t\n\t\t\t\n\n\n  <div class=\"banner has-hover\" id=\"banner-537586728\">\n          <div class=\"banner-inner fill\">\n        <div class=\"banner-bg fill\" >\n                                                \n                    <\/div>\n\t\t\n        <div class=\"banner-layers container\">\n            <div class=\"fill banner-link\"><\/div>            \n\n\t<div class=\"img has-hover x50 md-x50 lg-x50 y100 md-y100 lg-y100\" id=\"image_572468974\">\n\t\t\t\t\t\t\t\t<div class=\"img-inner dark\" >\n\t\t\t<img loading=\"lazy\" decoding=\"async\" width=\"439\" height=\"439\" src=\"https:\/\/www.kaffeeform.com\/wp-content\/uploads\/2019\/08\/Kaffeeform-espresso-cup-outline-6pt-empty.svg\" class=\"attachment-large size-large\" alt=\"Kaffeeform Espresso Cup Illustration\" \/>\t\t\t\t\t\t\n\t\t\t\t\t<\/div>\n\t\t\t\t\t\t\t\t\n<style>\n#image_572468974 {\n  width: 50%;\n}\n<\/style>\n\t<\/div>\n\t\n\n\t<div class=\"img has-hover cup-full x50 md-x50 lg-x50 y100 md-y100 lg-y100\" id=\"image_1666018926\">\n\t\t<a class=\"\" href=\"https:\/\/www.kaffeeform.com\/de\/shop\/espresso-tasse\/\" >\t\t\t\t\t\t<div class=\"img-inner dark\" >\n\t\t\t<img loading=\"lazy\" decoding=\"async\" width=\"439\" height=\"439\" src=\"https:\/\/www.kaffeeform.com\/wp-content\/uploads\/2020\/03\/Kaffeeform-espresso-cup-outline-full-edited.svg\" class=\"attachment-large size-large\" alt=\"Kaffeeform Espresso Cup Illustration ausgef\u00fcllt\" \/>\t\t\t\t\t\t\n\t\t\t\t\t<\/div>\n\t\t\t\t\t\t<\/a>\t\t\n<style>\n#image_1666018926 {\n  width: 50%;\n}\n<\/style>\n\t<\/div>\n\t\n\n\n        <\/div>\n      <\/div>\n\n            \n<style>\n#banner-537586728 {\n  padding-top: 50%;\n  background-color: rgb(234, 231, 226);\n}\n<\/style>\n  <\/div>\n\n\n\t<div id=\"gap-939587611\" class=\"gap-element clearfix\" style=\"display:block; height:auto;\">\n\t\t\n<style>\n#gap-939587611 {\n  padding-top: 10px;\n}\n<\/style>\n\t<\/div>\n\t\n\n<h5 class=\"uppercase m-font-90\" style=\"margin-bottom: 0;\">Espresso Cup<\/h5>\n<p style=\"margin-top: 0;\" class=\"m-font-90\">60 ml<\/p>\n\n\t\t<\/div>\n\t\t\t\t\n<style>\n#col-1364638089 > .col-inner {\n  margin: 0px 0px -30px 0px;\n}\n<\/style>\n\t<\/div>\n\n\t\n\n\t<div id=\"col-1142145099\" class=\"col col-cup-outline medium-3 small-6 large-3\"  >\n\t\t\t\t<div class=\"col-inner text-center\"  >\n\t\t\t\n\t\t\t\n\n\n  <div class=\"banner has-hover\" id=\"banner-920845452\">\n          <div class=\"banner-inner fill\">\n        <div class=\"banner-bg fill\" >\n                                                \n                    <\/div>\n\t\t\n        <div class=\"banner-layers container\">\n            <div class=\"fill banner-link\"><\/div>            \n\n\t<div class=\"img has-hover x50 md-x50 lg-x50 y100 md-y100 lg-y100\" id=\"image_746421758\">\n\t\t\t\t\t\t\t\t<div class=\"img-inner dark\" >\n\t\t\t<img loading=\"lazy\" decoding=\"async\" width=\"439\" height=\"439\" src=\"https:\/\/www.kaffeeform.com\/wp-content\/uploads\/2019\/08\/Kaffeeform-cappuccino-cup-outline-6pt-empty.svg\" class=\"attachment-large size-large\" alt=\"Kaffeeform Cappuccino Cup Illustration\" \/>\t\t\t\t\t\t\n\t\t\t\t\t<\/div>\n\t\t\t\t\t\t\t\t\n<style>\n#image_746421758 {\n  width: 50%;\n}\n<\/style>\n\t<\/div>\n\t\n\n\t<div class=\"img has-hover cup-full x50 md-x50 lg-x50 y100 md-y100 lg-y100\" id=\"image_1942107432\">\n\t\t<a class=\"\" href=\"https:\/\/www.kaffeeform.com\/de\/shop\/cappuccino-tasse\/\" >\t\t\t\t\t\t<div class=\"img-inner dark\" >\n\t\t\t<img loading=\"lazy\" decoding=\"async\" width=\"439\" height=\"439\" src=\"https:\/\/www.kaffeeform.com\/wp-content\/uploads\/2020\/03\/Kaffeeform-cappuccino-cup-outline-full-edited.svg\" class=\"attachment-large size-large\" alt=\"Kaffeeform Cappuccino Cup Illustration ausgef\u00fcllt\" \/>\t\t\t\t\t\t\n\t\t\t\t\t<\/div>\n\t\t\t\t\t\t<\/a>\t\t\n<style>\n#image_1942107432 {\n  width: 50%;\n}\n<\/style>\n\t<\/div>\n\t\n\n\n        <\/div>\n      <\/div>\n\n            \n<style>\n#banner-920845452 {\n  padding-top: 50%;\n  background-color: rgb(234, 231, 226);\n}\n<\/style>\n  <\/div>\n\n\n\t<div id=\"gap-186715284\" class=\"gap-element clearfix\" style=\"display:block; height:auto;\">\n\t\t\n<style>\n#gap-186715284 {\n  padding-top: 10px;\n}\n<\/style>\n\t<\/div>\n\t\n\n<h5 class=\"uppercase m-font-90\" style=\"margin-bottom: 0;\">cappuccino Cup<\/h5>\n<p style=\"margin-top: 0;\" class=\"m-font-90\">190 ml<\/p>\n\n\t\t<\/div>\n\t\t\t\t\n<style>\n#col-1142145099 > .col-inner {\n  margin: 0px 0px -30px 0px;\n}\n<\/style>\n\t<\/div>\n\n\t\n\n\t<div id=\"col-1914992862\" class=\"col col-cup-outline medium-3 small-6 large-3\"  >\n\t\t\t\t<div class=\"col-inner text-center\"  >\n\t\t\t\n\t\t\t\n\n\n  <div class=\"banner has-hover\" id=\"banner-765493457\">\n          <div class=\"banner-inner fill\">\n        <div class=\"banner-bg fill\" >\n                                                \n                    <\/div>\n\t\t\n        <div class=\"banner-layers container\">\n            <div class=\"fill banner-link\"><\/div>            \n\n\t<div class=\"img has-hover x50 md-x50 lg-x50 y100 md-y100 lg-y100\" id=\"image_128208159\">\n\t\t\t\t\t\t\t\t<div class=\"img-inner dark\" >\n\t\t\t<img loading=\"lazy\" decoding=\"async\" width=\"439\" height=\"439\" src=\"https:\/\/www.kaffeeform.com\/wp-content\/uploads\/2019\/08\/Kaffeeform-latte-cup-outline-6pt-empty.svg\" class=\"attachment-large size-large\" alt=\"Kaffeeform Latte Cup Illustration\" \/>\t\t\t\t\t\t\n\t\t\t\t\t<\/div>\n\t\t\t\t\t\t\t\t\n<style>\n#image_128208159 {\n  width: 50%;\n}\n<\/style>\n\t<\/div>\n\t\n\n\t<div class=\"img has-hover cup-full x50 md-x50 lg-x50 y100 md-y100 lg-y100\" id=\"image_461037865\">\n\t\t<a class=\"\" href=\"https:\/\/www.kaffeeform.com\/de\/shop\/milchkaffee-tasse\/\" >\t\t\t\t\t\t<div class=\"img-inner dark\" >\n\t\t\t<img loading=\"lazy\" decoding=\"async\" width=\"439\" height=\"439\" src=\"https:\/\/www.kaffeeform.com\/wp-content\/uploads\/2020\/03\/Kaffeeform-latte-cup-outline-full-edited.svg\" class=\"attachment-large size-large\" alt=\"Kaffeeform Latte Cup Illustration ausgef\u00fcllt\" \/>\t\t\t\t\t\t\n\t\t\t\t\t<\/div>\n\t\t\t\t\t\t<\/a>\t\t\n<style>\n#image_461037865 {\n  width: 50%;\n}\n<\/style>\n\t<\/div>\n\t\n\n\n        <\/div>\n      <\/div>\n\n            \n<style>\n#banner-765493457 {\n  padding-top: 50%;\n  background-color: rgb(234, 231, 226);\n}\n<\/style>\n  <\/div>\n\n\n\t<div id=\"gap-302996941\" class=\"gap-element clearfix\" style=\"display:block; height:auto;\">\n\t\t\n<style>\n#gap-302996941 {\n  padding-top: 10px;\n}\n<\/style>\n\t<\/div>\n\t\n\n<h5 class=\"uppercase m-font-90\" style=\"margin-bottom: 0;\">Milchkaffee Cup<\/h5>\n<p style=\"margin-top: 0;\" class=\"m-font-90\">290 ml<\/p>\n\n\t\t<\/div>\n\t\t\t\t\n<style>\n#col-1914992862 > .col-inner {\n  margin: 0px 0px -30px 0px;\n}\n<\/style>\n\t<\/div>\n\n\t\n\n<\/div>\n\n\n\t\t<\/div>\n\t\t\t\t\t<\/div>\n\n\t\n\n<\/div>\n<div class=\"row align-middle align-center\"  id=\"row-738537034\">\n\n\n\t<div id=\"col-1214145871\" class=\"col m-full-width small-12 large-12\"  >\n\t\t\t\t<div class=\"col-inner\"  >\n\t\t\t\n\t\t\t\n\n\n  <div class=\"banner has-hover\" id=\"banner-934479466\">\n          <div class=\"banner-inner fill\">\n        <div class=\"banner-bg fill\" >\n            <img loading=\"lazy\" decoding=\"async\" width=\"2400\" height=\"1544\" src=\"https:\/\/www.kaffeeform.com\/wp-content\/uploads\/2019\/08\/Kaffeeform-Weducer-mehrwegbecher-branded-logo5-e1565014125735.jpg\" class=\"bg attachment-original size-original\" alt=\"Weducer Cup mit Kaffeeform Logo auf einem Holztisch mit Steinhintergrund\" \/>                                    \n                    <\/div>\n\t\t\n        <div class=\"banner-layers container\">\n            <div class=\"fill banner-link\"><\/div>            \n\n   <div id=\"text-box-1682315379\" class=\"text-box banner-layer x50 md-x0 lg-x0 y0 md-y0 lg-y0 res-text\">\n                                <div class=\"text-box-content text dark\">\n              \n              <div class=\"text-inner text-left\">\n                  \n\n<p><span style=\"font-size: 120%;\">Kaffeeform ist mehr als sch\u00f6ne Kaffeetassen. Ein vermeintlicher Abfall wird zum wertvollen Rohstoff. Die Produktion erfolgt mit lokalen und sozialen Partnern in Deutschland.<\/span><\/p>\n<a href=\"https:\/\/www.kaffeeform.com\/de\/mission\/\" class=\"button white is-outline\"  >\n\t\t<span>Mehr erfahren<\/span>\n\t<i class=\"icon-angle-right\" aria-hidden=\"true\" ><\/i><\/a>\n\n\n\n              <\/div>\n           <\/div>\n                            \n<style>\n#text-box-1682315379 .text-inner {\n  padding: 5px 15px 15px 15px;\n}\n#text-box-1682315379 {\n  width: 100%;\n}\n#text-box-1682315379 .text-box-content {\n  font-size: 120%;\n}\n@media (min-width:550px) {\n  #text-box-1682315379 .text-inner {\n    padding: 10px 30px 30px 30px;\n  }\n  #text-box-1682315379 {\n    width: 60%;\n  }\n  #text-box-1682315379 .text-box-content {\n    font-size: 100%;\n  }\n}\n<\/style>\n    <\/div>\n \n\n        <\/div>\n      <\/div>\n\n            \n<style>\n#banner-934479466 {\n  padding-top: 99.99%;\n  background-color: rgb(234, 231, 226);\n}\n#banner-934479466 .banner-bg img {\n  object-position: 90% 85%;\n}\n@media (min-width:550px) {\n  #banner-934479466 {\n    padding-top: 400px;\n  }\n}\n<\/style>\n  <\/div>\n\n\n\n\t\t<\/div>\n\t\t\t\t\t<\/div>\n\n\t\n\n\t<div id=\"col-605055864\" class=\"col medium-3 small-9 large-2\"  >\n\t\t\t\t<div class=\"col-inner text-center\"  >\n\t\t\t\n\t\t\t\n\n\t<div class=\"img has-hover x md-x lg-x y md-y lg-y\" id=\"image_86360978\">\n\t\t\t\t\t\t\t\t<div class=\"img-inner dark\" style=\"margin:0px 0px -20px 0px;\">\n\t\t\t<img loading=\"lazy\" decoding=\"async\" width=\"40\" height=\"40\" src=\"https:\/\/www.kaffeeform.com\/wp-content\/uploads\/2019\/07\/kaffeeform-product-icon_designed-in-berlin.svg\" class=\"attachment-large size-large\" alt=\"designed in berlin icon\" \/>\t\t\t\t\t\t\n\t\t\t\t\t<\/div>\n\t\t\t\t\t\t\t\t\n<style>\n#image_86360978 {\n  width: 40%;\n}\n@media (min-width:550px) {\n  #image_86360978 {\n    width: 60%;\n  }\n}\n<\/style>\n\t<\/div>\n\t\n\n<h6 class=\"uppercase\">Designed in Berlin.<br \/>Made in Germany.<\/h6>\n\n\t\t<\/div>\n\t\t\t\t\t<\/div>\n\n\t\n\n<\/div>\n\n\t\t<\/div>\n\n\t\t\n<style>\n#section_894838576 {\n  padding-top: 45px;\n  padding-bottom: 45px;\n}\n<\/style>\n\t<\/section>\n\t\n\n","protected":false},"excerpt":{"rendered":"","protected":false},"author":1,"featured_media":386,"parent":0,"menu_order":0,"comment_status":"closed","ping_status":"closed","template":"page-transparent-header-light.php","meta":{"_acf_changed":false,"footnotes":""},"class_list":["post-188","page","type-page","status-publish","has-post-thumbnail","hentry"],"acf":[],"_links":{"self":[{"href":"https:\/\/www.kaffeeform.com\/de\/wp-json\/wp\/v2\/pages\/188","targetHints":{"allow":["GET"]}}],"collection":[{"href":"https:\/\/www.kaffeeform.com\/de\/wp-json\/wp\/v2\/pages"}],"about":[{"href":"https:\/\/www.kaffeeform.com\/de\/wp-json\/wp\/v2\/types\/page"}],"author":[{"embeddable":true,"href":"https:\/\/www.kaffeeform.com\/de\/wp-json\/wp\/v2\/users\/1"}],"replies":[{"embeddable":true,"href":"https:\/\/www.kaffeeform.com\/de\/wp-json\/wp\/v2\/comments?post=188"}],"version-history":[{"count":2,"href":"https:\/\/www.kaffeeform.com\/de\/wp-json\/wp\/v2\/pages\/188\/revisions"}],"predecessor-version":[{"id":139119,"href":"https:\/\/www.kaffeeform.com\/de\/wp-json\/wp\/v2\/pages\/188\/revisions\/139119"}],"wp:featuredmedia":[{"embeddable":true,"href":"https:\/\/www.kaffeeform.com\/de\/wp-json\/wp\/v2\/media\/386"}],"wp:attachment":[{"href":"https:\/\/www.kaffeeform.com\/de\/wp-json\/wp\/v2\/media?parent=188"}],"curies":[{"name":"wp","href":"https:\/\/api.w.org\/{rel}","templated":true}]}}