{"id":600,"date":"2019-07-07T11:23:36","date_gmt":"2019-07-07T11:23:36","guid":{"rendered":"https:\/\/www.kaffeeform.com\/?page_id=600"},"modified":"2023-02-13T16:22:20","modified_gmt":"2023-02-13T15:22:20","slug":"presse","status":"publish","type":"page","link":"https:\/\/www.kaffeeform.com\/de\/presse\/","title":{"rendered":"Presse"},"content":{"rendered":"\n\n\t<section class=\"section\" id=\"section_1138231264\">\n\t\t<div class=\"section-bg fill\" >\n\t\t\t\t\t\t\t\t\t\n\t\t\t\n\n\t\t<\/div>\n\n\t\t\n\n\t\t<div class=\"section-content relative\">\n\t\t\t\n\n\n  <div class=\"banner has-hover header-banner\" id=\"banner-514697199\">\n          <div class=\"banner-inner fill\">\n        <div class=\"banner-bg fill\" >\n            <img loading=\"lazy\" decoding=\"async\" width=\"2000\" height=\"1352\" src=\"https:\/\/www.kaffeeform.com\/wp-content\/uploads\/2022\/03\/Kaffeeform-Weducer-Cup-Refined.jpg\" class=\"bg attachment-original size-original\" alt=\"\" \/>                                    \n                    <\/div>\n\t\t\n        <div class=\"banner-layers container\">\n            <div class=\"fill banner-link\"><\/div>            \n\n   <div id=\"text-box-1179986423\" class=\"text-box banner-layer x50 md-x50 lg-x50 y50 md-y50 lg-y50 res-text\">\n                                <div class=\"text-box-content text dark\">\n              \n              <div class=\"text-inner text-center\">\n                  \n\n<h1 class=\"no-margin\"><span style=\"color: #ffd0b6;\">Presse<\/span><\/h1>\n\n              <\/div>\n           <\/div>\n                            \n<style>\n#text-box-1179986423 .text-inner {\n  padding: 15px 15px 30px 15px;\n}\n#text-box-1179986423 {\n  width: 100%;\n}\n#text-box-1179986423 .text-box-content {\n  font-size: 100%;\n}\n@media (min-width:550px) {\n  #text-box-1179986423 .text-inner {\n    padding: 30px 0px 0px 0px;\n  }\n  #text-box-1179986423 {\n    width: 50%;\n  }\n}\n<\/style>\n    <\/div>\n \n\n        <\/div>\n      <\/div>\n\n            \n<style>\n#banner-514697199 {\n  padding-top: 125%;\n  background-color: rgb(234, 231, 226);\n}\n#banner-514697199 .banner-bg img {\n  object-position: 44% 72%;\n}\n@media (min-width:550px) {\n  #banner-514697199 {\n    padding-top: 30%;\n  }\n}\n<\/style>\n  <\/div>\n\n\n\n\t\t<\/div>\n\n\t\t\n<style>\n#section_1138231264 {\n  padding-top: 0px;\n  padding-bottom: 0px;\n}\n<\/style>\n\t<\/section>\n\t\n\n\t<section class=\"section\" id=\"section_2048030791\">\n\t\t<div class=\"section-bg fill\" >\n\t\t\t\t\t\t\t\t\t\n\t\t\t\n\n\t\t<\/div>\n\n\t\t\n\n\t\t<div class=\"section-content relative\">\n\t\t\t\n\n<div class=\"row align-center\"  id=\"row-1728080448\">\n\n\n\t<div id=\"col-1964287255\" class=\"col medium-8 small-12 large-8\"  >\n\t\t\t\t<div class=\"col-inner text-center dark\"  >\n\t\t\t\n\t\t\t\n\n<p class=\"h7 \"><span style=\"color: #ffd0b6;\">Herzlich willkommen im Kaffeeform Pressebereich. F\u00fcr Interview-, Dreh- oder Kooperationsanfragen, um druckf\u00e4higes Bildmaterial und Pressemitteilungen zu erhalten oder in unseren Presseverteiler aufgenommen zu werden, bitte kurz unser Formular nutzen. Vielen Dank!<\/span><\/p>\n\n\t\t<\/div>\n\t\t\t\t\n<style>\n#col-1964287255 > .col-inner {\n  margin: 0px 0px -30px 0px;\n}\n<\/style>\n\t<\/div>\n\n\t\n\n<\/div>\n\n\t\t<\/div>\n\n\t\t\n<style>\n#section_2048030791 {\n  padding-top: 60px;\n  padding-bottom: 60px;\n  background-color: rgb(48, 40, 35);\n}\n<\/style>\n\t<\/section>\n\t\n\n\t<section class=\"section\" id=\"section_1196363826\">\n\t\t<div class=\"section-bg fill\" >\n\t\t\t\t\t\t\t\t\t\n\t\t\t\n\n\t\t<\/div>\n\n\t\t\n\n\t\t<div class=\"section-content relative\">\n\t\t\t\n\n<div class=\"row align-equal align-center\"  id=\"row-1212273510\">\n\n\n\t<div id=\"col-1359809383\" class=\"col medium-8 small-12 large-6\"  >\n\t\t\t\t<div class=\"col-inner text-left\"  >\n\t\t\t\n\t\t\t\n\n<p class=\"h7 no-margin\">Presseanfrage<\/p>\n\t<div id=\"gap-562850748\" class=\"gap-element clearfix\" style=\"display:block; height:auto;\">\n\t\t\n<style>\n#gap-562850748 {\n  padding-top: 15px;\n}\n<\/style>\n\t<\/div>\n\t\n\n<p style=\"margin-bottom: 0;\"><div class=\"wpforms-container \" id=\"wpforms-69361\"><form id=\"wpforms-form-69361\" class=\"wpforms-validate wpforms-form wpforms-ajax-form\" data-formid=\"69361\" method=\"post\" enctype=\"multipart\/form-data\" action=\"\/de\/wp-json\/wp\/v2\/pages\/600\" data-token=\"0ab80f27fe6202034c519df2394db943\"><noscript class=\"wpforms-error-noscript\">Bitte aktiviere JavaScript in deinem Browser, um dieses Formular fertigzustellen.<\/noscript><div class=\"wpforms-field-container\"><div id=\"wpforms-69361-field_11-container\" class=\"wpforms-field wpforms-field-text\" data-field-id=\"11\"><label class=\"wpforms-field-label\" for=\"wpforms-69361-field_11\">Betreff <span class=\"wpforms-required-label\">*<\/span><\/label><input type=\"text\" id=\"wpforms-69361-field_11\" class=\"wpforms-field-large wpforms-field-required\" name=\"wpforms[fields][11]\" required><\/div><div id=\"wpforms-69361-field_2-container\" class=\"wpforms-field wpforms-field-textarea\" data-field-id=\"2\"><label class=\"wpforms-field-label\" for=\"wpforms-69361-field_2\">Nachricht <span class=\"wpforms-required-label\">*<\/span><\/label><textarea id=\"wpforms-69361-field_2\" class=\"wpforms-field-medium wpforms-field-required\" name=\"wpforms[fields][2]\" required><\/textarea><\/div><div id=\"wpforms-69361-field_0-container\" class=\"wpforms-field wpforms-field-name\" data-field-id=\"0\"><label class=\"wpforms-field-label\" for=\"wpforms-69361-field_0\">Vorname <span class=\"wpforms-required-label\">*<\/span><\/label><input type=\"text\" id=\"wpforms-69361-field_0\" class=\"wpforms-field-large wpforms-field-required\" name=\"wpforms[fields][0]\" required><\/div><div id=\"wpforms-69361-field_1-container\" class=\"wpforms-field wpforms-field-email wpforms-conditional-trigger\" data-field-id=\"1\"><label class=\"wpforms-field-label\" for=\"wpforms-69361-field_1\">E-Mail <span class=\"wpforms-required-label\">*<\/span><\/label><input type=\"email\" id=\"wpforms-69361-field_1\" class=\"wpforms-field-large wpforms-field-required\" name=\"wpforms[fields][1]\" required><\/div><div id=\"wpforms-69361-field_13-container\" class=\"wpforms-field wpforms-field-phone wpforms-conditional-field wpforms-conditional-show\" data-field-id=\"13\" style=\"display:none;\"><label class=\"wpforms-field-label\" for=\"wpforms-69361-field_13\">Telefon<\/label><input type=\"tel\" id=\"wpforms-69361-field_13\" class=\"wpforms-field-large\" data-rule-int-phone-field=\"true\" name=\"wpforms[fields][13]\" ><\/div><div id=\"wpforms-69361-field_12-container\" class=\"wpforms-field wpforms-field-text wpforms-conditional-trigger\" data-field-id=\"12\"><label class=\"wpforms-field-label\" for=\"wpforms-69361-field_12\">Medium <span class=\"wpforms-required-label\">*<\/span><\/label><input type=\"text\" id=\"wpforms-69361-field_12\" class=\"wpforms-field-large wpforms-field-required\" name=\"wpforms[fields][12]\" required><\/div><div id=\"wpforms-69361-field_14-container\" class=\"wpforms-field wpforms-field-text wpforms-conditional-field wpforms-conditional-show\" data-field-id=\"14\" style=\"display:none;\"><label class=\"wpforms-field-label\" for=\"wpforms-69361-field_14\">Position<\/label><input type=\"text\" id=\"wpforms-69361-field_14\" class=\"wpforms-field-large\" name=\"wpforms[fields][14]\" ><\/div><div id=\"wpforms-69361-field_15-container\" class=\"wpforms-field wpforms-field-text wpforms-conditional-field wpforms-conditional-show\" data-field-id=\"15\" style=\"display:none;\"><label class=\"wpforms-field-label\" for=\"wpforms-69361-field_15\">Ressort<\/label><input type=\"text\" id=\"wpforms-69361-field_15\" class=\"wpforms-field-large\" name=\"wpforms[fields][15]\" ><\/div><div id=\"wpforms-69361-field_17-container\" class=\"wpforms-field wpforms-field-select wpforms-field-select-style-classic\" data-field-id=\"17\"><label class=\"wpforms-field-label\" for=\"wpforms-69361-field_17\">Land <span class=\"wpforms-required-label\">*<\/span><\/label><select id=\"wpforms-69361-field_17\" class=\"wpforms-field-large wpforms-field-required\" name=\"wpforms[fields][17]\" required=\"required\"><option value=\"\" class=\"placeholder\" disabled  selected='selected'>Bitte w\u00e4hlen<\/option><option value=\"Afghanistan\" >Afghanistan<\/option><option value=\"\u00c5landinseln\" >\u00c5landinseln<\/option><option value=\"Albanien\" >Albanien<\/option><option value=\"Algerien\" >Algerien<\/option><option value=\"Amerikanisch-Samoa\" >Amerikanisch-Samoa<\/option><option value=\"Andorra\" >Andorra<\/option><option value=\"Angola\" >Angola<\/option><option value=\"Anguilla\" >Anguilla<\/option><option value=\"Antarktis\" >Antarktis<\/option><option value=\"Antigua und Barbuda\" >Antigua und Barbuda<\/option><option value=\"Argentinien\" >Argentinien<\/option><option value=\"Armenien\" >Armenien<\/option><option value=\"Aruba\" >Aruba<\/option><option value=\"Australien\" >Australien<\/option><option value=\"\u00d6sterreich\" >\u00d6sterreich<\/option><option value=\"Aserbaidschan\" >Aserbaidschan<\/option><option value=\"Bahamas\" >Bahamas<\/option><option value=\"Bahrain\" >Bahrain<\/option><option value=\"Bangladesh\" >Bangladesh<\/option><option value=\"Barbados\" >Barbados<\/option><option value=\"Wei\u00dfrussland\" >Wei\u00dfrussland<\/option><option value=\"Belgien\" >Belgien<\/option><option value=\"Belize\" >Belize<\/option><option value=\"Benin\" >Benin<\/option><option value=\"Bermuda\" >Bermuda<\/option><option value=\"Bhutan\" >Bhutan<\/option><option value=\"Bolivien (Plurinationaler Staat)\" >Bolivien (Plurinationaler Staat)<\/option><option value=\"Bosnien und Herzegowina\" >Bosnien und Herzegowina<\/option><option value=\"Botswana\" >Botswana<\/option><option value=\"Bouvetinsel\" >Bouvetinsel<\/option><option value=\"Brasilien\" >Brasilien<\/option><option value=\"Britisches Territorium im Indischen Ozean\" >Britisches Territorium im Indischen Ozean<\/option><option value=\"Brunei Darussalam\" >Brunei Darussalam<\/option><option value=\"Bulgarien\" >Bulgarien<\/option><option value=\"Burkina Faso\" >Burkina Faso<\/option><option value=\"Burundi\" >Burundi<\/option><option value=\"Cabo Verde\" >Cabo Verde<\/option><option value=\"Kambodscha\" >Kambodscha<\/option><option value=\"Kamerun\" >Kamerun<\/option><option value=\"Kanada\" >Kanada<\/option><option value=\"Caymen Inseln\" >Caymen Inseln<\/option><option value=\"Zentralafrikanische Republik\" >Zentralafrikanische Republik<\/option><option value=\"Tschad\" >Tschad<\/option><option value=\"Chile\" >Chile<\/option><option value=\"China\" >China<\/option><option value=\"Weihnachtsinsel\" >Weihnachtsinsel<\/option><option value=\"Kokosinseln (Keelinginseln)\" >Kokosinseln (Keelinginseln)<\/option><option value=\"Kolumbien\" >Kolumbien<\/option><option value=\"Komoren\" >Komoren<\/option><option value=\"Republik Kongo\" >Republik Kongo<\/option><option value=\"Kongo (Demokratische Republik)\" >Kongo (Demokratische Republik)<\/option><option value=\"Cookinseln\" >Cookinseln<\/option><option value=\"Costa Rica\" >Costa Rica<\/option><option value=\"C\u00f4te d&#039;Ivoire\" >C\u00f4te d&#039;Ivoire<\/option><option value=\"Kroatien\" >Kroatien<\/option><option value=\"Kuba\" >Kuba<\/option><option value=\"Cura\u00e7ao\" >Cura\u00e7ao<\/option><option value=\"Zypern\" >Zypern<\/option><option value=\"Tschechische Republik\" >Tschechische Republik<\/option><option value=\"D\u00e4nemark\" >D\u00e4nemark<\/option><option value=\"Djibouti\" >Djibouti<\/option><option value=\"Dominica\" >Dominica<\/option><option value=\"Dominikanische Republik\" >Dominikanische Republik<\/option><option value=\"Ecuador\" >Ecuador<\/option><option value=\"\u00c4gypten\" >\u00c4gypten<\/option><option value=\"El Salvador\" >El Salvador<\/option><option value=\"\u00c4quatorial Guinea\" >\u00c4quatorial Guinea<\/option><option value=\"Eritrea\" >Eritrea<\/option><option value=\"Estland\" >Estland<\/option><option value=\"\u00c4thopien\" >\u00c4thopien<\/option><option value=\"Falklandinseln (Malwinen)\" >Falklandinseln (Malwinen)<\/option><option value=\"F\u00e4r\u00f6er-Inseln\" >F\u00e4r\u00f6er-Inseln<\/option><option value=\"Fidschi\" >Fidschi<\/option><option value=\"Finnland\" >Finnland<\/option><option value=\"Frankreich\" >Frankreich<\/option><option value=\"Franz\u00f6sisch-Guayana\" >Franz\u00f6sisch-Guayana<\/option><option value=\"Franz\u00f6sisch-Polynesien\" >Franz\u00f6sisch-Polynesien<\/option><option value=\"Franz\u00f6sische S\u00fcd- und Antarktisgebiete\" >Franz\u00f6sische S\u00fcd- und Antarktisgebiete<\/option><option value=\"Gabun\" >Gabun<\/option><option value=\"Gambia\" >Gambia<\/option><option value=\"Georgia\" >Georgia<\/option><option value=\"Deutschland\" >Deutschland<\/option><option value=\"Ghana\" >Ghana<\/option><option value=\"Gibraltar\" >Gibraltar<\/option><option value=\"Griechenland\" >Griechenland<\/option><option value=\"Gr\u00f6nland\" >Gr\u00f6nland<\/option><option value=\"Grenada\" >Grenada<\/option><option value=\"Guadeloupe\" >Guadeloupe<\/option><option value=\"Guam\" >Guam<\/option><option value=\"Guatemala\" >Guatemala<\/option><option value=\"Guernsey\" >Guernsey<\/option><option value=\"Guinea\" >Guinea<\/option><option value=\"Guinea-Bissau\" >Guinea-Bissau<\/option><option value=\"Guyana\" >Guyana<\/option><option value=\"Haiti\" >Haiti<\/option><option value=\"Heard und McDonaldinseln\" >Heard und McDonaldinseln<\/option><option value=\"Honduras\" >Honduras<\/option><option value=\"Hongkong\" >Hongkong<\/option><option value=\"Ungarn\" >Ungarn<\/option><option value=\"Island\" >Island<\/option><option value=\"Indien\" >Indien<\/option><option value=\"Indonesien\" >Indonesien<\/option><option value=\"Iran (Islamische Republik)\" >Iran (Islamische Republik)<\/option><option value=\"Irak\" >Irak<\/option><option value=\"Irland\" >Irland<\/option><option value=\"Isle of Man\" >Isle of Man<\/option><option value=\"Israel\" >Israel<\/option><option value=\"Italien\" >Italien<\/option><option value=\"Jamaika\" >Jamaika<\/option><option value=\"Japan\" >Japan<\/option><option value=\"Jersey\" >Jersey<\/option><option value=\"Jordanien\" >Jordanien<\/option><option value=\"Kasachstan\" >Kasachstan<\/option><option value=\"Kenia\" >Kenia<\/option><option value=\"Kiribati\" >Kiribati<\/option><option value=\"Korea (Demokratische Volksrepublik)\" >Korea (Demokratische Volksrepublik)<\/option><option value=\"Korea (Republik)\" >Korea (Republik)<\/option><option value=\"Kuwait\" >Kuwait<\/option><option value=\"Kirgistan\" >Kirgistan<\/option><option value=\"Demokratische Volksrepublik Laos\" >Demokratische Volksrepublik Laos<\/option><option value=\"Lettland\" >Lettland<\/option><option value=\"Libanon\" >Libanon<\/option><option value=\"Lesotho\" >Lesotho<\/option><option value=\"Liberia\" >Liberia<\/option><option value=\"Libyen\" >Libyen<\/option><option value=\"Liechtenstein\" >Liechtenstein<\/option><option value=\"Litauen\" >Litauen<\/option><option value=\"Luxemburg\" >Luxemburg<\/option><option value=\"Macau\" >Macau<\/option><option value=\"Mazedonien (Republik)\" >Mazedonien (Republik)<\/option><option value=\"Madagaskar\" >Madagaskar<\/option><option value=\"Malawi\" >Malawi<\/option><option value=\"Malaysia\" >Malaysia<\/option><option value=\"Malediven\" >Malediven<\/option><option value=\"Mali\" >Mali<\/option><option value=\"Malta\" >Malta<\/option><option value=\"Marshall-Inseln\" >Marshall-Inseln<\/option><option value=\"Martinique\" >Martinique<\/option><option value=\"Mauretanien\" >Mauretanien<\/option><option value=\"Mauritius\" >Mauritius<\/option><option value=\"Mayotte\" >Mayotte<\/option><option value=\"Mexiko\" >Mexiko<\/option><option value=\"Mikronesien\" >Mikronesien<\/option><option value=\"Moldau (Republik)\" >Moldau (Republik)<\/option><option value=\"Monaco\" >Monaco<\/option><option value=\"Mongolei\" >Mongolei<\/option><option value=\"Montenegro\" >Montenegro<\/option><option value=\"Montserrat\" >Montserrat<\/option><option value=\"Marokko\" >Marokko<\/option><option value=\"Mosambik\" >Mosambik<\/option><option value=\"Myanmar\" >Myanmar<\/option><option value=\"Namibia\" >Namibia<\/option><option value=\"Nauru\" >Nauru<\/option><option value=\"Nepal\" >Nepal<\/option><option value=\"Niederlande\" >Niederlande<\/option><option value=\"Neukaledonien\" >Neukaledonien<\/option><option value=\"Neuseeland\" >Neuseeland<\/option><option value=\"Nicaragua\" >Nicaragua<\/option><option value=\"Niger\" >Niger<\/option><option value=\"Nigeria\" >Nigeria<\/option><option value=\"Niue\" >Niue<\/option><option value=\"Norfolkinsel\" >Norfolkinsel<\/option><option value=\"N\u00f6rdliche Marianen\" >N\u00f6rdliche Marianen<\/option><option value=\"Norwegen\" >Norwegen<\/option><option value=\"Oman\" >Oman<\/option><option value=\"Pakistan\" >Pakistan<\/option><option value=\"Palau\" >Palau<\/option><option value=\"Pal\u00e4stina (Staat)\" >Pal\u00e4stina (Staat)<\/option><option value=\"Panama\" >Panama<\/option><option value=\"Papua Neu Guinea\" >Papua Neu Guinea<\/option><option value=\"Paraguay\" >Paraguay<\/option><option value=\"Peru\" >Peru<\/option><option value=\"Philippinen\" >Philippinen<\/option><option value=\"Pitcairninseln\" >Pitcairninseln<\/option><option value=\"Polen\" >Polen<\/option><option value=\"Portugal\" >Portugal<\/option><option value=\"Puerto Rico\" >Puerto Rico<\/option><option value=\"Katar\" >Katar<\/option><option value=\"R\u00e9union\" >R\u00e9union<\/option><option value=\"Rum\u00e4nien\" >Rum\u00e4nien<\/option><option value=\"Russland\" >Russland<\/option><option value=\"Ruanda\" >Ruanda<\/option><option value=\"Saint-Barth\u00e9lemy\" >Saint-Barth\u00e9lemy<\/option><option value=\"St. Helena, Ascension und Tristan da Cunha\" >St. Helena, Ascension und Tristan da Cunha<\/option><option value=\"St. Kitts und Nevis\" >St. Kitts und Nevis<\/option><option value=\"St. Lucia\" >St. Lucia<\/option><option value=\"St. Martin (franz\u00f6sisch)\" >St. Martin (franz\u00f6sisch)<\/option><option value=\"Saint-Pierre und Miquelon\" >Saint-Pierre und Miquelon<\/option><option value=\"St. Vincent und die Grenadinen\" >St. Vincent und die Grenadinen<\/option><option value=\"Samoa\" >Samoa<\/option><option value=\"San Marino\" >San Marino<\/option><option value=\"S\u00e3o Tom\u00e9 und Pr\u00edncipe\" >S\u00e3o Tom\u00e9 und Pr\u00edncipe<\/option><option value=\"Saudi-Arabien\" >Saudi-Arabien<\/option><option value=\"Senegal\" >Senegal<\/option><option value=\"Serbien\" >Serbien<\/option><option value=\"Seychellen\" >Seychellen<\/option><option value=\"Sierra Leone\" >Sierra Leone<\/option><option value=\"Singapur\" >Singapur<\/option><option value=\"Sint Maarten\" >Sint Maarten<\/option><option value=\"Slowakei\" >Slowakei<\/option><option value=\"Slovenien\" >Slovenien<\/option><option value=\"Salomonen\" >Salomonen<\/option><option value=\"Somalia\" >Somalia<\/option><option value=\"S\u00fcdafrika\" >S\u00fcdafrika<\/option><option value=\"S\u00fcdgeorgien und die S\u00fcdlichen Sandwichinseln\" >S\u00fcdgeorgien und die S\u00fcdlichen Sandwichinseln<\/option><option value=\"S\u00fcdsudan\" >S\u00fcdsudan<\/option><option value=\"Spanien\" >Spanien<\/option><option value=\"Sri Lanka\" >Sri Lanka<\/option><option value=\"Sudan\" >Sudan<\/option><option value=\"Surinam\" >Surinam<\/option><option value=\"Spitzbergen\" >Spitzbergen<\/option><option value=\"K\u00f6nigreich Eswatini (Swasiland)\" >K\u00f6nigreich Eswatini (Swasiland)<\/option><option value=\"Schweden\" >Schweden<\/option><option value=\"Schweiz\" >Schweiz<\/option><option value=\"Syrien (Arabische Republik)\" >Syrien (Arabische Republik)<\/option><option value=\"Taiwan (Republik China)\" >Taiwan (Republik China)<\/option><option value=\"Tadschikistan\" >Tadschikistan<\/option><option value=\"Tansania (Vereinigte Republik)\" >Tansania (Vereinigte Republik)<\/option><option value=\"Thailand\" >Thailand<\/option><option value=\"Osttimor\" >Osttimor<\/option><option value=\"Togo\" >Togo<\/option><option value=\"Tokelau\" >Tokelau<\/option><option value=\"Tonga\" >Tonga<\/option><option value=\"Trinidad und Tobago\" >Trinidad und Tobago<\/option><option value=\"Tunesien\" >Tunesien<\/option><option value=\"T\u00fcrkei\" >T\u00fcrkei<\/option><option value=\"Turkmenistan\" >Turkmenistan<\/option><option value=\"Turks- und Caicosinseln\" >Turks- und Caicosinseln<\/option><option value=\"Tuvalu\" >Tuvalu<\/option><option value=\"Uganda\" >Uganda<\/option><option value=\"Ukraine\" >Ukraine<\/option><option value=\"Vereinigte Arabische Emirate\" >Vereinigte Arabische Emirate<\/option><option value=\"Vereinigte K\u00f6nigreich Gro\u00dfbritannien und Nordirland\" >Vereinigte K\u00f6nigreich Gro\u00dfbritannien und Nordirland<\/option><option value=\"USA\" >USA<\/option><option value=\"US Minor Outlying Islands\" >US Minor Outlying Islands<\/option><option value=\"Uruguay\" >Uruguay<\/option><option value=\"Usbekistan\" >Usbekistan<\/option><option value=\"Vanuatu\" >Vanuatu<\/option><option value=\"Vatikanstadt (Staat)\" >Vatikanstadt (Staat)<\/option><option value=\"Venezuela (Bolivarische Republik)\" >Venezuela (Bolivarische Republik)<\/option><option value=\"Vietnam (Sozialistische Republik)\" >Vietnam (Sozialistische Republik)<\/option><option value=\"Britische Jungferninseln\" >Britische Jungferninseln<\/option><option value=\"Amerikanische Jungferninseln\" >Amerikanische Jungferninseln<\/option><option value=\"Futuna (Wallis und Futuna)\" >Futuna (Wallis und Futuna)<\/option><option value=\"Westsahara\" >Westsahara<\/option><option value=\"Jemen\" >Jemen<\/option><option value=\"Sambia\" >Sambia<\/option><option value=\"Simbabwe\" >Simbabwe<\/option><\/select><\/div><div id=\"wpforms-69361-field_18-container\" class=\"wpforms-field wpforms-field-checkbox wpforms-list-inline\" data-field-id=\"18\"><label class=\"wpforms-field-label wpforms-label-hide\" for=\"wpforms-69361-field_18\">Mediumart<\/label><ul id=\"wpforms-69361-field_18\"><li class=\"choice-1 depth-1\"><input type=\"checkbox\" id=\"wpforms-69361-field_18_1\" name=\"wpforms[fields][18][]\" value=\"Print\"  ><label class=\"wpforms-field-label-inline\" for=\"wpforms-69361-field_18_1\">Print<\/label><\/li><li class=\"choice-2 depth-1\"><input type=\"checkbox\" id=\"wpforms-69361-field_18_2\" name=\"wpforms[fields][18][]\" value=\"Online\"  ><label class=\"wpforms-field-label-inline\" for=\"wpforms-69361-field_18_2\">Online<\/label><\/li><li class=\"choice-3 depth-1\"><input type=\"checkbox\" id=\"wpforms-69361-field_18_3\" name=\"wpforms[fields][18][]\" value=\"TV\"  ><label class=\"wpforms-field-label-inline\" for=\"wpforms-69361-field_18_3\">TV<\/label><\/li><li class=\"choice-4 depth-1\"><input type=\"checkbox\" id=\"wpforms-69361-field_18_4\" name=\"wpforms[fields][18][]\" value=\"Radio\"  ><label class=\"wpforms-field-label-inline\" for=\"wpforms-69361-field_18_4\">Radio<\/label><\/li><li class=\"choice-5 depth-1\"><input type=\"checkbox\" id=\"wpforms-69361-field_18_5\" name=\"wpforms[fields][18][]\" value=\"Sonstiges\"  ><label class=\"wpforms-field-label-inline\" for=\"wpforms-69361-field_18_5\">Sonstiges<\/label><\/li><\/ul><\/div><div id=\"wpforms-69361-field_19-container\" class=\"wpforms-field wpforms-field-checkbox\" data-field-id=\"19\"><label class=\"wpforms-field-label\" for=\"wpforms-69361-field_19\">Presseverteiler<\/label><ul id=\"wpforms-69361-field_19\"><li class=\"choice-1 depth-1\"><input type=\"checkbox\" id=\"wpforms-69361-field_19_1\" name=\"wpforms[fields][19][]\" value=\"Ja, ich m\u00f6chte \u00fcber den Presseverteiler fr\u00fchzeitig und kontinuierlich \u00fcber Aktivit\u00e4ten von Kaffeeform informiert werden. \"  ><label class=\"wpforms-field-label-inline\" for=\"wpforms-69361-field_19_1\">Ja, ich m\u00f6chte \u00fcber den Presseverteiler fr\u00fchzeitig und kontinuierlich \u00fcber Aktivit\u00e4ten von Kaffeeform informiert werden. <\/label><\/li><\/ul><\/div><\/div><div class=\"wpforms-field wpforms-field-hp\"><label for=\"wpforms-69361-field-hp\" class=\"wpforms-field-label\">Phone<\/label><input type=\"text\" name=\"wpforms[hp]\" id=\"wpforms-69361-field-hp\" class=\"wpforms-field-medium\"><\/div><div class=\"wpforms-recaptcha-container wpforms-is-recaptcha\"><div class=\"g-recaptcha\" data-sitekey=\"6LfL9bMZAAAAAIR-9HUqVF09JQooWA1KmnG_UeHr\"><\/div><input type=\"text\" name=\"g-recaptcha-hidden\" class=\"wpforms-recaptcha-hidden\" style=\"position:absolute!important;clip:rect(0,0,0,0)!important;height:1px!important;width:1px!important;border:0!important;overflow:hidden!important;padding:0!important;margin:0!important;\" required><\/div><div class=\"wpforms-submit-container\"><input type=\"hidden\" name=\"wpforms[id]\" value=\"69361\"><input type=\"hidden\" name=\"wpforms[author]\" value=\"1\"><button type=\"submit\" name=\"wpforms[submit]\" id=\"wpforms-submit-69361\" class=\"wpforms-submit button primary is-outline\" data-alt-text=\"Senden...\" data-submit-text=\"Absenden\" aria-live=\"assertive\" value=\"wpforms-submit\">Absenden<\/button><img loading=\"lazy\" decoding=\"async\" src=\"https:\/\/www.kaffeeform.com\/wp-content\/plugins\/wpforms\/assets\/images\/submit-spin.svg\" class=\"wpforms-submit-spinner\" style=\"display: none;\" width=\"26\" height=\"26\" alt=\"Wird geladen\"><\/div><\/form><\/div>  <!-- .wpforms-container -->\n\n\t\t<\/div>\n\t\t\t\t\n<style>\n#col-1359809383 > .col-inner {\n  margin: 0px 0px -30px 0px;\n}\n<\/style>\n\t<\/div>\n\n\t\n\n<\/div>\n\n\t\t<\/div>\n\n\t\t\n<style>\n#section_1196363826 {\n  padding-top: 60px;\n  padding-bottom: 60px;\n  background-color: rgb(255, 208, 182);\n}\n<\/style>\n\t<\/section>\n\t\n\n","protected":false},"excerpt":{"rendered":"","protected":false},"author":1,"featured_media":1301,"parent":0,"menu_order":0,"comment_status":"closed","ping_status":"closed","template":"page-blank.php","meta":{"_acf_changed":false,"footnotes":""},"class_list":["post-600","page","type-page","status-publish","has-post-thumbnail","hentry"],"acf":[],"_links":{"self":[{"href":"https:\/\/www.kaffeeform.com\/de\/wp-json\/wp\/v2\/pages\/600","targetHints":{"allow":["GET"]}}],"collection":[{"href":"https:\/\/www.kaffeeform.com\/de\/wp-json\/wp\/v2\/pages"}],"about":[{"href":"https:\/\/www.kaffeeform.com\/de\/wp-json\/wp\/v2\/types\/page"}],"author":[{"embeddable":true,"href":"https:\/\/www.kaffeeform.com\/de\/wp-json\/wp\/v2\/users\/1"}],"replies":[{"embeddable":true,"href":"https:\/\/www.kaffeeform.com\/de\/wp-json\/wp\/v2\/comments?post=600"}],"version-history":[{"count":8,"href":"https:\/\/www.kaffeeform.com\/de\/wp-json\/wp\/v2\/pages\/600\/revisions"}],"predecessor-version":[{"id":149765,"href":"https:\/\/www.kaffeeform.com\/de\/wp-json\/wp\/v2\/pages\/600\/revisions\/149765"}],"wp:featuredmedia":[{"embeddable":true,"href":"https:\/\/www.kaffeeform.com\/de\/wp-json\/wp\/v2\/media\/1301"}],"wp:attachment":[{"href":"https:\/\/www.kaffeeform.com\/de\/wp-json\/wp\/v2\/media?parent=600"}],"curies":[{"name":"wp","href":"https:\/\/api.w.org\/{rel}","templated":true}]}}