{"id":604,"date":"2019-07-07T11:28:39","date_gmt":"2019-07-07T11:28:39","guid":{"rendered":"https:\/\/www.kaffeeform.com\/?page_id=604"},"modified":"2021-10-22T02:23:45","modified_gmt":"2021-10-22T00:23:45","slug":"zahlungsarten","status":"publish","type":"page","link":"https:\/\/www.kaffeeform.com\/de\/zahlungsarten\/","title":{"rendered":"Zahlungsarten"},"content":{"rendered":"\n\n\t<section class=\"section\" id=\"section_9613839\">\n\t\t<div class=\"section-bg fill\" >\n\t\t\t\t\t\t\t\t\t\n\t\t\t\n\n\t\t<\/div>\n\n\t\t\n\n\t\t<div class=\"section-content relative\">\n\t\t\t\n\n<div class=\"row row-collapse\"  id=\"row-1318413279\">\n\n\n\t<div id=\"col-318105298\" class=\"col hide-for-b2b small-12 large-12\"  >\n\t\t\t\t<div class=\"col-inner\"  >\n\t\t\t\n\t\t\t\n\n<h1>Zahlungsarten<\/h1>\n<p>F\u00fcr K\u00e4ufe im Kaffeeform Webshop bieten wir folgende Zahlungsarten an:<\/p>\n<h3 style=\"padding-left: 40px;\">PayPal<\/h3>\n<p style=\"padding-left: 40px;\">Noch sicherer und schneller bezahlen mit deinem PayPal-Konto.<\/p>\n<h3 style=\"padding-left: 40px;\">Kreditkarte<\/h3>\n<p style=\"padding-left: 40px;\">Bezahle ganz einfach per Visa oder Mastercard Kreditkarte.<\/p>\n<h3 style=\"padding-left: 40px;\">SOFORT \u00dcberweisung<\/h3>\n<p style=\"padding-left: 40px;\">Bezahlen mit jedem Bankkonto, das f\u00fcr SOFORT \u00dcberweisung aktiviert ist.<\/p>\n<h3 style=\"padding-left: 40px;\">Amazon Pay<\/h3>\n<p style=\"padding-left: 40px;\">Mit Amazon Pay kannst du den Rechnungsbetrag ohne Angabe Ihrer Zahlungsdaten sicher und einfach bezahlen: Wenn du bereits bei Amazon.de als Kunde registriert bist, hast du automatisch ein Amazon Pay-Konto. Den Button f\u00fcr die Zahlung mit Amazon Pay findest du direkt auf der Warenkorb-Seite.<\/p>\n<h3 style=\"padding-left: 40px;\">Vorkasse<\/h3>\n<p style=\"padding-left: 40px;\">Zahlung mit einer vorab get\u00e4tigten \u00dcberweisung auf unser Bankkonto. Nach Abschluss der Bestellung erh\u00e4ltst du unsere Bankverbindung. Sobald wir den Geldeingang verzeichnen konnten, wird deine Lieferung bearbeitet und verschickt.<\/p>\n<h2>Wie l\u00f6se ich Gutscheine ein?<\/h2>\n<p class=\"no-margin\">Gutscheine kannst du direkt im Warenkorb einl\u00f6sen. Sobald die Produkte in den Warenkorb sind, hast du sowohl auf der Warenkorb-Seite, als auch auf der Kassen-Seite die M\u00f6glichkeit, den Gutschein einzugeben.<\/p>\n\n\t\t<\/div>\n\t\t\t\t\n<style>\n#col-318105298 > .col-inner {\n  padding: 80px 20px 30px 20px;\n}\n@media (min-width:550px) {\n  #col-318105298 > .col-inner {\n    padding: 95px 30px 45px 30px;\n  }\n}\n@media (min-width:850px) {\n  #col-318105298 > .col-inner {\n    padding: 120px 40px 60px 40px;\n  }\n}\n<\/style>\n\t<\/div>\n\n\t\n\n<\/div>\n\n\t\t<\/div>\n\n\t\t\n<style>\n#section_9613839 {\n  padding-top: 0px;\n  padding-bottom: 0px;\n  background-color: rgb(255, 208, 182);\n}\n<\/style>\n\t<\/section>\n\t\n","protected":false},"excerpt":{"rendered":"","protected":false},"author":1,"featured_media":1588,"parent":0,"menu_order":0,"comment_status":"closed","ping_status":"closed","template":"page-blank.php","meta":{"_acf_changed":false,"footnotes":""},"class_list":["post-604","page","type-page","status-publish","has-post-thumbnail","hentry"],"acf":[],"_links":{"self":[{"href":"https:\/\/www.kaffeeform.com\/de\/wp-json\/wp\/v2\/pages\/604","targetHints":{"allow":["GET"]}}],"collection":[{"href":"https:\/\/www.kaffeeform.com\/de\/wp-json\/wp\/v2\/pages"}],"about":[{"href":"https:\/\/www.kaffeeform.com\/de\/wp-json\/wp\/v2\/types\/page"}],"author":[{"embeddable":true,"href":"https:\/\/www.kaffeeform.com\/de\/wp-json\/wp\/v2\/users\/1"}],"replies":[{"embeddable":true,"href":"https:\/\/www.kaffeeform.com\/de\/wp-json\/wp\/v2\/comments?post=604"}],"version-history":[{"count":3,"href":"https:\/\/www.kaffeeform.com\/de\/wp-json\/wp\/v2\/pages\/604\/revisions"}],"predecessor-version":[{"id":139472,"href":"https:\/\/www.kaffeeform.com\/de\/wp-json\/wp\/v2\/pages\/604\/revisions\/139472"}],"wp:featuredmedia":[{"embeddable":true,"href":"https:\/\/www.kaffeeform.com\/de\/wp-json\/wp\/v2\/media\/1588"}],"wp:attachment":[{"href":"https:\/\/www.kaffeeform.com\/de\/wp-json\/wp\/v2\/media?parent=604"}],"curies":[{"name":"wp","href":"https:\/\/api.w.org\/{rel}","templated":true}]}}