{"id":7,"date":"2019-06-11T04:42:11","date_gmt":"2019-06-11T04:42:11","guid":{"rendered":"https:\/\/www.kaffeeform.com\/?page_id=7"},"modified":"2026-02-10T12:00:56","modified_gmt":"2026-02-10T11:00:56","slug":"home","status":"publish","type":"page","link":"https:\/\/www.kaffeeform.com\/de\/","title":{"rendered":"Home"},"content":{"rendered":"\n\n\t<section class=\"section\" id=\"section_582121129\">\n\t\t<div class=\"section-bg fill\" >\n\t\t\t\t\t\t\t\t\t\n\t\t\t\n\n\t\t<\/div>\n\n\t\t\n\n\t\t<div class=\"section-content relative\">\n\t\t\t\n\n\n  <div class=\"banner has-hover\" id=\"banner-1225758089\">\n          <div class=\"banner-inner fill\">\n        <div class=\"banner-bg fill\" >\n            <img loading=\"lazy\" decoding=\"async\" width=\"1875\" height=\"1406\" src=\"https:\/\/www.kaffeeform.com\/wp-content\/uploads\/2021\/10\/MMH_Kaffeeform_Fin_Webres-22-1-e1636034300590.jpg\" class=\"bg attachment-original size-original\" alt=\"\" \/>                                    \n                    <\/div>\n\t\t\n        <div class=\"banner-layers container\">\n            <div class=\"fill banner-link\"><\/div>            \n\n   <div id=\"text-box-758022562\" class=\"text-box banner-layer x50 md-x50 lg-x50 y0 md-y0 lg-y0 res-text\">\n                                <div class=\"text-box-content text dark\">\n              \n              <div class=\"text-inner text-center\">\n                  \n\n<div class=\"row no-margin\"  id=\"row-654875946\">\n\n\n\t<div id=\"col-2007205914\" class=\"col medium-6 small-12 large-6\"  >\n\t\t\t\t<div class=\"col-inner\"  >\n\t\t\t\n\t\t\t\n\n\t<div id=\"text-555164254\" class=\"text\">\n\t\t\n\n<h1 class=\"uppercase\" style=\"margin-top: 0;\">Kaffeesatz\u00a0<br \/>IN NEUER FORM<\/h1>\n<p class=\"h7\">Wir verwandeln recycelte und biobasierte Ressourcen in hochwertige Alltagsgegenst\u00e4nde<\/p>\n\t\t\n<style>\n#text-555164254 {\n  text-align: center;\n  color: rgb(255, 208, 182);\n}\n#text-555164254 > * {\n  color: rgb(255, 208, 182);\n}\n<\/style>\n\t<\/div>\n\t\n\n\t\t<\/div>\n\t\t\t\t\t<\/div>\n\n\t\n\n<\/div>\n\n              <\/div>\n           <\/div>\n                            \n<style>\n#text-box-758022562 .text-inner {\n  padding: 90px 0px 0px 0px;\n}\n#text-box-758022562 {\n  width: 100%;\n}\n#text-box-758022562 .text-box-content {\n  font-size: 100%;\n}\n@media (min-width:550px) {\n  #text-box-758022562 .text-inner {\n    padding: 130px 0px 0px 0px;\n  }\n}\n<\/style>\n    <\/div>\n \n\n        <\/div>\n      <\/div>\n\n            \n<style>\n#banner-1225758089 {\n  padding-top: 133%;\n}\n#banner-1225758089 .banner-bg img {\n  object-position: 54% 75%;\n}\n@media (min-width:550px) {\n  #banner-1225758089 {\n    padding-top: 25%;\n  }\n}\n<\/style>\n  <\/div>\n\n\n\n\t\t<\/div>\n\n\t\t\n<style>\n#section_582121129 {\n  padding-top: 0px;\n  padding-bottom: 0px;\n}\n<\/style>\n\t<\/section>\n\t\n\n\n\t<section class=\"section\" id=\"section_939752134\">\n\t\t<div class=\"section-bg fill\" >\n\t\t\t\t\t\t\t\t\t\n\t\t\t\n\n\t\t<\/div>\n\n\t\t\n\n\t\t<div class=\"section-content relative\">\n\t\t\t\n\n<div class=\"row row-collapse row-full-width\"  id=\"row-1408134726\">\n\n\n\t<div id=\"col-775409299\" class=\"col medium-6 small-12 large-6\"  >\n\t\t\t\t<div class=\"col-inner\"  >\n\t\t\t\n\t\t\t\n\n\n  <div class=\"banner has-hover bg-zoom\" id=\"banner-791080943\">\n          <div class=\"banner-inner fill\">\n        <div class=\"banner-bg fill\" >\n            <img loading=\"lazy\" decoding=\"async\" width=\"1800\" height=\"2400\" src=\"https:\/\/www.kaffeeform.com\/wp-content\/uploads\/2021\/10\/MMH_Kaffeeform_Fin_Webres-17.jpg\" class=\"bg attachment-original size-original\" alt=\"\" \/>                        <div class=\"overlay\"><\/div>            \n                    <\/div>\n\t\t\n        <div class=\"banner-layers container\">\n            <div class=\"fill banner-link\"><\/div>            \n\n   <div id=\"text-box-1283307619\" class=\"text-box banner-layer x0 md-x0 lg-x0 y0 md-y0 lg-y0 res-text\">\n                                <div class=\"text-box-content text dark\">\n              \n              <div class=\"text-inner text-left\">\n                  \n\n<h2>Unser Sortiment<\/h2>\n<h5>Alle Produkte im \u00dcberblick<\/h5>\n<a href=\"https:\/\/www.kaffeeform.com\/de\/shop\/\" class=\"button white is-outline\"  >\n\t\t<span>Zum Shop<\/span>\n\t<\/a>\n\n\n\n              <\/div>\n           <\/div>\n                            \n<style>\n#text-box-1283307619 .text-inner {\n  padding: 30px 20px 70px 20px;\n}\n#text-box-1283307619 {\n  width: 100%;\n}\n#text-box-1283307619 .text-box-content {\n  font-size: 100%;\n}\n@media (min-width:550px) {\n  #text-box-1283307619 .text-inner {\n    padding: 44px 30px 45px 30px;\n  }\n}\n@media (min-width:850px) {\n  #text-box-1283307619 .text-inner {\n    padding: 60px 40px 70px 40px;\n  }\n}\n<\/style>\n    <\/div>\n \n\n        <\/div>\n      <\/div>\n\n            \n<style>\n#banner-791080943 {\n  padding-top: 150%;\n}\n#banner-791080943 .overlay {\n  background-color: rgba(0, 0, 0, 0.2);\n}\n#banner-791080943 .banner-bg img {\n  object-position: 28% 43%;\n}\n@media (min-width:550px) {\n  #banner-791080943 {\n    padding-top: 111%;\n  }\n}\n<\/style>\n  <\/div>\n\n\n\n\t\t<\/div>\n\t\t\t\t\t<\/div>\n\n\t\n\n\t<div id=\"col-891014056\" class=\"col medium-6 small-12 large-6\"  >\n\t\t\t\t<div class=\"col-inner\"  >\n\t\t\t\n\t\t\t\n\n\n  <div class=\"banner has-hover bg-zoom\" id=\"banner-1583671556\">\n          <div class=\"banner-inner fill\">\n        <div class=\"banner-bg fill\" >\n            <img loading=\"lazy\" decoding=\"async\" width=\"2000\" height=\"2000\" src=\"https:\/\/www.kaffeeform.com\/wp-content\/uploads\/2025\/05\/Instagram-Post-Coffee-Weducer_06.jpg\" class=\"bg attachment-original size-original\" alt=\"\" \/>                        <div class=\"overlay\"><\/div>            \n                    <\/div>\n\t\t\n        <div class=\"banner-layers container\">\n            <a class=\"fill\" href=\"https:\/\/www.kaffeeform.com\/de\/shop\/\" ><div class=\"fill banner-link\"><\/div><\/a>            \n\n   <div id=\"text-box-1979877822\" class=\"text-box banner-layer x0 md-x0 lg-x0 y0 md-y0 lg-y0 res-text\">\n                                <div class=\"text-box-content text dark\">\n              \n              <div class=\"text-inner text-left\">\n                  \n\n<h2>Weducer Cup 250ml &amp; 350ml<\/h2>\n<p><span style=\"font-size: 120%;\">Unser beliebtester Becher f\u00fcr alle Hei\u00df- und Kaltgetr\u00e4nke\u00a0<br \/>im praktischen Doppeldeckel-Set f\u00fcr unterwegs<\/span><\/p>\n<a href=\"https:\/\/www.kaffeeform.com\/de\/shop\/weducer-cup-refined\/\" class=\"button white is-outline\"  >\n\t\t<span>Mehr erfahren<\/span>\n\t<\/a>\n\n\n\n              <\/div>\n           <\/div>\n                            \n<style>\n#text-box-1979877822 .text-inner {\n  padding: 30px 20px 70px 20px;\n}\n#text-box-1979877822 {\n  width: 100%;\n}\n#text-box-1979877822 .text-box-content {\n  font-size: 100%;\n}\n@media (min-width:550px) {\n  #text-box-1979877822 .text-inner {\n    padding: 45px 30px 45px 30px;\n  }\n}\n@media (min-width:850px) {\n  #text-box-1979877822 .text-inner {\n    padding: 60px 40px 70px 40px;\n  }\n}\n<\/style>\n    <\/div>\n \n\n        <\/div>\n      <\/div>\n\n            \n<style>\n#banner-1583671556 {\n  padding-top: 150%;\n}\n#banner-1583671556 .overlay {\n  background-color: rgba(0, 0, 0, 0.2);\n}\n@media (min-width:550px) {\n  #banner-1583671556 {\n    padding-top: 111%;\n  }\n}\n<\/style>\n  <\/div>\n\n\n\n\t\t<\/div>\n\t\t\t\t\t<\/div>\n\n\t\n\n<\/div>\n\n\t\t<\/div>\n\n\t\t\n<style>\n#section_939752134 {\n  padding-top: 0px;\n  padding-bottom: 0px;\n}\n<\/style>\n\t<\/section>\n\t\n\n\t<section class=\"section\" id=\"section_2097473130\">\n\t\t<div class=\"section-bg fill\" >\n\t\t\t\t\t\t\t\t\t\n\t\t\t\n\n\t\t<\/div>\n\n\t\t\n\n\t\t<div class=\"section-content relative\">\n\t\t\t\n\n<div class=\"row row-collapse row-full-width align-equal\"  id=\"row-720653703\">\n\n\n\t<div id=\"col-917912489\" class=\"col medium-6 small-12 large-6\"  >\n\t\t\t\t<div class=\"col-inner\" style=\"background-color:#fee5d8;\" >\n\t\t\t\n\t\t\t\n\n\n\n<div class=\"slider-wrapper relative\" id=\"slider-734284597\" >\n    <div class=\"slider slider-nav-circle slider-nav-large slider-nav-light slider-style-normal\"\n        data-flickity-options='{\n            \"cellAlign\": \"center\",\n            \"imagesLoaded\": true,\n            \"lazyLoad\": 1,\n            \"freeScroll\": false,\n            \"wrapAround\": true,\n            \"autoPlay\": 6000,\n            \"pauseAutoPlayOnHover\" : true,\n            \"prevNextButtons\": true,\n            \"contain\" : true,\n            \"adaptiveHeight\" : true,\n            \"dragThreshold\" : 10,\n            \"percentPosition\": true,\n            \"pageDots\": true,\n            \"rightToLeft\": false,\n            \"draggable\": true,\n            \"selectedAttraction\": 0.1,\n            \"parallax\" : 0,\n            \"friction\": 0.6        }'\n        >\n        \n\n\t<div class=\"img has-hover x md-x lg-x y md-y lg-y\" id=\"image_1606603847\">\n\t\t\t\t\t\t\t\t<div class=\"img-inner image-cover dark\" style=\"padding-top:75%;\">\n\t\t\t<img loading=\"lazy\" decoding=\"async\" width=\"2000\" height=\"2000\" src=\"https:\/\/www.kaffeeform.com\/wp-content\/uploads\/2025\/05\/Weducer_Cup_Logo_01.jpg\" class=\"attachment-original size-original\" alt=\"\" srcset=\"https:\/\/www.kaffeeform.com\/wp-content\/uploads\/2025\/05\/Weducer_Cup_Logo_01.jpg 2000w, https:\/\/www.kaffeeform.com\/wp-content\/uploads\/2025\/05\/Weducer_Cup_Logo_01-300x300.jpg 300w, https:\/\/www.kaffeeform.com\/wp-content\/uploads\/2025\/05\/Weducer_Cup_Logo_01-1024x1024.jpg 1024w, https:\/\/www.kaffeeform.com\/wp-content\/uploads\/2025\/05\/Weducer_Cup_Logo_01-150x150.jpg 150w, https:\/\/www.kaffeeform.com\/wp-content\/uploads\/2025\/05\/Weducer_Cup_Logo_01-768x768.jpg 768w, https:\/\/www.kaffeeform.com\/wp-content\/uploads\/2025\/05\/Weducer_Cup_Logo_01-1536x1536.jpg 1536w, https:\/\/www.kaffeeform.com\/wp-content\/uploads\/2025\/05\/Weducer_Cup_Logo_01-1000x1000.jpg 1000w, https:\/\/www.kaffeeform.com\/wp-content\/uploads\/2025\/05\/Weducer_Cup_Logo_01-1200x1200.jpg 1200w, https:\/\/www.kaffeeform.com\/wp-content\/uploads\/2025\/05\/Weducer_Cup_Logo_01-100x100.jpg 100w\" sizes=\"auto, (max-width: 2000px) 100vw, 2000px\" \/>\t\t\t\t\t\t\n\t\t\t\t\t<\/div>\n\t\t\t\t\t\t\t\t\n<style>\n#image_1606603847 {\n  width: 100%;\n}\n<\/style>\n\t<\/div>\n\t\n\n\n     <\/div>\n\n     <div class=\"loading-spin dark large centered\"><\/div>\n\n\t<\/div>\n\n\n\n\t\t<\/div>\n\t\t\t\t\t<\/div>\n\n\t\n\n\t<div id=\"col-101790012\" class=\"col medium-6 small-12 large-6\"  >\n\t\t\t\t<div class=\"col-inner\" style=\"background-color:rgb(254, 229, 216);\" >\n\t\t\t\n\t\t\t\n\n<h2>Kaffeebecher mit einem Logo bedrucken?<\/h2>\n<div>Nutzt unsere Kaffeebecher to-go als nachhaltiges Werbemittel oder Verkaufsprodukt f\u00fcr eure Kunden, Firmen oder Veranstaltungen.\u00a0Ab nur 100 St\u00fcck ist eine Logo-Personalisierung auf allen Produkten m\u00f6glich.<\/div>\n\t<div id=\"gap-984467563\" class=\"gap-element clearfix\" style=\"display:block; height:auto;\">\n\t\t\n<style>\n#gap-984467563 {\n  padding-top: 30px;\n}\n<\/style>\n\t<\/div>\n\t\n\n<a href=\"https:\/\/www.kaffeeform.com\/de\/branding\/\" class=\"button primary is-outline no-margin\"  >\n\t\t<span>Mehr erfahren<\/span>\n\t<\/a>\n\n\n\n\t\t<\/div>\n\t\t\t\t\n<style>\n#col-101790012 > .col-inner {\n  padding: 30px 20px 30px 20px;\n}\n@media (min-width:550px) {\n  #col-101790012 > .col-inner {\n    padding: 45px 30px 45px 30px;\n  }\n}\n@media (min-width:850px) {\n  #col-101790012 > .col-inner {\n    padding: 60px 40px 60px 40px;\n  }\n}\n<\/style>\n\t<\/div>\n\n\t\n\n\t<div id=\"col-1110375116\" class=\"col medium-6 small-12 large-6\"  >\n\t\t\t\t<div class=\"col-inner\" style=\"background-color:rgb(254, 229, 216);\" >\n\t\t\t\n\t\t\t\n\n\t<div id=\"text-1782039640\" class=\"text\">\n\t\t\n\n<h3><span style=\"color: #000000;\">Die Weducer Cups in Aktion\u00a0<\/span><\/h3>\n<p><span style=\"color: #000000;\">\u00dcberzeuge dich von unseren Kaffeebechern in diesem kurzen Video!<\/span><br \/><span style=\"color: #000000;\">Verf\u00fcgbar in zwei Gr\u00f6\u00dfen ( 250ml \/ 350ml ) jetzt immer im praktischen\u00a0<\/span><br \/><span style=\"color: #000000;\">Set mit zus\u00e4tzlichem vollverschlie\u00dfbarem Deckel.\u00a0<\/span><br \/><br \/><\/p>\n\t\t\n<style>\n#text-1782039640 {\n  color: rgb(216, 49, 49);\n}\n#text-1782039640 > * {\n  color: rgb(216, 49, 49);\n}\n<\/style>\n\t<\/div>\n\t\n\t<div id=\"gap-2089530893\" class=\"gap-element clearfix\" style=\"display:block; height:auto;\">\n\t\t\n<style>\n#gap-2089530893 {\n  padding-top: 30px;\n}\n<\/style>\n\t<\/div>\n\t\n\n\n\t\t<\/div>\n\t\t\t\t\n<style>\n#col-1110375116 > .col-inner {\n  padding: 30px 20px 30px 20px;\n}\n@media (min-width:550px) {\n  #col-1110375116 > .col-inner {\n    padding: 45px 30px 45px 30px;\n  }\n}\n@media (min-width:850px) {\n  #col-1110375116 > .col-inner {\n    padding: 60px 40px 60px 40px;\n  }\n}\n<\/style>\n\t<\/div>\n\n\t\n\n\t<div id=\"col-1220341705\" class=\"col medium-6 small-12 large-6\"  >\n\t\t\t\t<div class=\"col-inner\" style=\"background-color:rgb(254, 229, 216);\" >\n\t\t\t\n\t\t\t\n\n<div class=\"video video-fit mb hide-for-medium\" style=\"padding-top:56.25%;\"><iframe loading=\"lazy\" title=\"Weducer Cup 250ml\" src=\"https:\/\/player.vimeo.com\/video\/886427481?dnt=1&amp;app_id=122963\" width=\"1020\" height=\"574\" frameborder=\"0\" allow=\"autoplay; fullscreen; picture-in-picture; clipboard-write\"><\/iframe><\/div>\n\n\t<div id=\"gap-629265648\" class=\"gap-element clearfix\" style=\"display:block; height:auto;\">\n\t\t\n<style>\n#gap-629265648 {\n  padding-top: 30px;\n}\n<\/style>\n\t<\/div>\n\t\n\n\t\t<div class=\"hidden\">\n\t\t\t\t\n\n<html>\n<head><\/head> ==$0\n<body> google-site-verification: google9afb370742ef35b2.html<\/body> \n<\/html>\n\t\t<\/div>\n\t\n\n\t\t<\/div>\n\t\t\t\t\n<style>\n#col-1220341705 > .col-inner {\n  padding: 30px 20px 30px 20px;\n}\n@media (min-width:550px) {\n  #col-1220341705 > .col-inner {\n    padding: 45px 30px 45px 30px;\n  }\n}\n@media (min-width:850px) {\n  #col-1220341705 > .col-inner {\n    padding: 60px 40px 60px 40px;\n  }\n}\n<\/style>\n\t<\/div>\n\n\t\n\n<\/div>\n\n\t\t<\/div>\n\n\t\t\n<style>\n#section_2097473130 {\n  padding-top: 0px;\n  padding-bottom: 0px;\n}\n<\/style>\n\t<\/section>\n\t\n\n\t<section class=\"section\" id=\"section_1241796378\">\n\t\t<div class=\"section-bg fill\" >\n\t\t\t\t\t\t\t\t\t\n\t\t\t\n\n\t\t<\/div>\n\n\t\t\n\n\t\t<div class=\"section-content relative\">\n\t\t\t\n\n<div class=\"row row-collapse align-center\"  id=\"row-675180885\">\n\n\n\t<div id=\"col-2010624157\" class=\"col newsletter-form-home medium-12 small-12 large-9\"  >\n\t\t\t\t<div class=\"col-inner text-center\"  >\n\t\t\t\n\t\t\t\n\n<p class=\"h7\" style=\"text-align: center\"><span style=\"font-weight: 400\">Melde dich f\u00fcr unseren Newsletter an, um Neuigkeiten aus dem Kaffeeform Universum zu erhalten.<\/span><\/p>\n\n\t\t<\/div>\n\t\t\t\t\n<style>\n#col-2010624157 > .col-inner {\n  padding: 0px 20px 0px 20px;\n}\n<\/style>\n\t<\/div>\n\n\t\n\n\t<div id=\"col-950800601\" class=\"col newsletter-form-home medium-8 small-12 large-6\"  >\n\t\t\t\t<div class=\"col-inner text-center\"  >\n\t\t\t\n\t\t\t\n\n<div class=\"wpforms-container \" id=\"wpforms-138715\"><form id=\"wpforms-form-138715\" class=\"wpforms-validate wpforms-form\" data-formid=\"138715\" method=\"post\" enctype=\"multipart\/form-data\" action=\"\/de\/wp-json\/wp\/v2\/pages\/7\" data-token=\"96f4ad34b2dd16f4f71bd4edd6b842a4\"><noscript class=\"wpforms-error-noscript\">Bitte aktiviere JavaScript in deinem Browser, um dieses Formular fertigzustellen.<\/noscript><div class=\"wpforms-field-container\"><div id=\"wpforms-138715-field_1-container\" class=\"wpforms-field wpforms-field-name wpforms-one-half wpforms-first\" data-field-id=\"1\"><label class=\"wpforms-field-label\" for=\"wpforms-138715-field_1\">Name <span class=\"wpforms-required-label\">*<\/span><\/label><input type=\"text\" id=\"wpforms-138715-field_1\" class=\"wpforms-field-large wpforms-field-required\" name=\"wpforms[fields][1]\" required><\/div><div id=\"wpforms-138715-field_3-container\" class=\"wpforms-field wpforms-field-email wpforms-one-half\" data-field-id=\"3\"><label class=\"wpforms-field-label\" for=\"wpforms-138715-field_3\">E-Mail <span class=\"wpforms-required-label\">*<\/span><\/label><input type=\"email\" id=\"wpforms-138715-field_3\" class=\"wpforms-field-large wpforms-field-required\" name=\"wpforms[fields][3]\" required><\/div><div id=\"wpforms-138715-field_4-container\" class=\"wpforms-field wpforms-field-select wpforms-one-half wpforms-first wpforms-field-select-style-classic\" data-field-id=\"4\"><label class=\"wpforms-field-label\" for=\"wpforms-138715-field_4\">Sprache<\/label><select id=\"wpforms-138715-field_4\" class=\"wpforms-field-large\" name=\"wpforms[fields][4]\"><option value=\"\" class=\"placeholder\" disabled  selected='selected'> <\/option><option value=\"Deutsch\" >Deutsch<\/option><option value=\"English\" >English<\/option><\/select><\/div><div id=\"wpforms-138715-field_5-container\" class=\"wpforms-field wpforms-field-select wpforms-one-half wpforms-field-select-style-classic\" data-field-id=\"5\"><label class=\"wpforms-field-label\" for=\"wpforms-138715-field_5\">Ich bin...<\/label><select id=\"wpforms-138715-field_5\" class=\"wpforms-field-large\" name=\"wpforms[fields][5]\"><option value=\"\" class=\"placeholder\" disabled  selected='selected'> <\/option><option value=\"Privatkunde\" >Privatkunde<\/option><option value=\"Gesch\u00e4ftskunde\" >Gesch\u00e4ftskunde<\/option><option value=\"Presse\" >Presse<\/option><\/select><\/div><\/div><div class=\"wpforms-submit-container\"><input type=\"hidden\" name=\"wpforms[id]\" value=\"138715\"><input type=\"hidden\" name=\"wpforms[author]\" value=\"1\"><button type=\"submit\" name=\"wpforms[submit]\" id=\"wpforms-submit-138715\" class=\"wpforms-submit button primary no-margin\" data-alt-text=\"Senden...\" data-submit-text=\"Anmelden\" aria-live=\"assertive\" value=\"wpforms-submit\">Anmelden<\/button><\/div><\/form><\/div>  <!-- .wpforms-container -->\n\n\t\t<\/div>\n\t\t\t\t\n<style>\n#col-950800601 > .col-inner {\n  padding: 0px 20px 0px 20px;\n  margin: 0px 0px -30px 0px;\n}\n<\/style>\n\t<\/div>\n\n\t\n\n<\/div>\n\n\t\t<\/div>\n\n\t\t\n<style>\n#section_1241796378 {\n  padding-top: 60px;\n  padding-bottom: 60px;\n  background-color: rgb(255, 208, 182);\n}\n@media (min-width:550px) {\n  #section_1241796378 {\n    padding-top: 120px;\n    padding-bottom: 120px;\n  }\n}\n<\/style>\n\t<\/section>\n\t\n\n","protected":false},"excerpt":{"rendered":"","protected":false},"author":1,"featured_media":146147,"parent":0,"menu_order":0,"comment_status":"closed","ping_status":"closed","template":"page-blank.php","meta":{"_acf_changed":false,"footnotes":""},"class_list":["post-7","page","type-page","status-publish","has-post-thumbnail","hentry"],"acf":[],"_links":{"self":[{"href":"https:\/\/www.kaffeeform.com\/de\/wp-json\/wp\/v2\/pages\/7","targetHints":{"allow":["GET"]}}],"collection":[{"href":"https:\/\/www.kaffeeform.com\/de\/wp-json\/wp\/v2\/pages"}],"about":[{"href":"https:\/\/www.kaffeeform.com\/de\/wp-json\/wp\/v2\/types\/page"}],"author":[{"embeddable":true,"href":"https:\/\/www.kaffeeform.com\/de\/wp-json\/wp\/v2\/users\/1"}],"replies":[{"embeddable":true,"href":"https:\/\/www.kaffeeform.com\/de\/wp-json\/wp\/v2\/comments?post=7"}],"version-history":[{"count":178,"href":"https:\/\/www.kaffeeform.com\/de\/wp-json\/wp\/v2\/pages\/7\/revisions"}],"predecessor-version":[{"id":178594,"href":"https:\/\/www.kaffeeform.com\/de\/wp-json\/wp\/v2\/pages\/7\/revisions\/178594"}],"wp:featuredmedia":[{"embeddable":true,"href":"https:\/\/www.kaffeeform.com\/de\/wp-json\/wp\/v2\/media\/146147"}],"wp:attachment":[{"href":"https:\/\/www.kaffeeform.com\/de\/wp-json\/wp\/v2\/media?parent=7"}],"curies":[{"name":"wp","href":"https:\/\/api.w.org\/{rel}","templated":true}]}}