{"id":79974,"date":"2020-03-17T18:58:49","date_gmt":"2020-03-17T17:58:49","guid":{"rendered":"https:\/\/www.kaffeeform.com\/?page_id=79974"},"modified":"2022-09-30T10:37:52","modified_gmt":"2022-09-30T08:37:52","slug":"digital-sales-kit","status":"publish","type":"page","link":"https:\/\/www.kaffeeform.com\/de\/digital-sales-kit\/","title":{"rendered":"Bildmaterial"},"content":{"rendered":"\n\n\t<section class=\"section\" id=\"section_535742781\">\n\t\t<div class=\"section-bg fill\" >\n\t\t\t\t\t\t\t\t\t\n\t\t\t\n\n\t\t<\/div>\n\n\t\t\n\n\t\t<div class=\"section-content relative\">\n\t\t\t\n\n\n  <div class=\"banner has-hover header-banner\" id=\"banner-1685308778\">\n          <div class=\"banner-inner fill\">\n        <div class=\"banner-bg fill\" >\n            <img loading=\"lazy\" decoding=\"async\" width=\"2000\" height=\"1000\" src=\"https:\/\/www.kaffeeform.com\/wp-content\/uploads\/2022\/01\/Kaffeeform_Box2.jpg\" class=\"bg attachment-original size-original\" alt=\"\" \/>                                    \n                    <\/div>\n\t\t\n        <div class=\"banner-layers container\">\n            <div class=\"fill banner-link\"><\/div>            \n\n   <div id=\"text-box-777374405\" class=\"text-box banner-layer x50 md-x50 lg-x50 y50 md-y50 lg-y50 res-text\">\n                                <div class=\"text-box-content text dark\">\n              \n              <div class=\"text-inner text-center\">\n                  \n\n<h1>Bildmaterial<\/h1>\n\n              <\/div>\n           <\/div>\n                            \n<style>\n#text-box-777374405 .text-inner {\n  padding: 15px 15px 30px 15px;\n}\n#text-box-777374405 {\n  width: 100%;\n}\n#text-box-777374405 .text-box-content {\n  font-size: 100%;\n}\n@media (min-width:550px) {\n  #text-box-777374405 .text-inner {\n    padding: 0px 0px 30px 0;\n  }\n  #text-box-777374405 {\n    width: 53%;\n  }\n}\n<\/style>\n    <\/div>\n \n\n        <\/div>\n      <\/div>\n\n            \n<style>\n#banner-1685308778 {\n  padding-top: 125%;\n}\n#banner-1685308778 .banner-bg img {\n  object-position: 59% 0%;\n}\n@media (min-width:550px) {\n  #banner-1685308778 {\n    padding-top: 500px;\n  }\n}\n<\/style>\n  <\/div>\n\n\n\n\t\t<\/div>\n\n\t\t\n<style>\n#section_535742781 {\n  padding-top: 0px;\n  padding-bottom: 0px;\n}\n<\/style>\n\t<\/section>\n\t\n\n\t<section class=\"section\" id=\"section_1537708668\">\n\t\t<div class=\"section-bg fill\" >\n\t\t\t\t\t\t\t\t\t\n\t\t\t\n\n\t\t<\/div>\n\n\t\t\n\n\t\t<div class=\"section-content relative\">\n\t\t\t\n\n<div class=\"row\"  id=\"row-1391676538\">\n\n\n\t<div id=\"col-186504215\" class=\"col small-12 large-12\"  >\n\t\t\t\t<div class=\"col-inner\"  >\n\t\t\t\n\t\t\t\n\n<div class=\"row align-equal\"  id=\"row-345640289\">\n\n\n\t<div id=\"col-978721426\" class=\"col medium-6 small-12 large-6\"  >\n\t\t\t\t<div class=\"col-inner\" style=\"background-color:rgb(254, 229, 216);\" >\n\t\t\t\n\t\t\t\n\n<h2 style=\"text-align: left;\">Digital sales kit<\/h2>\n\t<div class=\"img has-hover x md-x lg-x y md-y lg-y\" id=\"image_1544354898\">\n\t\t<a class=\"\" href=\"https:\/\/drive.google.com\/drive\/folders\/10tObh26KgJEC5g78C1zGC3LzWqXW-kKn?usp=sharing\" target=\"_blank\" rel=\"noopener\" >\t\t\t\t\t\t<div class=\"img-inner image-cover dark\" style=\"padding-top:50%;\">\n\t\t\t<img loading=\"lazy\" decoding=\"async\" width=\"1020\" height=\"510\" src=\"https:\/\/www.kaffeeform.com\/wp-content\/uploads\/2022\/01\/Kaffeeform_Range2022-1024x512.jpg\" class=\"attachment-large size-large\" alt=\"\" srcset=\"https:\/\/www.kaffeeform.com\/wp-content\/uploads\/2022\/01\/Kaffeeform_Range2022-1024x512.jpg 1024w, https:\/\/www.kaffeeform.com\/wp-content\/uploads\/2022\/01\/Kaffeeform_Range2022-300x150.jpg 300w, https:\/\/www.kaffeeform.com\/wp-content\/uploads\/2022\/01\/Kaffeeform_Range2022-768x384.jpg 768w, https:\/\/www.kaffeeform.com\/wp-content\/uploads\/2022\/01\/Kaffeeform_Range2022-1536x768.jpg 1536w, https:\/\/www.kaffeeform.com\/wp-content\/uploads\/2022\/01\/Kaffeeform_Range2022-1200x600.jpg 1200w, https:\/\/www.kaffeeform.com\/wp-content\/uploads\/2022\/01\/Kaffeeform_Range2022-120x60.jpg 120w, https:\/\/www.kaffeeform.com\/wp-content\/uploads\/2022\/01\/Kaffeeform_Range2022-180x90.jpg 180w, https:\/\/www.kaffeeform.com\/wp-content\/uploads\/2022\/01\/Kaffeeform_Range2022-100x50.jpg 100w, https:\/\/www.kaffeeform.com\/wp-content\/uploads\/2022\/01\/Kaffeeform_Range2022.jpg 2000w\" sizes=\"auto, (max-width: 1020px) 100vw, 1020px\" \/>\t\t\t\t\t\t\n\t\t\t\t\t<\/div>\n\t\t\t\t\t\t<\/a>\t\t\n<style>\n#image_1544354898 {\n  width: 100%;\n}\n<\/style>\n\t<\/div>\n\t\n\n<p><span style=\"font-size: 100%;\">Hochaufl\u00f6sende Produktbilder und Freisteller, detaillierte Produktbeschreibungen und -bezeichnungen, weiterf\u00fchrende Informationen zu unserem Material und zu Kaffeeform.<\/span><\/p>\n<a href=\"https:\/\/drive.google.com\/drive\/folders\/1UXzDji3TyBVM2msL3I5k12-JwHOn19gv\" class=\"button primary\"  >\n\t\t<span>Bildmaterial<\/span>\n\t<\/a>\n\n\n\t<div id=\"gap-2789089\" class=\"gap-element clearfix\" style=\"display:block; height:auto;\">\n\t\t\n<style>\n#gap-2789089 {\n  padding-top: 0px;\n}\n<\/style>\n\t<\/div>\n\t\n\n\n\t\t<\/div>\n\t\t\t\t\n<style>\n#col-978721426 > .col-inner {\n  padding: 30px 30px 0 30px;\n}\n<\/style>\n\t<\/div>\n\n\t\n\n\t<div id=\"col-996990951\" class=\"col medium-6 small-12 large-6\"  >\n\t\t\t\t<div class=\"col-inner\" style=\"background-color:rgb(254, 229, 216);\" >\n\t\t\t\n\t\t\t\n\n<h2>Konditionen<\/h2>\n<ul>\n<li>Ein Weiterverkauf ist ausschlie\u00dflich an Privatkunden m\u00f6glich<\/li>\n<li>Unsere Produkte d\u00fcrfen ausschlie\u00dflich \u00fcber deine Online Plattform und in deinem station\u00e4ren Handel verkauft werden. Ein Weiterverkauf und Handel \u00fcber externe Plattformen (wie z.B. Amazon, eBay) ist ausdr\u00fccklich untersagt<\/li>\n<li>Bitte orientiert euch f\u00fcr eine faire Preisgestaltung an unseren UVPs<\/li>\n<li>Die Marke Kaffeeform muss in allen Kommunikationsma\u00dfnahmen, Produktnamen und -beschreibungen klar genannt werden<\/li>\n<li>Wir stellen hochwertige Bilder, Produktbeschreibungen und Informationstexte zur freien Verwendung zur Verf\u00fcgung. Eigene Bilder und Texte k\u00f6nnen gerne erstellt werden. Wir behalten uns jedoch vor, fehlerhafte Angaben und Informationen zu korrigieren<\/li>\n<li>Bei Nichteinhaltung unser Richtlinien behalten wir uns vor, die Zusammenarbeit zu beenden<\/li>\n<\/ul>\n<p><strong>Alles klar? Super. Dann geht es hier direkt zum <\/strong><\/p>\n<a href=\"https:\/\/www.kaffeeform.com\/de\/b2b\/bestellformular\/\" class=\"button primary\"  >\n\t\t<span>Bestellformular<\/span>\n\t<\/a>\n\n\n\t<div id=\"gap-1296653770\" class=\"gap-element clearfix\" style=\"display:block; height:auto;\">\n\t\t\n<style>\n#gap-1296653770 {\n  padding-top: 0px;\n}\n<\/style>\n\t<\/div>\n\t\n\n\n\t\t<\/div>\n\t\t\t\t\n<style>\n#col-996990951 > .col-inner {\n  padding: 20px 20px 20px 20px;\n}\n<\/style>\n\t<\/div>\n\n\t\n\n\n\n<style>\n#row-345640289 > .col > .col-inner {\n  border-radius: 12px;\n}\n<\/style>\n<\/div>\n\n\t\t<\/div>\n\t\t\t\t\t<\/div>\n\n\t\n\n<\/div>\n\n\t\t<\/div>\n\n\t\t\n<style>\n#section_1537708668 {\n  padding-top: 60px;\n  padding-bottom: 60px;\n  background-color: rgb(255, 208, 182);\n}\n<\/style>\n\t<\/section>\n\t\n\n","protected":false},"excerpt":{"rendered":"","protected":false},"author":5,"featured_media":1301,"parent":0,"menu_order":0,"comment_status":"closed","ping_status":"closed","template":"page-blank.php","meta":{"_acf_changed":false,"footnotes":""},"class_list":["post-79974","page","type-page","status-publish","has-post-thumbnail","hentry"],"acf":[],"_links":{"self":[{"href":"https:\/\/www.kaffeeform.com\/de\/wp-json\/wp\/v2\/pages\/79974","targetHints":{"allow":["GET"]}}],"collection":[{"href":"https:\/\/www.kaffeeform.com\/de\/wp-json\/wp\/v2\/pages"}],"about":[{"href":"https:\/\/www.kaffeeform.com\/de\/wp-json\/wp\/v2\/types\/page"}],"author":[{"embeddable":true,"href":"https:\/\/www.kaffeeform.com\/de\/wp-json\/wp\/v2\/users\/5"}],"replies":[{"embeddable":true,"href":"https:\/\/www.kaffeeform.com\/de\/wp-json\/wp\/v2\/comments?post=79974"}],"version-history":[{"count":24,"href":"https:\/\/www.kaffeeform.com\/de\/wp-json\/wp\/v2\/pages\/79974\/revisions"}],"predecessor-version":[{"id":148839,"href":"https:\/\/www.kaffeeform.com\/de\/wp-json\/wp\/v2\/pages\/79974\/revisions\/148839"}],"wp:featuredmedia":[{"embeddable":true,"href":"https:\/\/www.kaffeeform.com\/de\/wp-json\/wp\/v2\/media\/1301"}],"wp:attachment":[{"href":"https:\/\/www.kaffeeform.com\/de\/wp-json\/wp\/v2\/media?parent=79974"}],"curies":[{"name":"wp","href":"https:\/\/api.w.org\/{rel}","templated":true}]}}