{"id":99,"date":"2019-06-11T09:04:29","date_gmt":"2019-06-11T09:04:29","guid":{"rendered":"https:\/\/www.kaffeeform.com\/widerrufsbelehrung\/"},"modified":"2021-10-22T02:53:10","modified_gmt":"2021-10-22T00:53:10","slug":"widerrufsbelehrung","status":"publish","type":"page","link":"https:\/\/www.kaffeeform.com\/de\/widerrufsbelehrung\/","title":{"rendered":"Widerrufsbelehrung"},"content":{"rendered":"\n\n\t<section class=\"section\" id=\"section_1144738312\">\n\t\t<div class=\"section-bg fill\" >\n\t\t\t\t\t\t\t\t\t\n\t\t\t\n\n\t\t<\/div>\n\n\t\t\n\n\t\t<div class=\"section-content relative\">\n\t\t\t\n\n<div class=\"row row-collapse\"  id=\"row-1274469526\">\n\n\n\t<div id=\"col-908647247\" class=\"col hide-for-b2b small-12 large-12\"  >\n\t\t\t\t<div class=\"col-inner\"  >\n\t\t\t\n\t\t\t\n\n<h1>Widerruf<\/h1>\n<h2>Widerrufsbelehrung<\/h2>\n<p>Verbraucher haben ein vierzehnt\u00e4giges Widerrufsrecht.<\/p>\n<h2>Widerrufsrecht<\/h2>\n<p>Sie haben das Recht, binnen vierzehn Tagen ohne Angabe von Gr\u00fcnden diesen Vertrag zu widerrufen. Die Widerrufsfrist betr\u00e4gt vierzehn Tage ab dem Tag an dem Sie oder ein von Ihnen benannter Dritter, der nicht der Bef\u00f6rderer ist, die letzte Teilsendung oder das letzte St\u00fcck in Besitz genommen haben bzw. hat.<\/p>\n<p>Um Ihr Widerrufsrecht auszu\u00fcben, m\u00fcssen Sie uns (Kaffeeform GmbH, Choriner Str. 56, 10435 Berlin , Deutschland , service@kaffeeform.com) mittels einer eindeutigen Erkl\u00e4rung (z. B. ein mit der Post versandter Brief oder E-Mail) \u00fcber Ihren Entschluss, diesen Vertrag zu widerrufen, informieren. Sie k\u00f6nnen daf\u00fcr das beigef\u00fcgte Muster-Widerrufsformular verwenden, das jedoch nicht vorgeschrieben ist.<\/p>\n<p>Zur Wahrung der Widerrufsfrist reicht es aus, dass Sie die Mitteilung \u00fcber die Aus\u00fcbung des Widerrufsrechts vor Ablauf der Widerrufsfrist absenden.<\/p>\n<h2>Folgen des Widerrufs<\/h2>\n<p>Wenn Sie diesen Vertrag widerrufen, haben wir Ihnen alle Zahlungen, die wir von Ihnen erhalten haben, einschlie\u00dflich der Lieferkosten (mit Ausnahme der zus\u00e4tzlichen Kosten, die sich daraus ergeben, dass Sie eine andere Art der Lieferung als die von uns angebotene, g\u00fcnstigste Standardlieferung gew\u00e4hlt haben), unverz\u00fcglich und sp\u00e4testens binnen vierzehn Tagen ab dem Tag zur\u00fcckzuzahlen, an dem die Mitteilung \u00fcber Ihren Widerruf dieses Vertrags bei uns eingegangen ist. F\u00fcr diese R\u00fcckzahlung verwenden wir dasselbe Zahlungsmittel, das Sie bei der urspr\u00fcnglichen Transaktion eingesetzt haben, es sei denn, mit Ihnen wurde ausdr\u00fccklich etwas anderes vereinbart; in keinem Fall werden Ihnen wegen dieser R\u00fcckzahlung Entgelte berechnet. Wir k\u00f6nnen die R\u00fcckzahlung verweigern, bis wir die Waren wieder zur\u00fcckerhalten haben oder bis Sie den Nachweis erbracht haben, dass Sie die Waren zur\u00fcckgesandt haben, je nachdem, welches der fr\u00fchere Zeitpunkt ist.<\/p>\n<p>Sie haben die Waren unverz\u00fcglich und in jedem Fall sp\u00e4testens binnen vierzehn Tagen ab dem Tag, an dem Sie uns \u00fcber den Widerruf dieses Vertrags unterrichten, an uns oder an Kaffeeform c\/o Mosaik (Paul-Lincke-Ufer 41, 10999 Berlin, Deutschland) zur\u00fcckzusenden oder zu \u00fcbergeben. Die Frist ist gewahrt, wenn Sie die Waren vor Ablauf der Frist von vierzehn Tagen absenden. Sie tragen die unmittelbaren Kosten der R\u00fccksendung der Waren. Sie m\u00fcssen f\u00fcr einen etwaigen Wertverlust der Waren nur aufkommen, wenn dieser Wertverlust auf einen zur Pr\u00fcfung der Beschaffenheit, Eigenschaften und Funktionsweise der Waren nicht notwendigen Umgang mit ihnen zur\u00fcckzuf\u00fchren ist.<\/p>\n<h2>Muster-Widerrufsformular<\/h2>\n<p>Wenn Sie den Vertrag widerrufen wollen, dann f\u00fcllen Sie bitte dieses Formular aus und senden Sie es zur\u00fcck.<\/p>\n<div style=\"padding: 15px 15px 0; border: 1px solid #353535;\">\n<ul class=\"no-dash\">\n<li>An Kaffeeform GmbH, Choriner Str. 56, 10435 Berlin , Deutschland , <a href=\"mailto:service@kaffeeform.com\">service@kaffeeform.com<\/a><\/li>\n<li>Hiermit widerrufe(n) ich\/wir (*) den von mir\/uns (*) abgeschlossenen Vertrag \u00fcber den Kauf der folgenden<br>Waren (*)\/die Erbringung der folgenden Dienstleistung (*)<\/li>\n<li>Bestellt am (*)\/erhalten am (*)<\/li>\n<li>Name des\/der Verbraucher(s)<\/li>\n<li>Anschrift des\/der Verbraucher(s)<\/li>\n<li>Unterschrift des\/der Verbraucher(s) (nur bei Mitteilung auf Papier)<\/li>\n<li>Datum<\/li>\n<\/ul>\n<\/div>\n<p>(*) Unzutreffendes streichen.<\/p>\n<h2>Abweichende R\u00fccksendekostenregelung f\u00fcr Deutschland<\/h2>\n<p>Wir tragen die unmittelbaren Kosten der R\u00fccksendung der Ware, wenn die R\u00fccksendung innerhalb Deutschlands erfolgt.<\/p>\n<p class=\"no-margin\"><i>Widerrufsbelehrung erstellt in Kooperation mit Wilde Beuger Solmecke Rechtsanw\u00e4lte.<\/i><\/p>\n\n\t\t<\/div>\n\t\t\t\t\n<style>\n#col-908647247 > .col-inner {\n  padding: 80px 20px 30px 20px;\n}\n@media (min-width:550px) {\n  #col-908647247 > .col-inner {\n    padding: 95px 30px 45px 30px;\n  }\n}\n@media (min-width:850px) {\n  #col-908647247 > .col-inner {\n    padding: 120px 40px 60px 40px;\n  }\n}\n<\/style>\n\t<\/div>\n\n\t\n\n<\/div>\n\n\t\t<\/div>\n\n\t\t\n<style>\n#section_1144738312 {\n  padding-top: 0px;\n  padding-bottom: 0px;\n  background-color: rgb(255, 208, 182);\n}\n<\/style>\n\t<\/section>\n\t\n","protected":false},"excerpt":{"rendered":"","protected":false},"author":1,"featured_media":1588,"parent":0,"menu_order":0,"comment_status":"closed","ping_status":"closed","template":"page-blank.php","meta":{"_acf_changed":false,"footnotes":""},"class_list":["post-99","page","type-page","status-publish","has-post-thumbnail","hentry"],"acf":[],"_links":{"self":[{"href":"https:\/\/www.kaffeeform.com\/de\/wp-json\/wp\/v2\/pages\/99","targetHints":{"allow":["GET"]}}],"collection":[{"href":"https:\/\/www.kaffeeform.com\/de\/wp-json\/wp\/v2\/pages"}],"about":[{"href":"https:\/\/www.kaffeeform.com\/de\/wp-json\/wp\/v2\/types\/page"}],"author":[{"embeddable":true,"href":"https:\/\/www.kaffeeform.com\/de\/wp-json\/wp\/v2\/users\/1"}],"replies":[{"embeddable":true,"href":"https:\/\/www.kaffeeform.com\/de\/wp-json\/wp\/v2\/comments?post=99"}],"version-history":[{"count":3,"href":"https:\/\/www.kaffeeform.com\/de\/wp-json\/wp\/v2\/pages\/99\/revisions"}],"predecessor-version":[{"id":139479,"href":"https:\/\/www.kaffeeform.com\/de\/wp-json\/wp\/v2\/pages\/99\/revisions\/139479"}],"wp:featuredmedia":[{"embeddable":true,"href":"https:\/\/www.kaffeeform.com\/de\/wp-json\/wp\/v2\/media\/1588"}],"wp:attachment":[{"href":"https:\/\/www.kaffeeform.com\/de\/wp-json\/wp\/v2\/media?parent=99"}],"curies":[{"name":"wp","href":"https:\/\/api.w.org\/{rel}","templated":true}]}}