{"id":139903,"date":"2021-10-23T19:01:26","date_gmt":"2021-10-23T17:01:26","guid":{"rendered":"https:\/\/www.kaffeeform.com\/?post_type=product&#038;p=139903"},"modified":"2026-01-21T16:20:24","modified_gmt":"2026-01-21T15:20:24","slug":"weducer-cup-essential-color-sample","status":"publish","type":"product","link":"https:\/\/www.kaffeeform.com\/de\/shop\/weducer-cup-essential-color-sample\/","title":{"rendered":"Weducer Cup Essential Sample"},"content":{"rendered":"","protected":false},"excerpt":{"rendered":"<p>Die neue Version des beliebten Weducer Cups aus dem neuen Naturmaterial mit recycelten Buchenholzfasern. Erh\u00e4ltlich in drei neuen, sch\u00f6nen Naturfarben. Der perfekte Begleiter f\u00fcr den Genuss unterwegs, jetzt noch versatiler und individueller.<\/p>\n<table>\n<tbody>\n<tr>\n<td>F\u00fcllmenge: 300 ml<\/td>\n<td>Ma\u00dfe: 9 x 13 cm<\/td>\n<td>Gewicht: 130 g<\/td>\n<\/tr>\n<\/tbody>\n<\/table>\n","protected":false},"featured_media":139804,"template":"","meta":{"_acf_changed":false},"product_brand":[],"product_cat":[404],"product_tag":[],"class_list":{"0":"post-139903","1":"product","2":"type-product","3":"status-publish","4":"has-post-thumbnail","6":"product_cat-muster","8":"first","9":"instock","10":"taxable","11":"shipping-taxable","12":"purchasable","13":"product-type-variable"},"group_of_quantity":0,"min_quantity":0,"max_quantity":"","exclude_order_quantity_value_rules":"no","exclude_category_quantity_rules":"no","combine_variations":"no","acf":[],"_links":{"self":[{"href":"https:\/\/www.kaffeeform.com\/de\/wp-json\/wp\/v2\/product\/139903","targetHints":{"allow":["GET"]}}],"collection":[{"href":"https:\/\/www.kaffeeform.com\/de\/wp-json\/wp\/v2\/product"}],"about":[{"href":"https:\/\/www.kaffeeform.com\/de\/wp-json\/wp\/v2\/types\/product"}],"wp:featuredmedia":[{"embeddable":true,"href":"https:\/\/www.kaffeeform.com\/de\/wp-json\/wp\/v2\/media\/139804"}],"wp:attachment":[{"href":"https:\/\/www.kaffeeform.com\/de\/wp-json\/wp\/v2\/media?parent=139903"}],"wp:term":[{"taxonomy":"product_brand","embeddable":true,"href":"https:\/\/www.kaffeeform.com\/de\/wp-json\/wp\/v2\/product_brand?post=139903"},{"taxonomy":"product_cat","embeddable":true,"href":"https:\/\/www.kaffeeform.com\/de\/wp-json\/wp\/v2\/product_cat?post=139903"},{"taxonomy":"product_tag","embeddable":true,"href":"https:\/\/www.kaffeeform.com\/de\/wp-json\/wp\/v2\/product_tag?post=139903"}],"curies":[{"name":"wp","href":"https:\/\/api.w.org\/{rel}","templated":true}]}}