{"id":146744,"date":"2022-04-05T14:23:06","date_gmt":"2022-04-05T12:23:06","guid":{"rendered":"https:\/\/www.kaffeeform.com\/?post_type=product&#038;p=146744"},"modified":"2025-05-08T10:50:18","modified_gmt":"2025-05-08T08:50:18","slug":"coffee-watch","status":"publish","type":"product","link":"https:\/\/www.kaffeeform.com\/de\/shop\/coffee-watch\/","title":{"rendered":"Coffee Watch"},"content":{"rendered":"<p>Die Coffee Watch ist die erste Uhr weltweit mit einem Geh\u00e4use aus unserem innovativen Coffee-Material. Sie verzichtet auf alles \u00dcberfl\u00fcssige und regt dazu an, den eigenen Umgang mit Ressourcen \u2013 und mit der Zeit \u2013 bewusster wahrzunehmen. Das robuste, vegane Armband besteht aus Kunstleder auf Cellulose-Basis.<\/p>\n","protected":false},"excerpt":{"rendered":"<p><em><span style=\"font-weight: 400;\">Unsere Best\u00e4nde der Coffee Watch sind leider vergriffen.<br \/>\nSobald wir wieder neue Ware vorr\u00e4tig haben, versenden wir eine Info \u00fcber unseren Newsletter.<\/span><\/em><\/p>\n<p>Die Coffee Watch ist die erste Uhr weltweit mit einem Geh\u00e4use aus unserem innovativen Coffee-Material. Sie verzichtet auf alles \u00dcberfl\u00fcssige und regt dazu an, den eigenen Umgang mit Ressourcen \u2013 und mit der Zeit \u2013 bewusster wahrzunehmen. Das robuste Armband gibt es aus Kunstleder auf Cellulose-Basis oder in einer Version aus Metall &#8222;Dark Mesh&#8220;.<\/p>\n<table>\n<tbody>\n<tr>\n<td>Geh\u00e4use \u00d8: 42,5 mm<\/td>\n<td>Geh\u00e4use H\u00f6he: 9 mm<\/td>\n<td>Armbandbreite: 20 mm<\/td>\n<\/tr>\n<\/tbody>\n<\/table>\n","protected":false},"featured_media":159798,"template":"","meta":{"_acf_changed":false},"product_brand":[],"product_cat":[433],"product_tag":[],"class_list":{"0":"post-146744","1":"product","2":"type-product","3":"status-publish","4":"has-post-thumbnail","6":"pinterest_tags-uhr","7":"pinterest_tags-watch","8":"product_cat-uhren","10":"first","11":"instock","12":"taxable","13":"shipping-taxable","14":"product-type-variable","15":"has-default-attributes"},"group_of_quantity":0,"min_quantity":0,"max_quantity":"","exclude_order_quantity_value_rules":"no","exclude_category_quantity_rules":"no","combine_variations":"no","acf":[],"_links":{"self":[{"href":"https:\/\/www.kaffeeform.com\/de\/wp-json\/wp\/v2\/product\/146744","targetHints":{"allow":["GET"]}}],"collection":[{"href":"https:\/\/www.kaffeeform.com\/de\/wp-json\/wp\/v2\/product"}],"about":[{"href":"https:\/\/www.kaffeeform.com\/de\/wp-json\/wp\/v2\/types\/product"}],"wp:featuredmedia":[{"embeddable":true,"href":"https:\/\/www.kaffeeform.com\/de\/wp-json\/wp\/v2\/media\/159798"}],"wp:attachment":[{"href":"https:\/\/www.kaffeeform.com\/de\/wp-json\/wp\/v2\/media?parent=146744"}],"wp:term":[{"taxonomy":"product_brand","embeddable":true,"href":"https:\/\/www.kaffeeform.com\/de\/wp-json\/wp\/v2\/product_brand?post=146744"},{"taxonomy":"product_cat","embeddable":true,"href":"https:\/\/www.kaffeeform.com\/de\/wp-json\/wp\/v2\/product_cat?post=146744"},{"taxonomy":"product_tag","embeddable":true,"href":"https:\/\/www.kaffeeform.com\/de\/wp-json\/wp\/v2\/product_tag?post=146744"}],"curies":[{"name":"wp","href":"https:\/\/api.w.org\/{rel}","templated":true}]}}