{"id":138082,"date":"2021-06-16T16:55:09","date_gmt":"2021-06-16T14:55:09","guid":{"rendered":"https:\/\/www.kaffeeform.com\/?page_id=138082"},"modified":"2021-06-29T15:36:24","modified_gmt":"2021-06-29T13:36:24","slug":"home-kopie","status":"publish","type":"page","link":"https:\/\/www.kaffeeform.com\/en\/home-kopie\/","title":{"rendered":"Home \u00dcbergang (DE)"},"content":{"rendered":"\n<div class=\"slider-wrapper relative\" id=\"slider-1252768219\" >\n    <div class=\"slider slider-nav-dots-simple slider-nav-simple slider-nav-large slider-nav-light slider-style-normal slider-show-nav\"\n        data-flickity-options='{\n            \"cellAlign\": \"center\",\n            \"imagesLoaded\": true,\n            \"lazyLoad\": 1,\n            \"freeScroll\": false,\n            \"wrapAround\": true,\n            \"autoPlay\": 6000,\n            \"pauseAutoPlayOnHover\" : true,\n            \"prevNextButtons\": true,\n            \"contain\" : true,\n            \"adaptiveHeight\" : true,\n            \"dragThreshold\" : 10,\n            \"percentPosition\": true,\n            \"pageDots\": false,\n            \"rightToLeft\": false,\n            \"draggable\": true,\n            \"selectedAttraction\": 0.1,\n            \"parallax\" : 0,\n            \"friction\": 0.6        }'\n        >\n        \n\n\n  <div class=\"banner has-hover\" id=\"banner-489770470\">\n          <div class=\"banner-inner fill\">\n        <div class=\"banner-bg fill\" >\n            <img loading=\"lazy\" decoding=\"async\" width=\"1020\" height=\"574\" src=\"https:\/\/www.kaffeeform.com\/wp-content\/uploads\/2021\/06\/Header_Motiv_07-1024x576.jpg\" class=\"bg attachment-large size-large\" alt=\"\" \/>                        <div class=\"overlay\"><\/div>            \n                    <\/div>\n\t\t\n        <div class=\"banner-layers container\">\n            <div class=\"fill banner-link\"><\/div>            \n\n   <div id=\"text-box-702384271\" class=\"text-box banner-layer x90 md-x100 lg-x95 y50 md-y50 lg-y30 res-text\">\n                                <div class=\"text-box-content text dark\">\n              \n              <div class=\"text-inner text-left\">\n                  \n\n\t<div id=\"gap-348142458\" class=\"gap-element clearfix\" style=\"display:block; height:auto;\">\n\t\t\n<style>\n#gap-348142458 {\n  padding-top: 15px;\n}\n<\/style>\n\t<\/div>\n\t\n\n\n              <\/div>\n           <\/div>\n                            \n<style>\n#text-box-702384271 .text-inner {\n  padding: 15px 15px 15px 15px;\n}\n#text-box-702384271 {\n  width: 80%;\n}\n#text-box-702384271 .text-box-content {\n  font-size: 120%;\n}\n@media (min-width:550px) {\n  #text-box-702384271 {\n    width: 45%;\n  }\n  #text-box-702384271 .text-box-content {\n    font-size: 100%;\n  }\n}\n@media (min-width:850px) {\n  #text-box-702384271 {\n    width: 45%;\n  }\n}\n<\/style>\n    <\/div>\n \n\n        <\/div>\n      <\/div>\n\n            \n<style>\n#banner-489770470 {\n  padding-top: 99.99%;\n  background-color: rgb(255,255,255);\n}\n#banner-489770470 .overlay {\n  background-color: rgba(0, 0, 0, 0.314);\n}\n#banner-489770470 .banner-bg img {\n  object-position: 37% 15%;\n}\n@media (min-width:550px) {\n  #banner-489770470 {\n    padding-top: 50%;\n  }\n}\n<\/style>\n  <\/div>\n\n\n\n     <\/div>\n\n     <div class=\"loading-spin dark large centered\"><\/div>\n\n\t<\/div>\n\n\n\n\t<section class=\"section\" id=\"section_67277691\">\n\t\t<div class=\"section-bg fill\" >\n\t\t\t\t\t\t\t\t\t\n\t\t\t\n\n\t\t<\/div>\n\n\t\t\n\n\t\t<div class=\"section-content relative\">\n\t\t\t\n\n<div class=\"row\"  id=\"row-2020918842\">\n\n\n\t<div id=\"col-291082921\" class=\"col small-12 large-12\"  >\n\t\t\t\t<div class=\"col-inner\"  >\n\t\t\t\n\t\t\t\n\n<h2 class=\"uppercase\" style=\"text-align: center;\">Der Weg vom recycelten Kaffeesatz zur Tasse. <br>Und dar\u00fcber hinaus, bald.<\/h2>\n\n\t\t<\/div>\n\t\t\t\t\t<\/div>\n\n\t\n\n\t<div id=\"col-1390422317\" class=\"col small-12 large-12\"  >\n\t\t\t\t<div class=\"col-inner\"  >\n\t\t\t\n\t\t\t\n\n<p style=\"text-align: center;\">Mit Kaffeeform denken wir das Mehrweg-Konzept weiter. Wir bringen Abfallprodukte, die in den M\u00fcll gewandert w\u00e4ren, in den Kreislauf zur\u00fcck, werten sie als recycelte Rohstoffe auf und bauen daraus neue, gut gestaltete Alltagsgegenst\u00e4nde, die lange Freude bereiten.<\/p>\n<p>Unsere ikonischen Tassen und der Weducer Cup aus dem innovativen Kaffee-Material erobern seit 5 Jahren L\u00e4nder und Herzen. Nun ist es Zeit, sie gehen zu lassen. Denn Kaffeeform steht f\u00fcr Pionierarbeit: F\u00fcr uns ist es wichtig mit der Zeit zu gehen, Wegen zu entwickeln, neue L\u00f6sungen zu suchen.<\/p>\n<p style=\"text-align: center;\"><strong>Wir wagen ihn, den Blick \u00fcber den Tassenrand. Und werden nun bald ein neues Kapitel er\u00f6ffnen, mit besonderem Fokus auf gut gestaltete Alltagsgegenst\u00e4nde jenseits des K\u00fcchentisches. Es geht bereits Ende Juli mit der neuen Version des beliebten Weducer Cups los.<br><\/strong><\/p>\n\n\t\t<\/div>\n\t\t\t\t\t<\/div>\n\n\t\n\n<\/div>\n\n\t\t<\/div>\n\n\t\t\n<style>\n#section_67277691 {\n  padding-top: 60px;\n  padding-bottom: 60px;\n}\n<\/style>\n\t<\/section>\n\t\n\n\t<section class=\"section\" id=\"section_1455664344\">\n\t\t<div class=\"section-bg fill\" >\n\t\t\t\t\t\t\t\t\t\n\t\t\t\n\n\t\t<\/div>\n\n\t\t\n\n\t\t<div class=\"section-content relative\">\n\t\t\t\n\n<div class=\"row align-center\"  id=\"row-1571406003\">\n\n\n\t<div id=\"col-857598097\" class=\"col newsletter-form-home medium-9 small-12 large-9\"  >\n\t\t\t\t<div class=\"col-inner text-center\"  >\n\t\t\t\n\t\t\t\n\n<h2 class=\"uppercase\" style=\"text-align: center;\">Kaffeeform SPECIAL NEWS<\/h2>\n<p style=\"text-align: center;\">Der beliebte Weducer Cup erfindet sich neu. <br>M\u00f6chtest du benachrichtigt werden, sobald wir den <strong><em>neuen Reusable Cup<\/em><\/strong>&nbsp;launchen? <br>Dann melde dich gerne hier an:<\/p>\n[activecampaign form=23]\n\n\t\t<\/div>\n\t\t\t\t\n<style>\n#col-857598097 > .col-inner {\n  margin: 0px 0px -30px 0px;\n}\n<\/style>\n\t<\/div>\n\n\t\n\n<\/div>\n\n\t\t<\/div>\n\n\t\t\n<style>\n#section_1455664344 {\n  padding-top: 30px;\n  padding-bottom: 30px;\n  background-color: rgb(195, 218, 230);\n}\n<\/style>\n\t<\/section>\n\t\n","protected":false},"excerpt":{"rendered":"","protected":false},"author":2829,"featured_media":454,"parent":0,"menu_order":0,"comment_status":"closed","ping_status":"closed","template":"page-transparent-header-light.php","meta":{"_acf_changed":false,"footnotes":""},"class_list":["post-138082","page","type-page","status-publish","has-post-thumbnail","hentry"],"acf":[],"_links":{"self":[{"href":"https:\/\/www.kaffeeform.com\/en\/wp-json\/wp\/v2\/pages\/138082","targetHints":{"allow":["GET"]}}],"collection":[{"href":"https:\/\/www.kaffeeform.com\/en\/wp-json\/wp\/v2\/pages"}],"about":[{"href":"https:\/\/www.kaffeeform.com\/en\/wp-json\/wp\/v2\/types\/page"}],"author":[{"embeddable":true,"href":"https:\/\/www.kaffeeform.com\/en\/wp-json\/wp\/v2\/users\/2829"}],"replies":[{"embeddable":true,"href":"https:\/\/www.kaffeeform.com\/en\/wp-json\/wp\/v2\/comments?post=138082"}],"version-history":[{"count":27,"href":"https:\/\/www.kaffeeform.com\/en\/wp-json\/wp\/v2\/pages\/138082\/revisions"}],"predecessor-version":[{"id":138301,"href":"https:\/\/www.kaffeeform.com\/en\/wp-json\/wp\/v2\/pages\/138082\/revisions\/138301"}],"wp:featuredmedia":[{"embeddable":true,"href":"https:\/\/www.kaffeeform.com\/en\/wp-json\/wp\/v2\/media\/454"}],"wp:attachment":[{"href":"https:\/\/www.kaffeeform.com\/en\/wp-json\/wp\/v2\/media?parent=138082"}],"curies":[{"name":"wp","href":"https:\/\/api.w.org\/{rel}","templated":true}]}}